{"id":1807,"date":"2026-04-09T07:11:18","date_gmt":"2026-04-09T07:11:18","guid":{"rendered":"https:\/\/www.prisma-world.ch\/?page_id=1807"},"modified":"2026-04-09T07:11:20","modified_gmt":"2026-04-09T07:11:20","slug":"career-transition-services","status":"publish","type":"page","link":"https:\/\/www.prisma-world.ch\/fr\/career-transition-services\/","title":{"rendered":"Career Transition Services"},"content":{"rendered":"\n<p>En tant que soci\u00e9t\u00e9 du\u00a0<strong>Value Builders Group<\/strong>,\u00a0<strong>Prisma World AG<\/strong>\u00a0apporte une\u00a0<strong>longue exp\u00e9rience dans l\u2019accompagnement cibl\u00e9 des cadres<\/strong>\u00a0et des dirigeants qui se trouvent dans une phase de d\u00e9veloppement professionnel ou de r\u00e9orientation. Elle vous propose une gamme compl\u00e8te de services strat\u00e9giques, d\u2019outils ainsi qu\u2019un accompagnement personnalis\u00e9 par le biais de formations et de coaching, afin de vous aider \u00e0 planifier vos prochaines \u00e9tapes de mani\u00e8re efficace, r\u00e9fl\u00e9chie et cibl\u00e9e.<\/p>\n\n\n\n<h3 class=\"wp-block-heading\">Tirez parti de notre r\u00e9seau<\/h3>\n\n\n\n<p>Notre r\u00e9seau au sein du Value Builders Group permet d\u2019\u00e9tablir tr\u00e8s rapidement des contacts avec des partenaires commerciaux potentiels et ouvre des perspectives de carri\u00e8re. Nous proposons des opportunit\u00e9s sur mesure, accompagn\u00e9es d\u2019informations compl\u00e8tes sur le march\u00e9, pour assurer la r\u00e9ussite de votre avenir professionnel. Nous mettons volontiers notre vaste r\u00e9seau \u00e0 votre disposition et vous permettons de nouer activement des contacts.<\/p>\n\n\n\n<h3 class=\"wp-block-heading\">Avec un retour d\u2019exp\u00e9rience sinc\u00e8re<\/h3>\n\n\n\n<p>Gr\u00e2ce \u00e0 notre longue expertise dans le domaine de la s\u00e9lection et du d\u00e9veloppement des cadres dirigeants, nous identifions votre potentiel et vos axes de d\u00e9veloppement possibles. Gr\u00e2ce \u00e0 un retour d\u2019exp\u00e9rience sinc\u00e8re, nous vous pr\u00e9parons de mani\u00e8re optimale \u00e0 un changement professionnel, pour une \u00e9volution de carri\u00e8re en toute confiance.<\/p>\n\n\n\n<p><\/p>\n","protected":false},"excerpt":{"rendered":"<p>En tant que soci\u00e9t\u00e9 du\u00a0Value Builders Group,\u00a0Prisma World AG\u00a0apporte une\u00a0longue exp\u00e9rience dans l\u2019accompagnement cibl\u00e9 des cadres\u00a0et des dirigeants qui se trouvent dans une phase de d\u00e9veloppement professionnel ou de r\u00e9orientation. Elle vous propose une gamme compl\u00e8te de services strat\u00e9giques, d\u2019outils ainsi qu\u2019un accompagnement personnalis\u00e9 par le biais de formations et de coaching, afin de vous [&hellip;]<\/p>\n","protected":false},"author":7,"featured_media":1618,"parent":0,"menu_order":0,"comment_status":"closed","ping_status":"closed","template":"","meta":{"_acf_changed":false,"footnotes":""},"class_list":["post-1807","page","type-page","status-publish","has-post-thumbnail","hentry"],"acf":[],"yoast_head":"<!-- This site is optimized with the Yoast SEO plugin v27.4 - https:\/\/yoast.com\/product\/yoast-seo-wordpress\/ -->\n<title>Career Transition Services - Prisma World<\/title>\n<meta name=\"robots\" content=\"index, follow, max-snippet:-1, max-image-preview:large, max-video-preview:-1\" \/>\n<link rel=\"canonical\" href=\"https:\/\/www.prisma-world.ch\/fr\/career-transition-services\/\" \/>\n<meta property=\"og:locale\" content=\"fr_FR\" \/>\n<meta property=\"og:type\" content=\"article\" \/>\n<meta property=\"og:title\" content=\"Career Transition Services - Prisma World\" \/>\n<meta property=\"og:description\" content=\"En tant que soci\u00e9t\u00e9 du\u00a0Value Builders Group,\u00a0Prisma World AG\u00a0apporte une\u00a0longue exp\u00e9rience dans l\u2019accompagnement cibl\u00e9 des cadres\u00a0et des dirigeants qui se trouvent dans une phase de d\u00e9veloppement professionnel ou de r\u00e9orientation. Elle vous propose une gamme compl\u00e8te de services strat\u00e9giques, d\u2019outils ainsi qu\u2019un accompagnement personnalis\u00e9 par le biais de formations et de coaching, afin de vous [&hellip;]\" \/>\n<meta property=\"og:url\" content=\"https:\/\/www.prisma-world.ch\/fr\/career-transition-services\/\" \/>\n<meta property=\"og:site_name\" content=\"Prisma World\" \/>\n<meta property=\"article:modified_time\" content=\"2026-04-09T07:11:20+00:00\" \/>\n<meta property=\"og:image\" content=\"https:\/\/www.prisma-world.ch\/wp-content\/uploads\/sites\/2\/2025\/09\/PWO_Carrer-Transition-1.jpg\" \/>\n\t<meta property=\"og:image:width\" content=\"1280\" \/>\n\t<meta property=\"og:image:height\" content=\"353\" \/>\n\t<meta property=\"og:image:type\" content=\"image\/jpeg\" \/>\n<meta name=\"twitter:card\" content=\"summary_large_image\" \/>\n<meta name=\"twitter:label1\" content=\"Dur\u00e9e de lecture estim\u00e9e\" \/>\n\t<meta name=\"twitter:data1\" content=\"2 minutes\" \/>\n<script type=\"application\/ld+json\" class=\"yoast-schema-graph\">{\"@context\":\"https:\\\/\\\/schema.org\",\"@graph\":[{\"@type\":\"WebPage\",\"@id\":\"https:\\\/\\\/www.prisma-world.ch\\\/fr\\\/career-transition-services\\\/\",\"url\":\"https:\\\/\\\/www.prisma-world.ch\\\/fr\\\/career-transition-services\\\/\",\"name\":\"Career Transition Services - Prisma World\",\"isPartOf\":{\"@id\":\"https:\\\/\\\/www.prisma-world.ch\\\/fr\\\/#website\"},\"primaryImageOfPage\":{\"@id\":\"https:\\\/\\\/www.prisma-world.ch\\\/fr\\\/career-transition-services\\\/#primaryimage\"},\"image\":{\"@id\":\"https:\\\/\\\/www.prisma-world.ch\\\/fr\\\/career-transition-services\\\/#primaryimage\"},\"thumbnailUrl\":\"https:\\\/\\\/www.prisma-world.ch\\\/wp-content\\\/uploads\\\/sites\\\/2\\\/2025\\\/09\\\/PWO_Carrer-Transition-1.jpg\",\"datePublished\":\"2026-04-09T07:11:18+00:00\",\"dateModified\":\"2026-04-09T07:11:20+00:00\",\"inLanguage\":\"fr-FR\",\"potentialAction\":[{\"@type\":\"ReadAction\",\"target\":[\"https:\\\/\\\/www.prisma-world.ch\\\/fr\\\/career-transition-services\\\/\"]}]},{\"@type\":\"ImageObject\",\"inLanguage\":\"fr-FR\",\"@id\":\"https:\\\/\\\/www.prisma-world.ch\\\/fr\\\/career-transition-services\\\/#primaryimage\",\"url\":\"https:\\\/\\\/www.prisma-world.ch\\\/wp-content\\\/uploads\\\/sites\\\/2\\\/2025\\\/09\\\/PWO_Carrer-Transition-1.jpg\",\"contentUrl\":\"https:\\\/\\\/www.prisma-world.ch\\\/wp-content\\\/uploads\\\/sites\\\/2\\\/2025\\\/09\\\/PWO_Carrer-Transition-1.jpg\",\"width\":1280,\"height\":353},{\"@type\":\"WebSite\",\"@id\":\"https:\\\/\\\/www.prisma-world.ch\\\/fr\\\/#website\",\"url\":\"https:\\\/\\\/www.prisma-world.ch\\\/fr\\\/\",\"name\":\"Prisma World\",\"description\":\"More Success with People\",\"publisher\":{\"@id\":\"https:\\\/\\\/www.prisma-world.ch\\\/fr\\\/#organization\"},\"potentialAction\":[{\"@type\":\"SearchAction\",\"target\":{\"@type\":\"EntryPoint\",\"urlTemplate\":\"https:\\\/\\\/www.prisma-world.ch\\\/fr\\\/?s={search_term_string}\"},\"query-input\":{\"@type\":\"PropertyValueSpecification\",\"valueRequired\":true,\"valueName\":\"search_term_string\"}}],\"inLanguage\":\"fr-FR\"},{\"@type\":\"Organization\",\"@id\":\"https:\\\/\\\/www.prisma-world.ch\\\/fr\\\/#organization\",\"name\":\"Prisma World\",\"url\":\"https:\\\/\\\/www.prisma-world.ch\\\/fr\\\/\",\"logo\":{\"@type\":\"ImageObject\",\"inLanguage\":\"fr-FR\",\"@id\":\"https:\\\/\\\/www.prisma-world.ch\\\/fr\\\/#\\\/schema\\\/logo\\\/image\\\/\",\"url\":\"https:\\\/\\\/www.prisma-world.ch\\\/wp-content\\\/uploads\\\/sites\\\/2\\\/2026\\\/04\\\/PWO_20-Jahre_Kombi_RGB_alpha_DE_ohne-Rand_klein-1.png\",\"contentUrl\":\"https:\\\/\\\/www.prisma-world.ch\\\/wp-content\\\/uploads\\\/sites\\\/2\\\/2026\\\/04\\\/PWO_20-Jahre_Kombi_RGB_alpha_DE_ohne-Rand_klein-1.png\",\"width\":473,\"height\":189,\"caption\":\"Prisma World\"},\"image\":{\"@id\":\"https:\\\/\\\/www.prisma-world.ch\\\/fr\\\/#\\\/schema\\\/logo\\\/image\\\/\"}}]}<\/script>\n<!-- \/ Yoast SEO plugin. -->","yoast_head_json":{"title":"Career Transition Services - Prisma World","robots":{"index":"index","follow":"follow","max-snippet":"max-snippet:-1","max-image-preview":"max-image-preview:large","max-video-preview":"max-video-preview:-1"},"canonical":"https:\/\/www.prisma-world.ch\/fr\/career-transition-services\/","og_locale":"fr_FR","og_type":"article","og_title":"Career Transition Services - Prisma World","og_description":"En tant que soci\u00e9t\u00e9 du\u00a0Value Builders Group,\u00a0Prisma World AG\u00a0apporte une\u00a0longue exp\u00e9rience dans l\u2019accompagnement cibl\u00e9 des cadres\u00a0et des dirigeants qui se trouvent dans une phase de d\u00e9veloppement professionnel ou de r\u00e9orientation. Elle vous propose une gamme compl\u00e8te de services strat\u00e9giques, d\u2019outils ainsi qu\u2019un accompagnement personnalis\u00e9 par le biais de formations et de coaching, afin de vous [&hellip;]","og_url":"https:\/\/www.prisma-world.ch\/fr\/career-transition-services\/","og_site_name":"Prisma World","article_modified_time":"2026-04-09T07:11:20+00:00","og_image":[{"width":1280,"height":353,"url":"https:\/\/www.prisma-world.ch\/wp-content\/uploads\/sites\/2\/2025\/09\/PWO_Carrer-Transition-1.jpg","type":"image\/jpeg"}],"twitter_card":"summary_large_image","twitter_misc":{"Dur\u00e9e de lecture estim\u00e9e":"2 minutes"},"schema":{"@context":"https:\/\/schema.org","@graph":[{"@type":"WebPage","@id":"https:\/\/www.prisma-world.ch\/fr\/career-transition-services\/","url":"https:\/\/www.prisma-world.ch\/fr\/career-transition-services\/","name":"Career Transition Services - Prisma World","isPartOf":{"@id":"https:\/\/www.prisma-world.ch\/fr\/#website"},"primaryImageOfPage":{"@id":"https:\/\/www.prisma-world.ch\/fr\/career-transition-services\/#primaryimage"},"image":{"@id":"https:\/\/www.prisma-world.ch\/fr\/career-transition-services\/#primaryimage"},"thumbnailUrl":"https:\/\/www.prisma-world.ch\/wp-content\/uploads\/sites\/2\/2025\/09\/PWO_Carrer-Transition-1.jpg","datePublished":"2026-04-09T07:11:18+00:00","dateModified":"2026-04-09T07:11:20+00:00","inLanguage":"fr-FR","potentialAction":[{"@type":"ReadAction","target":["https:\/\/www.prisma-world.ch\/fr\/career-transition-services\/"]}]},{"@type":"ImageObject","inLanguage":"fr-FR","@id":"https:\/\/www.prisma-world.ch\/fr\/career-transition-services\/#primaryimage","url":"https:\/\/www.prisma-world.ch\/wp-content\/uploads\/sites\/2\/2025\/09\/PWO_Carrer-Transition-1.jpg","contentUrl":"https:\/\/www.prisma-world.ch\/wp-content\/uploads\/sites\/2\/2025\/09\/PWO_Carrer-Transition-1.jpg","width":1280,"height":353},{"@type":"WebSite","@id":"https:\/\/www.prisma-world.ch\/fr\/#website","url":"https:\/\/www.prisma-world.ch\/fr\/","name":"Prisma World","description":"More Success with People","publisher":{"@id":"https:\/\/www.prisma-world.ch\/fr\/#organization"},"potentialAction":[{"@type":"SearchAction","target":{"@type":"EntryPoint","urlTemplate":"https:\/\/www.prisma-world.ch\/fr\/?s={search_term_string}"},"query-input":{"@type":"PropertyValueSpecification","valueRequired":true,"valueName":"search_term_string"}}],"inLanguage":"fr-FR"},{"@type":"Organization","@id":"https:\/\/www.prisma-world.ch\/fr\/#organization","name":"Prisma World","url":"https:\/\/www.prisma-world.ch\/fr\/","logo":{"@type":"ImageObject","inLanguage":"fr-FR","@id":"https:\/\/www.prisma-world.ch\/fr\/#\/schema\/logo\/image\/","url":"https:\/\/www.prisma-world.ch\/wp-content\/uploads\/sites\/2\/2026\/04\/PWO_20-Jahre_Kombi_RGB_alpha_DE_ohne-Rand_klein-1.png","contentUrl":"https:\/\/www.prisma-world.ch\/wp-content\/uploads\/sites\/2\/2026\/04\/PWO_20-Jahre_Kombi_RGB_alpha_DE_ohne-Rand_klein-1.png","width":473,"height":189,"caption":"Prisma World"},"image":{"@id":"https:\/\/www.prisma-world.ch\/fr\/#\/schema\/logo\/image\/"}}]}},"_links":{"self":[{"href":"https:\/\/www.prisma-world.ch\/fr\/wp-json\/wp\/v2\/pages\/1807","targetHints":{"allow":["GET"]}}],"collection":[{"href":"https:\/\/www.prisma-world.ch\/fr\/wp-json\/wp\/v2\/pages"}],"about":[{"href":"https:\/\/www.prisma-world.ch\/fr\/wp-json\/wp\/v2\/types\/page"}],"author":[{"embeddable":true,"href":"https:\/\/www.prisma-world.ch\/fr\/wp-json\/wp\/v2\/users\/7"}],"replies":[{"embeddable":true,"href":"https:\/\/www.prisma-world.ch\/fr\/wp-json\/wp\/v2\/comments?post=1807"}],"version-history":[{"count":1,"href":"https:\/\/www.prisma-world.ch\/fr\/wp-json\/wp\/v2\/pages\/1807\/revisions"}],"predecessor-version":[{"id":1813,"href":"https:\/\/www.prisma-world.ch\/fr\/wp-json\/wp\/v2\/pages\/1807\/revisions\/1813"}],"wp:featuredmedia":[{"embeddable":true,"href":"https:\/\/www.prisma-world.ch\/fr\/wp-json\/wp\/v2\/media\/1618"}],"wp:attachment":[{"href":"https:\/\/www.prisma-world.ch\/fr\/wp-json\/wp\/v2\/media?parent=1807"}],"curies":[{"name":"wp","href":"https:\/\/api.w.org\/{rel}","templated":true}]}}