{"id":1376,"date":"2024-12-20T10:11:26","date_gmt":"2024-12-20T10:11:26","guid":{"rendered":"https:\/\/prisma-world.ch\/?page_id=1376"},"modified":"2025-01-24T05:33:55","modified_gmt":"2025-01-24T05:33:55","slug":"impressum","status":"publish","type":"page","link":"https:\/\/www.prisma-world.ch\/fr\/impressum\/","title":{"rendered":"Mentions l\u00e9gales\u00a0"},"content":{"rendered":"\n<h3 class=\"wp-block-heading\">D\u00e9charge de responsabilit\u00e9\u00a0\u00a0<\/h3>\n\n\n\n<p>Tous les articles et illustrations publi\u00e9s sur ce site sont prot\u00e9g\u00e9s par le droit d&rsquo;auteur. Toute utilisation non autoris\u00e9e par la loi sur les droits d&rsquo;auteur requiert un accord \u00e9crit pr\u00e9alable. Cela s&rsquo;applique en particulier \u00e0 la reproduction, au traitement, \u00e0 la traduction, \u00e0 l&rsquo;enregistrement, au traitement ou \u00e0 la restitution de contenus dans des bases de donn\u00e9es ou d&rsquo;autres m\u00e9dias et syst\u00e8mes \u00e9lectroniques. Les photocopies et les t\u00e9l\u00e9chargements de pages web ne peuvent \u00eatre r\u00e9alis\u00e9s que pour un usage personnel, priv\u00e9 et non commercial.&nbsp;&nbsp;<\/p>\n\n\n\n<p>Le fournisseur d\u00e9cline toute responsabilit\u00e9 quant \u00e0 l&rsquo;exactitude, l&rsquo;exhaustivit\u00e9 et l&rsquo;actualit\u00e9 des informations fournies. Les articles refl\u00e8tent l&rsquo;opinion de leurs auteurs respectifs.&nbsp;&nbsp;<\/p>\n\n\n\n<h3 class=\"wp-block-heading\">R\u00e9daction&nbsp;<\/h3>\n\n\n\n<p><strong>Prisma World AG<br><\/strong>M\u00fchlebachstrasse 70<br>CH-8008 Z\u00fcrich<\/p>\n\n\n\n<p>Tel. <a href=\"tel:+41 44 350 14 14\">+41 44 350 14 14<\/a><\/p>\n\n\n\n<p>Email: <a href=\"mailto:info@prisma-world.ch\">info@prisma-world.ch<\/a><\/p>\n","protected":false},"excerpt":{"rendered":"<p>D\u00e9charge de responsabilit\u00e9\u00a0\u00a0 Tous les articles et illustrations publi\u00e9s sur ce site sont prot\u00e9g\u00e9s par le droit d&rsquo;auteur. Toute utilisation non autoris\u00e9e par la loi sur les droits d&rsquo;auteur requiert un accord \u00e9crit pr\u00e9alable. Cela s&rsquo;applique en particulier \u00e0 la reproduction, au traitement, \u00e0 la traduction, \u00e0 l&rsquo;enregistrement, au traitement ou \u00e0 la restitution de [&hellip;]<\/p>\n","protected":false},"author":1,"featured_media":0,"parent":0,"menu_order":27,"comment_status":"closed","ping_status":"closed","template":"","meta":{"_acf_changed":false,"footnotes":""},"class_list":["post-1376","page","type-page","status-publish","hentry"],"acf":[],"yoast_head":"<!-- This site is optimized with the Yoast SEO plugin v27.5 - https:\/\/yoast.com\/product\/yoast-seo-wordpress\/ -->\n<title>Mentions l\u00e9gales\u00a0 - Prisma World<\/title>\n<meta name=\"robots\" content=\"index, follow, max-snippet:-1, max-image-preview:large, max-video-preview:-1\" \/>\n<link rel=\"canonical\" href=\"https:\/\/www.prisma-world.ch\/fr\/impressum\/\" \/>\n<meta property=\"og:locale\" content=\"fr_FR\" \/>\n<meta property=\"og:type\" content=\"article\" \/>\n<meta property=\"og:title\" content=\"Mentions l\u00e9gales\u00a0 - Prisma World\" \/>\n<meta property=\"og:description\" content=\"D\u00e9charge de responsabilit\u00e9\u00a0\u00a0 Tous les articles et illustrations publi\u00e9s sur ce site sont prot\u00e9g\u00e9s par le droit d&rsquo;auteur. Toute utilisation non autoris\u00e9e par la loi sur les droits d&rsquo;auteur requiert un accord \u00e9crit pr\u00e9alable. Cela s&rsquo;applique en particulier \u00e0 la reproduction, au traitement, \u00e0 la traduction, \u00e0 l&rsquo;enregistrement, au traitement ou \u00e0 la restitution de [&hellip;]\" \/>\n<meta property=\"og:url\" content=\"https:\/\/www.prisma-world.ch\/fr\/impressum\/\" \/>\n<meta property=\"og:site_name\" content=\"Prisma World\" \/>\n<meta property=\"article:modified_time\" content=\"2025-01-24T05:33:55+00:00\" \/>\n<meta name=\"twitter:card\" content=\"summary_large_image\" \/>\n<script type=\"application\/ld+json\" class=\"yoast-schema-graph\">{\"@context\":\"https:\\\/\\\/schema.org\",\"@graph\":[{\"@type\":\"WebPage\",\"@id\":\"https:\\\/\\\/www.prisma-world.ch\\\/fr\\\/impressum\\\/\",\"url\":\"https:\\\/\\\/www.prisma-world.ch\\\/fr\\\/impressum\\\/\",\"name\":\"Mentions l\u00e9gales\u00a0 - Prisma World\",\"isPartOf\":{\"@id\":\"https:\\\/\\\/www.prisma-world.ch\\\/fr\\\/#website\"},\"datePublished\":\"2024-12-20T10:11:26+00:00\",\"dateModified\":\"2025-01-24T05:33:55+00:00\",\"inLanguage\":\"fr-FR\",\"potentialAction\":[{\"@type\":\"ReadAction\",\"target\":[\"https:\\\/\\\/www.prisma-world.ch\\\/fr\\\/impressum\\\/\"]}]},{\"@type\":\"WebSite\",\"@id\":\"https:\\\/\\\/www.prisma-world.ch\\\/fr\\\/#website\",\"url\":\"https:\\\/\\\/www.prisma-world.ch\\\/fr\\\/\",\"name\":\"Prisma World\",\"description\":\"More Success with People\",\"publisher\":{\"@id\":\"https:\\\/\\\/www.prisma-world.ch\\\/fr\\\/#organization\"},\"potentialAction\":[{\"@type\":\"SearchAction\",\"target\":{\"@type\":\"EntryPoint\",\"urlTemplate\":\"https:\\\/\\\/www.prisma-world.ch\\\/fr\\\/?s={search_term_string}\"},\"query-input\":{\"@type\":\"PropertyValueSpecification\",\"valueRequired\":true,\"valueName\":\"search_term_string\"}}],\"inLanguage\":\"fr-FR\"},{\"@type\":\"Organization\",\"@id\":\"https:\\\/\\\/www.prisma-world.ch\\\/fr\\\/#organization\",\"name\":\"Prisma World\",\"url\":\"https:\\\/\\\/www.prisma-world.ch\\\/fr\\\/\",\"logo\":{\"@type\":\"ImageObject\",\"inLanguage\":\"fr-FR\",\"@id\":\"https:\\\/\\\/www.prisma-world.ch\\\/fr\\\/#\\\/schema\\\/logo\\\/image\\\/\",\"url\":\"https:\\\/\\\/www.prisma-world.ch\\\/wp-content\\\/uploads\\\/sites\\\/2\\\/2026\\\/04\\\/PWO_20-Jahre_Kombi_RGB_alpha_DE_ohne-Rand_klein-1.png\",\"contentUrl\":\"https:\\\/\\\/www.prisma-world.ch\\\/wp-content\\\/uploads\\\/sites\\\/2\\\/2026\\\/04\\\/PWO_20-Jahre_Kombi_RGB_alpha_DE_ohne-Rand_klein-1.png\",\"width\":473,\"height\":189,\"caption\":\"Prisma World\"},\"image\":{\"@id\":\"https:\\\/\\\/www.prisma-world.ch\\\/fr\\\/#\\\/schema\\\/logo\\\/image\\\/\"}}]}<\/script>\n<!-- \/ Yoast SEO plugin. -->","yoast_head_json":{"title":"Mentions l\u00e9gales\u00a0 - Prisma World","robots":{"index":"index","follow":"follow","max-snippet":"max-snippet:-1","max-image-preview":"max-image-preview:large","max-video-preview":"max-video-preview:-1"},"canonical":"https:\/\/www.prisma-world.ch\/fr\/impressum\/","og_locale":"fr_FR","og_type":"article","og_title":"Mentions l\u00e9gales\u00a0 - Prisma World","og_description":"D\u00e9charge de responsabilit\u00e9\u00a0\u00a0 Tous les articles et illustrations publi\u00e9s sur ce site sont prot\u00e9g\u00e9s par le droit d&rsquo;auteur. Toute utilisation non autoris\u00e9e par la loi sur les droits d&rsquo;auteur requiert un accord \u00e9crit pr\u00e9alable. Cela s&rsquo;applique en particulier \u00e0 la reproduction, au traitement, \u00e0 la traduction, \u00e0 l&rsquo;enregistrement, au traitement ou \u00e0 la restitution de [&hellip;]","og_url":"https:\/\/www.prisma-world.ch\/fr\/impressum\/","og_site_name":"Prisma World","article_modified_time":"2025-01-24T05:33:55+00:00","twitter_card":"summary_large_image","schema":{"@context":"https:\/\/schema.org","@graph":[{"@type":"WebPage","@id":"https:\/\/www.prisma-world.ch\/fr\/impressum\/","url":"https:\/\/www.prisma-world.ch\/fr\/impressum\/","name":"Mentions l\u00e9gales\u00a0 - Prisma World","isPartOf":{"@id":"https:\/\/www.prisma-world.ch\/fr\/#website"},"datePublished":"2024-12-20T10:11:26+00:00","dateModified":"2025-01-24T05:33:55+00:00","inLanguage":"fr-FR","potentialAction":[{"@type":"ReadAction","target":["https:\/\/www.prisma-world.ch\/fr\/impressum\/"]}]},{"@type":"WebSite","@id":"https:\/\/www.prisma-world.ch\/fr\/#website","url":"https:\/\/www.prisma-world.ch\/fr\/","name":"Prisma World","description":"More Success with People","publisher":{"@id":"https:\/\/www.prisma-world.ch\/fr\/#organization"},"potentialAction":[{"@type":"SearchAction","target":{"@type":"EntryPoint","urlTemplate":"https:\/\/www.prisma-world.ch\/fr\/?s={search_term_string}"},"query-input":{"@type":"PropertyValueSpecification","valueRequired":true,"valueName":"search_term_string"}}],"inLanguage":"fr-FR"},{"@type":"Organization","@id":"https:\/\/www.prisma-world.ch\/fr\/#organization","name":"Prisma World","url":"https:\/\/www.prisma-world.ch\/fr\/","logo":{"@type":"ImageObject","inLanguage":"fr-FR","@id":"https:\/\/www.prisma-world.ch\/fr\/#\/schema\/logo\/image\/","url":"https:\/\/www.prisma-world.ch\/wp-content\/uploads\/sites\/2\/2026\/04\/PWO_20-Jahre_Kombi_RGB_alpha_DE_ohne-Rand_klein-1.png","contentUrl":"https:\/\/www.prisma-world.ch\/wp-content\/uploads\/sites\/2\/2026\/04\/PWO_20-Jahre_Kombi_RGB_alpha_DE_ohne-Rand_klein-1.png","width":473,"height":189,"caption":"Prisma World"},"image":{"@id":"https:\/\/www.prisma-world.ch\/fr\/#\/schema\/logo\/image\/"}}]}},"_links":{"self":[{"href":"https:\/\/www.prisma-world.ch\/fr\/wp-json\/wp\/v2\/pages\/1376","targetHints":{"allow":["GET"]}}],"collection":[{"href":"https:\/\/www.prisma-world.ch\/fr\/wp-json\/wp\/v2\/pages"}],"about":[{"href":"https:\/\/www.prisma-world.ch\/fr\/wp-json\/wp\/v2\/types\/page"}],"author":[{"embeddable":true,"href":"https:\/\/www.prisma-world.ch\/fr\/wp-json\/wp\/v2\/users\/1"}],"replies":[{"embeddable":true,"href":"https:\/\/www.prisma-world.ch\/fr\/wp-json\/wp\/v2\/comments?post=1376"}],"version-history":[{"count":3,"href":"https:\/\/www.prisma-world.ch\/fr\/wp-json\/wp\/v2\/pages\/1376\/revisions"}],"predecessor-version":[{"id":1386,"href":"https:\/\/www.prisma-world.ch\/fr\/wp-json\/wp\/v2\/pages\/1376\/revisions\/1386"}],"wp:attachment":[{"href":"https:\/\/www.prisma-world.ch\/fr\/wp-json\/wp\/v2\/media?parent=1376"}],"curies":[{"name":"wp","href":"https:\/\/api.w.org\/{rel}","templated":true}]}}