{"id":1186,"date":"2024-11-11T09:19:42","date_gmt":"2024-11-11T09:19:42","guid":{"rendered":"https:\/\/prisma-world.ch\/?page_id=1186"},"modified":"2025-01-13T10:06:54","modified_gmt":"2025-01-13T10:06:54","slug":"check-up","status":"publish","type":"page","link":"https:\/\/www.prisma-world.ch\/fr\/employer-branding\/check-up\/","title":{"rendered":"Check-up"},"content":{"rendered":"\n<h2 class=\"wp-block-heading\">Un investissement rentable pour un avenir durable\u00a0<\/h2>\n\n\n\n<p>Plus un dysfonctionnement est d\u00e9tect\u00e9 et abord\u00e9 t\u00f4t, plus les chances de succ\u00e8s sont grandes. Nos check-up visent \u00e0 identifier les risques le plus t\u00f4t possible. Si une intervention s&rsquo;av\u00e8re n\u00e9cessaire, nous d\u00e9veloppons pour vous des mesures efficaces. Pour cela, un r\u00e9seau de plus de 30 sp\u00e9cialistes est \u00e0 votre disposition.&nbsp;<\/p>\n\n\n\n<p>Nos check-up en un coup d&rsquo;\u0153il :&nbsp;<\/p>\n\n\n\n<h3 class=\"wp-block-heading\">Mesure de la maturit\u00e9 RH&nbsp;<\/h3>\n\n\n\n<p>Notre mod\u00e8le de maturit\u00e9 saisit de mani\u00e8re <em>holistique<\/em> la performance du domaine RH, transmet une vision commune aux experts RH et \u00e0 la ligne, montre les possibilit\u00e9s d&rsquo;am\u00e9lioration et offre un cadre pour la priorisation des mesures.&nbsp;&nbsp;<\/p>\n\n\n\n<h3 class=\"wp-block-heading\">Enqu\u00eates professionnelles en ligne avec service complet&nbsp;<\/h3>\n\n\n\n<p>Nous vous soutenons avec expertise dans la conception, la r\u00e9alisation et le suivi :&nbsp;<\/p>\n\n\n\n<ul class=\"wp-block-list\">\n<li>\u00e9valuations des sup\u00e9rieurs (\u00e9galement feedback 360\u00b0)&nbsp;<\/li>\n\n\n\n<li>enqu\u00eates aupr\u00e8s des collaborateurs&nbsp;<\/li>\n\n\n\n<li>enqu\u00eates aupr\u00e8s des clients&nbsp;<\/li>\n\n\n\n<li>Enqu\u00eates aupr\u00e8s des invit\u00e9s&nbsp;<\/li>\n<\/ul>\n\n\n\n<h3 class=\"wp-block-heading\">Groupes de discussion \/r\u00e9flexion &#8211; les parties prenantes \/ Stakeholders deviennent des conseillers en strat\u00e9gie&nbsp;<\/h3>\n\n\n\n<p>Dans un groupe de discussion interdisciplinaire avec des clients, des d\u00e9cideurs, des fournisseurs, des experts du secteur et des collaborateurs, les nouveaux besoins des clients sont identifi\u00e9s et des inputs sont trouv\u00e9s pour les d\u00e9cisions strat\u00e9giques et les processus d&rsquo;optimisation.&nbsp;<\/p>\n\n\n\n<h3 class=\"wp-block-heading\">Optimized Workforce Positioning (OWP)&nbsp;<\/h3>\n\n\n\n<p>Cr\u00e9e, par une \u00e9valuation simple et \u00e9quitable des performances d&rsquo;un grand groupe de collaborateurs, les bases objectives de d\u00e9cision pour:&nbsp;<\/p>\n\n\n\n<ul class=\"wp-block-list\">\n<li>Un portefeuille <em>du personnel<\/em> et le positionnement optimal des collaborateurs&nbsp;<\/li>\n\n\n\n<li>Une gestion du changement \/ une int\u00e9gration de l&rsquo;entreprise apr\u00e8s le rachat \/&nbsp;<em> la reprise<\/em>&nbsp;<\/li>\n\n\n\n<li>Une restructuration (s\u00e9lection du personnel \/ newplacement)&nbsp;<\/li>\n\n\n\n<li>Un d\u00e9veloppement cibl\u00e9 des collaborateurs&nbsp;<\/li>\n\n\n\n<li>Due Diligence \/ Audit de gestion&nbsp;<\/li>\n<\/ul>\n","protected":false},"excerpt":{"rendered":"<p>Un investissement rentable pour un avenir durable\u00a0 Plus un dysfonctionnement est d\u00e9tect\u00e9 et abord\u00e9 t\u00f4t, plus les chances de succ\u00e8s sont grandes. Nos check-up visent \u00e0 identifier les risques le plus t\u00f4t possible. Si une intervention s&rsquo;av\u00e8re n\u00e9cessaire, nous d\u00e9veloppons pour vous des mesures efficaces. Pour cela, un r\u00e9seau de plus de 30 sp\u00e9cialistes est [&hellip;]<\/p>\n","protected":false},"author":1,"featured_media":1066,"parent":1058,"menu_order":1,"comment_status":"closed","ping_status":"closed","template":"","meta":{"_acf_changed":false,"footnotes":""},"class_list":["post-1186","page","type-page","status-publish","has-post-thumbnail","hentry"],"acf":[],"yoast_head":"<!-- This site is optimized with the Yoast SEO plugin v27.5 - https:\/\/yoast.com\/product\/yoast-seo-wordpress\/ -->\n<title>Check-up - Prisma World<\/title>\n<meta name=\"robots\" content=\"index, follow, max-snippet:-1, max-image-preview:large, max-video-preview:-1\" \/>\n<link rel=\"canonical\" href=\"https:\/\/www.prisma-world.ch\/fr\/employer-branding\/check-up\/\" \/>\n<meta property=\"og:locale\" content=\"fr_FR\" \/>\n<meta property=\"og:type\" content=\"article\" \/>\n<meta property=\"og:title\" content=\"Check-up - Prisma World\" \/>\n<meta property=\"og:description\" content=\"Un investissement rentable pour un avenir durable\u00a0 Plus un dysfonctionnement est d\u00e9tect\u00e9 et abord\u00e9 t\u00f4t, plus les chances de succ\u00e8s sont grandes. Nos check-up visent \u00e0 identifier les risques le plus t\u00f4t possible. Si une intervention s&rsquo;av\u00e8re n\u00e9cessaire, nous d\u00e9veloppons pour vous des mesures efficaces. Pour cela, un r\u00e9seau de plus de 30 sp\u00e9cialistes est [&hellip;]\" \/>\n<meta property=\"og:url\" content=\"https:\/\/www.prisma-world.ch\/fr\/employer-branding\/check-up\/\" \/>\n<meta property=\"og:site_name\" content=\"Prisma World\" \/>\n<meta property=\"article:modified_time\" content=\"2025-01-13T10:06:54+00:00\" \/>\n<meta property=\"og:image\" content=\"https:\/\/www.prisma-world.ch\/wp-content\/uploads\/sites\/2\/2019\/10\/employer-branding.jpg\" \/>\n\t<meta property=\"og:image:width\" content=\"1199\" \/>\n\t<meta property=\"og:image:height\" content=\"300\" \/>\n\t<meta property=\"og:image:type\" content=\"image\/jpeg\" \/>\n<meta name=\"twitter:card\" content=\"summary_large_image\" \/>\n<meta name=\"twitter:label1\" content=\"Dur\u00e9e de lecture estim\u00e9e\" \/>\n\t<meta name=\"twitter:data1\" content=\"2 minutes\" \/>\n<script type=\"application\/ld+json\" class=\"yoast-schema-graph\">{\"@context\":\"https:\\\/\\\/schema.org\",\"@graph\":[{\"@type\":\"WebPage\",\"@id\":\"https:\\\/\\\/www.prisma-world.ch\\\/fr\\\/employer-branding\\\/check-up\\\/\",\"url\":\"https:\\\/\\\/www.prisma-world.ch\\\/fr\\\/employer-branding\\\/check-up\\\/\",\"name\":\"Check-up - Prisma World\",\"isPartOf\":{\"@id\":\"https:\\\/\\\/www.prisma-world.ch\\\/fr\\\/#website\"},\"primaryImageOfPage\":{\"@id\":\"https:\\\/\\\/www.prisma-world.ch\\\/fr\\\/employer-branding\\\/check-up\\\/#primaryimage\"},\"image\":{\"@id\":\"https:\\\/\\\/www.prisma-world.ch\\\/fr\\\/employer-branding\\\/check-up\\\/#primaryimage\"},\"thumbnailUrl\":\"https:\\\/\\\/www.prisma-world.ch\\\/wp-content\\\/uploads\\\/sites\\\/2\\\/2019\\\/10\\\/employer-branding.jpg\",\"datePublished\":\"2024-11-11T09:19:42+00:00\",\"dateModified\":\"2025-01-13T10:06:54+00:00\",\"breadcrumb\":{\"@id\":\"https:\\\/\\\/www.prisma-world.ch\\\/fr\\\/employer-branding\\\/check-up\\\/#breadcrumb\"},\"inLanguage\":\"fr-FR\",\"potentialAction\":[{\"@type\":\"ReadAction\",\"target\":[\"https:\\\/\\\/www.prisma-world.ch\\\/fr\\\/employer-branding\\\/check-up\\\/\"]}]},{\"@type\":\"ImageObject\",\"inLanguage\":\"fr-FR\",\"@id\":\"https:\\\/\\\/www.prisma-world.ch\\\/fr\\\/employer-branding\\\/check-up\\\/#primaryimage\",\"url\":\"https:\\\/\\\/www.prisma-world.ch\\\/wp-content\\\/uploads\\\/sites\\\/2\\\/2019\\\/10\\\/employer-branding.jpg\",\"contentUrl\":\"https:\\\/\\\/www.prisma-world.ch\\\/wp-content\\\/uploads\\\/sites\\\/2\\\/2019\\\/10\\\/employer-branding.jpg\",\"width\":1199,\"height\":300},{\"@type\":\"BreadcrumbList\",\"@id\":\"https:\\\/\\\/www.prisma-world.ch\\\/fr\\\/employer-branding\\\/check-up\\\/#breadcrumb\",\"itemListElement\":[{\"@type\":\"ListItem\",\"position\":1,\"name\":\"Home\",\"item\":\"https:\\\/\\\/www.prisma-world.ch\\\/fr\\\/\"},{\"@type\":\"ListItem\",\"position\":2,\"name\":\"Image de marque de l\u2019employeur\u00a0\"}]},{\"@type\":\"WebSite\",\"@id\":\"https:\\\/\\\/www.prisma-world.ch\\\/fr\\\/#website\",\"url\":\"https:\\\/\\\/www.prisma-world.ch\\\/fr\\\/\",\"name\":\"Prisma World\",\"description\":\"More Success with People\",\"publisher\":{\"@id\":\"https:\\\/\\\/www.prisma-world.ch\\\/fr\\\/#organization\"},\"potentialAction\":[{\"@type\":\"SearchAction\",\"target\":{\"@type\":\"EntryPoint\",\"urlTemplate\":\"https:\\\/\\\/www.prisma-world.ch\\\/fr\\\/?s={search_term_string}\"},\"query-input\":{\"@type\":\"PropertyValueSpecification\",\"valueRequired\":true,\"valueName\":\"search_term_string\"}}],\"inLanguage\":\"fr-FR\"},{\"@type\":\"Organization\",\"@id\":\"https:\\\/\\\/www.prisma-world.ch\\\/fr\\\/#organization\",\"name\":\"Prisma World\",\"url\":\"https:\\\/\\\/www.prisma-world.ch\\\/fr\\\/\",\"logo\":{\"@type\":\"ImageObject\",\"inLanguage\":\"fr-FR\",\"@id\":\"https:\\\/\\\/www.prisma-world.ch\\\/fr\\\/#\\\/schema\\\/logo\\\/image\\\/\",\"url\":\"https:\\\/\\\/www.prisma-world.ch\\\/wp-content\\\/uploads\\\/sites\\\/2\\\/2026\\\/04\\\/PWO_20-Jahre_Kombi_RGB_alpha_DE_ohne-Rand_klein-1.png\",\"contentUrl\":\"https:\\\/\\\/www.prisma-world.ch\\\/wp-content\\\/uploads\\\/sites\\\/2\\\/2026\\\/04\\\/PWO_20-Jahre_Kombi_RGB_alpha_DE_ohne-Rand_klein-1.png\",\"width\":473,\"height\":189,\"caption\":\"Prisma World\"},\"image\":{\"@id\":\"https:\\\/\\\/www.prisma-world.ch\\\/fr\\\/#\\\/schema\\\/logo\\\/image\\\/\"}}]}<\/script>\n<!-- \/ Yoast SEO plugin. -->","yoast_head_json":{"title":"Check-up - Prisma World","robots":{"index":"index","follow":"follow","max-snippet":"max-snippet:-1","max-image-preview":"max-image-preview:large","max-video-preview":"max-video-preview:-1"},"canonical":"https:\/\/www.prisma-world.ch\/fr\/employer-branding\/check-up\/","og_locale":"fr_FR","og_type":"article","og_title":"Check-up - Prisma World","og_description":"Un investissement rentable pour un avenir durable\u00a0 Plus un dysfonctionnement est d\u00e9tect\u00e9 et abord\u00e9 t\u00f4t, plus les chances de succ\u00e8s sont grandes. Nos check-up visent \u00e0 identifier les risques le plus t\u00f4t possible. Si une intervention s&rsquo;av\u00e8re n\u00e9cessaire, nous d\u00e9veloppons pour vous des mesures efficaces. Pour cela, un r\u00e9seau de plus de 30 sp\u00e9cialistes est [&hellip;]","og_url":"https:\/\/www.prisma-world.ch\/fr\/employer-branding\/check-up\/","og_site_name":"Prisma World","article_modified_time":"2025-01-13T10:06:54+00:00","og_image":[{"width":1199,"height":300,"url":"https:\/\/www.prisma-world.ch\/wp-content\/uploads\/sites\/2\/2019\/10\/employer-branding.jpg","type":"image\/jpeg"}],"twitter_card":"summary_large_image","twitter_misc":{"Dur\u00e9e de lecture estim\u00e9e":"2 minutes"},"schema":{"@context":"https:\/\/schema.org","@graph":[{"@type":"WebPage","@id":"https:\/\/www.prisma-world.ch\/fr\/employer-branding\/check-up\/","url":"https:\/\/www.prisma-world.ch\/fr\/employer-branding\/check-up\/","name":"Check-up - Prisma World","isPartOf":{"@id":"https:\/\/www.prisma-world.ch\/fr\/#website"},"primaryImageOfPage":{"@id":"https:\/\/www.prisma-world.ch\/fr\/employer-branding\/check-up\/#primaryimage"},"image":{"@id":"https:\/\/www.prisma-world.ch\/fr\/employer-branding\/check-up\/#primaryimage"},"thumbnailUrl":"https:\/\/www.prisma-world.ch\/wp-content\/uploads\/sites\/2\/2019\/10\/employer-branding.jpg","datePublished":"2024-11-11T09:19:42+00:00","dateModified":"2025-01-13T10:06:54+00:00","breadcrumb":{"@id":"https:\/\/www.prisma-world.ch\/fr\/employer-branding\/check-up\/#breadcrumb"},"inLanguage":"fr-FR","potentialAction":[{"@type":"ReadAction","target":["https:\/\/www.prisma-world.ch\/fr\/employer-branding\/check-up\/"]}]},{"@type":"ImageObject","inLanguage":"fr-FR","@id":"https:\/\/www.prisma-world.ch\/fr\/employer-branding\/check-up\/#primaryimage","url":"https:\/\/www.prisma-world.ch\/wp-content\/uploads\/sites\/2\/2019\/10\/employer-branding.jpg","contentUrl":"https:\/\/www.prisma-world.ch\/wp-content\/uploads\/sites\/2\/2019\/10\/employer-branding.jpg","width":1199,"height":300},{"@type":"BreadcrumbList","@id":"https:\/\/www.prisma-world.ch\/fr\/employer-branding\/check-up\/#breadcrumb","itemListElement":[{"@type":"ListItem","position":1,"name":"Home","item":"https:\/\/www.prisma-world.ch\/fr\/"},{"@type":"ListItem","position":2,"name":"Image de marque de l\u2019employeur\u00a0"}]},{"@type":"WebSite","@id":"https:\/\/www.prisma-world.ch\/fr\/#website","url":"https:\/\/www.prisma-world.ch\/fr\/","name":"Prisma World","description":"More Success with People","publisher":{"@id":"https:\/\/www.prisma-world.ch\/fr\/#organization"},"potentialAction":[{"@type":"SearchAction","target":{"@type":"EntryPoint","urlTemplate":"https:\/\/www.prisma-world.ch\/fr\/?s={search_term_string}"},"query-input":{"@type":"PropertyValueSpecification","valueRequired":true,"valueName":"search_term_string"}}],"inLanguage":"fr-FR"},{"@type":"Organization","@id":"https:\/\/www.prisma-world.ch\/fr\/#organization","name":"Prisma World","url":"https:\/\/www.prisma-world.ch\/fr\/","logo":{"@type":"ImageObject","inLanguage":"fr-FR","@id":"https:\/\/www.prisma-world.ch\/fr\/#\/schema\/logo\/image\/","url":"https:\/\/www.prisma-world.ch\/wp-content\/uploads\/sites\/2\/2026\/04\/PWO_20-Jahre_Kombi_RGB_alpha_DE_ohne-Rand_klein-1.png","contentUrl":"https:\/\/www.prisma-world.ch\/wp-content\/uploads\/sites\/2\/2026\/04\/PWO_20-Jahre_Kombi_RGB_alpha_DE_ohne-Rand_klein-1.png","width":473,"height":189,"caption":"Prisma World"},"image":{"@id":"https:\/\/www.prisma-world.ch\/fr\/#\/schema\/logo\/image\/"}}]}},"_links":{"self":[{"href":"https:\/\/www.prisma-world.ch\/fr\/wp-json\/wp\/v2\/pages\/1186","targetHints":{"allow":["GET"]}}],"collection":[{"href":"https:\/\/www.prisma-world.ch\/fr\/wp-json\/wp\/v2\/pages"}],"about":[{"href":"https:\/\/www.prisma-world.ch\/fr\/wp-json\/wp\/v2\/types\/page"}],"author":[{"embeddable":true,"href":"https:\/\/www.prisma-world.ch\/fr\/wp-json\/wp\/v2\/users\/1"}],"replies":[{"embeddable":true,"href":"https:\/\/www.prisma-world.ch\/fr\/wp-json\/wp\/v2\/comments?post=1186"}],"version-history":[{"count":3,"href":"https:\/\/www.prisma-world.ch\/fr\/wp-json\/wp\/v2\/pages\/1186\/revisions"}],"predecessor-version":[{"id":1435,"href":"https:\/\/www.prisma-world.ch\/fr\/wp-json\/wp\/v2\/pages\/1186\/revisions\/1435"}],"up":[{"embeddable":true,"href":"https:\/\/www.prisma-world.ch\/fr\/wp-json\/wp\/v2\/pages\/1058"}],"wp:featuredmedia":[{"embeddable":true,"href":"https:\/\/www.prisma-world.ch\/fr\/wp-json\/wp\/v2\/media\/1066"}],"wp:attachment":[{"href":"https:\/\/www.prisma-world.ch\/fr\/wp-json\/wp\/v2\/media?parent=1186"}],"curies":[{"name":"wp","href":"https:\/\/api.w.org\/{rel}","templated":true}]}}