{"id":1185,"date":"2024-11-11T09:19:21","date_gmt":"2024-11-11T09:19:21","guid":{"rendered":"https:\/\/prisma-world.ch\/?page_id=1185"},"modified":"2025-03-26T08:37:44","modified_gmt":"2025-03-26T08:37:44","slug":"strategic-hr-management","status":"publish","type":"page","link":"https:\/\/www.prisma-world.ch\/fr\/employer-branding\/strategic-hr-management\/","title":{"rendered":"Management RH strat\u00e9gique\u00a0\u00a0"},"content":{"rendered":"\n<h2 class=\"wp-block-heading\">Performance, efficacit\u00e9 et changement sont les d\u00e9fis de la gestion des ressources humaines&nbsp;<\/h2>\n\n\n\n<p>Comment &#8230; ?&nbsp;<br>\u2026j&rsquo;\u00e9labore une strat\u00e9gie?<br>\u2026est-ce que je mets en place une organisation efficace?<br>\u2026est-ce que j&rsquo;am\u00e9liore notre performance?&nbsp;<br>\u2026trouver et reconna\u00eetre des talents extraordinaires?<br>\u2026est-ce que je g\u00e8re avec succ\u00e8s les int\u00e9grations post-fusion?<br>\u2026est-ce que je donne les moyens \u00e0 mes collaborateurs?&nbsp;<\/p>\n\n\n\n<p>Prisma World est \u00abl\u2019 entrepreneur g\u00e9n\u00e9ral \u00bb comp\u00e9tent qui planifie, construit et exploite avec vous le pont vers le succ\u00e8s durable de votre entreprise.&nbsp;<\/p>\n\n\n<div class=\"wp-block-image\">\n<figure class=\"aligncenter size-large\"><a class=\"big\" href=\"https:\/\/www.prisma-world.ch\/wp-content\/uploads\/sites\/2\/2025\/03\/Grafik-PW_FR-1-1024x576.png\"><img loading=\"lazy\" decoding=\"async\" width=\"1024\" height=\"576\" src=\"https:\/\/www.prisma-world.ch\/wp-content\/uploads\/sites\/2\/2025\/03\/Grafik-PW_FR-1-1024x576.png\" alt=\"Management RH strat\u00e9gique  \n\" class=\"wp-image-1518\" srcset=\"https:\/\/www.prisma-world.ch\/wp-content\/uploads\/sites\/2\/2025\/03\/Grafik-PW_FR-1-1024x576.png 1024w, https:\/\/www.prisma-world.ch\/wp-content\/uploads\/sites\/2\/2025\/03\/Grafik-PW_FR-1-516x290.png 516w, https:\/\/www.prisma-world.ch\/wp-content\/uploads\/sites\/2\/2025\/03\/Grafik-PW_FR-1-768x432.png 768w, https:\/\/www.prisma-world.ch\/wp-content\/uploads\/sites\/2\/2025\/03\/Grafik-PW_FR-1-497x280.png 497w, https:\/\/www.prisma-world.ch\/wp-content\/uploads\/sites\/2\/2025\/03\/Grafik-PW_FR-1.png 1280w\" sizes=\"auto, (max-width: 1024px) 100vw, 1024px\" \/><\/a><\/figure>\n<\/div>\n\n\n<\/br>\n\n\n\n<h2 class=\"wp-block-heading\">D\u00e9termination de la strat\u00e9gie avec la Balanced Scorecard (BSC)&nbsp;<\/h2>\n\n\n\n<p>Les strat\u00e9gies d\u00e9finissent les \u00e9toiles directrices et la direction \u00e0 suivre. Les responsables RH qui ont une fonction de direction globale (membres de la direction) sont responsables de la d\u00e9finition et de la mise en \u0153uvre des strat\u00e9gies. La Balanced Scorecard (BSC) est un concept \u00e9prouv\u00e9 pour le d\u00e9veloppement de strat\u00e9gies et leur mise en \u0153uvre en actions.&nbsp;<\/p>\n\n\n\n<h2 class=\"wp-block-heading\">De la strat\u00e9gie \u00e0 la feuille de route RH (<em>Roadmap RH)<\/em>&nbsp;<\/h2>\n\n\n\n<p>Nous sommes vos sparring-partners inspirants, qui vous \u00ab challengent \u00bb sur des questions strat\u00e9giques et op\u00e9rationnelles, de sorte que vous parveniez \u00e0 une feuille de route claire pour une am\u00e9lioration des performances dans votre domaine de responsabilit\u00e9, qui vous permet d&rsquo;\u00eatre \u00e0 l&rsquo;aise, d&rsquo;argumenter et d&rsquo;agir \u00e0 tous \u00e9gards.&nbsp;<\/p>\n","protected":false},"excerpt":{"rendered":"<p>Performance, efficacit\u00e9 et changement sont les d\u00e9fis de la gestion des ressources humaines&nbsp; Comment &#8230; ?&nbsp;\u2026j&rsquo;\u00e9labore une strat\u00e9gie?\u2026est-ce que je mets en place une organisation efficace?\u2026est-ce que j&rsquo;am\u00e9liore notre performance?&nbsp;\u2026trouver et reconna\u00eetre des talents extraordinaires?\u2026est-ce que je g\u00e8re avec succ\u00e8s les int\u00e9grations post-fusion?\u2026est-ce que je donne les moyens \u00e0 mes collaborateurs?&nbsp; Prisma World est \u00abl\u2019 [&hellip;]<\/p>\n","protected":false},"author":1,"featured_media":1066,"parent":1058,"menu_order":2,"comment_status":"closed","ping_status":"closed","template":"","meta":{"_acf_changed":false,"footnotes":""},"class_list":["post-1185","page","type-page","status-publish","has-post-thumbnail","hentry"],"acf":[],"yoast_head":"<!-- This site is optimized with the Yoast SEO plugin v27.5 - https:\/\/yoast.com\/product\/yoast-seo-wordpress\/ -->\n<title>Management RH strat\u00e9gique\u00a0\u00a0 - Prisma World<\/title>\n<meta name=\"robots\" content=\"index, follow, max-snippet:-1, max-image-preview:large, max-video-preview:-1\" \/>\n<link rel=\"canonical\" href=\"https:\/\/www.prisma-world.ch\/fr\/employer-branding\/strategic-hr-management\/\" \/>\n<meta property=\"og:locale\" content=\"fr_FR\" \/>\n<meta property=\"og:type\" content=\"article\" \/>\n<meta property=\"og:title\" content=\"Management RH strat\u00e9gique\u00a0\u00a0 - Prisma World\" \/>\n<meta property=\"og:description\" content=\"Performance, efficacit\u00e9 et changement sont les d\u00e9fis de la gestion des ressources humaines&nbsp; Comment &#8230; ?&nbsp;\u2026j&rsquo;\u00e9labore une strat\u00e9gie?\u2026est-ce que je mets en place une organisation efficace?\u2026est-ce que j&rsquo;am\u00e9liore notre performance?&nbsp;\u2026trouver et reconna\u00eetre des talents extraordinaires?\u2026est-ce que je g\u00e8re avec succ\u00e8s les int\u00e9grations post-fusion?\u2026est-ce que je donne les moyens \u00e0 mes collaborateurs?&nbsp; Prisma World est \u00abl\u2019 [&hellip;]\" \/>\n<meta property=\"og:url\" content=\"https:\/\/www.prisma-world.ch\/fr\/employer-branding\/strategic-hr-management\/\" \/>\n<meta property=\"og:site_name\" content=\"Prisma World\" \/>\n<meta property=\"article:modified_time\" content=\"2025-03-26T08:37:44+00:00\" \/>\n<meta property=\"og:image\" content=\"https:\/\/www.prisma-world.ch\/wp-content\/uploads\/sites\/2\/2019\/10\/employer-branding.jpg\" \/>\n\t<meta property=\"og:image:width\" content=\"1199\" \/>\n\t<meta property=\"og:image:height\" content=\"300\" \/>\n\t<meta property=\"og:image:type\" content=\"image\/jpeg\" \/>\n<meta name=\"twitter:card\" content=\"summary_large_image\" \/>\n<meta name=\"twitter:label1\" content=\"Dur\u00e9e de lecture estim\u00e9e\" \/>\n\t<meta name=\"twitter:data1\" content=\"2 minutes\" \/>\n<script type=\"application\/ld+json\" class=\"yoast-schema-graph\">{\"@context\":\"https:\\\/\\\/schema.org\",\"@graph\":[{\"@type\":\"WebPage\",\"@id\":\"https:\\\/\\\/www.prisma-world.ch\\\/fr\\\/employer-branding\\\/strategic-hr-management\\\/\",\"url\":\"https:\\\/\\\/www.prisma-world.ch\\\/fr\\\/employer-branding\\\/strategic-hr-management\\\/\",\"name\":\"Management RH strat\u00e9gique\u00a0\u00a0 - Prisma World\",\"isPartOf\":{\"@id\":\"https:\\\/\\\/www.prisma-world.ch\\\/fr\\\/#website\"},\"primaryImageOfPage\":{\"@id\":\"https:\\\/\\\/www.prisma-world.ch\\\/fr\\\/employer-branding\\\/strategic-hr-management\\\/#primaryimage\"},\"image\":{\"@id\":\"https:\\\/\\\/www.prisma-world.ch\\\/fr\\\/employer-branding\\\/strategic-hr-management\\\/#primaryimage\"},\"thumbnailUrl\":\"https:\\\/\\\/www.prisma-world.ch\\\/wp-content\\\/uploads\\\/sites\\\/2\\\/2019\\\/10\\\/employer-branding.jpg\",\"datePublished\":\"2024-11-11T09:19:21+00:00\",\"dateModified\":\"2025-03-26T08:37:44+00:00\",\"breadcrumb\":{\"@id\":\"https:\\\/\\\/www.prisma-world.ch\\\/fr\\\/employer-branding\\\/strategic-hr-management\\\/#breadcrumb\"},\"inLanguage\":\"fr-FR\",\"potentialAction\":[{\"@type\":\"ReadAction\",\"target\":[\"https:\\\/\\\/www.prisma-world.ch\\\/fr\\\/employer-branding\\\/strategic-hr-management\\\/\"]}]},{\"@type\":\"ImageObject\",\"inLanguage\":\"fr-FR\",\"@id\":\"https:\\\/\\\/www.prisma-world.ch\\\/fr\\\/employer-branding\\\/strategic-hr-management\\\/#primaryimage\",\"url\":\"https:\\\/\\\/www.prisma-world.ch\\\/wp-content\\\/uploads\\\/sites\\\/2\\\/2019\\\/10\\\/employer-branding.jpg\",\"contentUrl\":\"https:\\\/\\\/www.prisma-world.ch\\\/wp-content\\\/uploads\\\/sites\\\/2\\\/2019\\\/10\\\/employer-branding.jpg\",\"width\":1199,\"height\":300},{\"@type\":\"BreadcrumbList\",\"@id\":\"https:\\\/\\\/www.prisma-world.ch\\\/fr\\\/employer-branding\\\/strategic-hr-management\\\/#breadcrumb\",\"itemListElement\":[{\"@type\":\"ListItem\",\"position\":1,\"name\":\"Home\",\"item\":\"https:\\\/\\\/www.prisma-world.ch\\\/fr\\\/\"},{\"@type\":\"ListItem\",\"position\":2,\"name\":\"Image de marque de l\u2019employeur\u00a0\"}]},{\"@type\":\"WebSite\",\"@id\":\"https:\\\/\\\/www.prisma-world.ch\\\/fr\\\/#website\",\"url\":\"https:\\\/\\\/www.prisma-world.ch\\\/fr\\\/\",\"name\":\"Prisma World\",\"description\":\"More Success with People\",\"publisher\":{\"@id\":\"https:\\\/\\\/www.prisma-world.ch\\\/fr\\\/#organization\"},\"potentialAction\":[{\"@type\":\"SearchAction\",\"target\":{\"@type\":\"EntryPoint\",\"urlTemplate\":\"https:\\\/\\\/www.prisma-world.ch\\\/fr\\\/?s={search_term_string}\"},\"query-input\":{\"@type\":\"PropertyValueSpecification\",\"valueRequired\":true,\"valueName\":\"search_term_string\"}}],\"inLanguage\":\"fr-FR\"},{\"@type\":\"Organization\",\"@id\":\"https:\\\/\\\/www.prisma-world.ch\\\/fr\\\/#organization\",\"name\":\"Prisma World\",\"url\":\"https:\\\/\\\/www.prisma-world.ch\\\/fr\\\/\",\"logo\":{\"@type\":\"ImageObject\",\"inLanguage\":\"fr-FR\",\"@id\":\"https:\\\/\\\/www.prisma-world.ch\\\/fr\\\/#\\\/schema\\\/logo\\\/image\\\/\",\"url\":\"https:\\\/\\\/www.prisma-world.ch\\\/wp-content\\\/uploads\\\/sites\\\/2\\\/2026\\\/04\\\/PWO_20-Jahre_Kombi_RGB_alpha_DE_ohne-Rand_klein-1.png\",\"contentUrl\":\"https:\\\/\\\/www.prisma-world.ch\\\/wp-content\\\/uploads\\\/sites\\\/2\\\/2026\\\/04\\\/PWO_20-Jahre_Kombi_RGB_alpha_DE_ohne-Rand_klein-1.png\",\"width\":473,\"height\":189,\"caption\":\"Prisma World\"},\"image\":{\"@id\":\"https:\\\/\\\/www.prisma-world.ch\\\/fr\\\/#\\\/schema\\\/logo\\\/image\\\/\"}}]}<\/script>\n<!-- \/ Yoast SEO plugin. -->","yoast_head_json":{"title":"Management RH strat\u00e9gique\u00a0\u00a0 - Prisma World","robots":{"index":"index","follow":"follow","max-snippet":"max-snippet:-1","max-image-preview":"max-image-preview:large","max-video-preview":"max-video-preview:-1"},"canonical":"https:\/\/www.prisma-world.ch\/fr\/employer-branding\/strategic-hr-management\/","og_locale":"fr_FR","og_type":"article","og_title":"Management RH strat\u00e9gique\u00a0\u00a0 - Prisma World","og_description":"Performance, efficacit\u00e9 et changement sont les d\u00e9fis de la gestion des ressources humaines&nbsp; Comment &#8230; ?&nbsp;\u2026j&rsquo;\u00e9labore une strat\u00e9gie?\u2026est-ce que je mets en place une organisation efficace?\u2026est-ce que j&rsquo;am\u00e9liore notre performance?&nbsp;\u2026trouver et reconna\u00eetre des talents extraordinaires?\u2026est-ce que je g\u00e8re avec succ\u00e8s les int\u00e9grations post-fusion?\u2026est-ce que je donne les moyens \u00e0 mes collaborateurs?&nbsp; Prisma World est \u00abl\u2019 [&hellip;]","og_url":"https:\/\/www.prisma-world.ch\/fr\/employer-branding\/strategic-hr-management\/","og_site_name":"Prisma World","article_modified_time":"2025-03-26T08:37:44+00:00","og_image":[{"width":1199,"height":300,"url":"https:\/\/www.prisma-world.ch\/wp-content\/uploads\/sites\/2\/2019\/10\/employer-branding.jpg","type":"image\/jpeg"}],"twitter_card":"summary_large_image","twitter_misc":{"Dur\u00e9e de lecture estim\u00e9e":"2 minutes"},"schema":{"@context":"https:\/\/schema.org","@graph":[{"@type":"WebPage","@id":"https:\/\/www.prisma-world.ch\/fr\/employer-branding\/strategic-hr-management\/","url":"https:\/\/www.prisma-world.ch\/fr\/employer-branding\/strategic-hr-management\/","name":"Management RH strat\u00e9gique\u00a0\u00a0 - Prisma World","isPartOf":{"@id":"https:\/\/www.prisma-world.ch\/fr\/#website"},"primaryImageOfPage":{"@id":"https:\/\/www.prisma-world.ch\/fr\/employer-branding\/strategic-hr-management\/#primaryimage"},"image":{"@id":"https:\/\/www.prisma-world.ch\/fr\/employer-branding\/strategic-hr-management\/#primaryimage"},"thumbnailUrl":"https:\/\/www.prisma-world.ch\/wp-content\/uploads\/sites\/2\/2019\/10\/employer-branding.jpg","datePublished":"2024-11-11T09:19:21+00:00","dateModified":"2025-03-26T08:37:44+00:00","breadcrumb":{"@id":"https:\/\/www.prisma-world.ch\/fr\/employer-branding\/strategic-hr-management\/#breadcrumb"},"inLanguage":"fr-FR","potentialAction":[{"@type":"ReadAction","target":["https:\/\/www.prisma-world.ch\/fr\/employer-branding\/strategic-hr-management\/"]}]},{"@type":"ImageObject","inLanguage":"fr-FR","@id":"https:\/\/www.prisma-world.ch\/fr\/employer-branding\/strategic-hr-management\/#primaryimage","url":"https:\/\/www.prisma-world.ch\/wp-content\/uploads\/sites\/2\/2019\/10\/employer-branding.jpg","contentUrl":"https:\/\/www.prisma-world.ch\/wp-content\/uploads\/sites\/2\/2019\/10\/employer-branding.jpg","width":1199,"height":300},{"@type":"BreadcrumbList","@id":"https:\/\/www.prisma-world.ch\/fr\/employer-branding\/strategic-hr-management\/#breadcrumb","itemListElement":[{"@type":"ListItem","position":1,"name":"Home","item":"https:\/\/www.prisma-world.ch\/fr\/"},{"@type":"ListItem","position":2,"name":"Image de marque de l\u2019employeur\u00a0"}]},{"@type":"WebSite","@id":"https:\/\/www.prisma-world.ch\/fr\/#website","url":"https:\/\/www.prisma-world.ch\/fr\/","name":"Prisma World","description":"More Success with People","publisher":{"@id":"https:\/\/www.prisma-world.ch\/fr\/#organization"},"potentialAction":[{"@type":"SearchAction","target":{"@type":"EntryPoint","urlTemplate":"https:\/\/www.prisma-world.ch\/fr\/?s={search_term_string}"},"query-input":{"@type":"PropertyValueSpecification","valueRequired":true,"valueName":"search_term_string"}}],"inLanguage":"fr-FR"},{"@type":"Organization","@id":"https:\/\/www.prisma-world.ch\/fr\/#organization","name":"Prisma World","url":"https:\/\/www.prisma-world.ch\/fr\/","logo":{"@type":"ImageObject","inLanguage":"fr-FR","@id":"https:\/\/www.prisma-world.ch\/fr\/#\/schema\/logo\/image\/","url":"https:\/\/www.prisma-world.ch\/wp-content\/uploads\/sites\/2\/2026\/04\/PWO_20-Jahre_Kombi_RGB_alpha_DE_ohne-Rand_klein-1.png","contentUrl":"https:\/\/www.prisma-world.ch\/wp-content\/uploads\/sites\/2\/2026\/04\/PWO_20-Jahre_Kombi_RGB_alpha_DE_ohne-Rand_klein-1.png","width":473,"height":189,"caption":"Prisma World"},"image":{"@id":"https:\/\/www.prisma-world.ch\/fr\/#\/schema\/logo\/image\/"}}]}},"_links":{"self":[{"href":"https:\/\/www.prisma-world.ch\/fr\/wp-json\/wp\/v2\/pages\/1185","targetHints":{"allow":["GET"]}}],"collection":[{"href":"https:\/\/www.prisma-world.ch\/fr\/wp-json\/wp\/v2\/pages"}],"about":[{"href":"https:\/\/www.prisma-world.ch\/fr\/wp-json\/wp\/v2\/types\/page"}],"author":[{"embeddable":true,"href":"https:\/\/www.prisma-world.ch\/fr\/wp-json\/wp\/v2\/users\/1"}],"replies":[{"embeddable":true,"href":"https:\/\/www.prisma-world.ch\/fr\/wp-json\/wp\/v2\/comments?post=1185"}],"version-history":[{"count":6,"href":"https:\/\/www.prisma-world.ch\/fr\/wp-json\/wp\/v2\/pages\/1185\/revisions"}],"predecessor-version":[{"id":1522,"href":"https:\/\/www.prisma-world.ch\/fr\/wp-json\/wp\/v2\/pages\/1185\/revisions\/1522"}],"up":[{"embeddable":true,"href":"https:\/\/www.prisma-world.ch\/fr\/wp-json\/wp\/v2\/pages\/1058"}],"wp:featuredmedia":[{"embeddable":true,"href":"https:\/\/www.prisma-world.ch\/fr\/wp-json\/wp\/v2\/media\/1066"}],"wp:attachment":[{"href":"https:\/\/www.prisma-world.ch\/fr\/wp-json\/wp\/v2\/media?parent=1185"}],"curies":[{"name":"wp","href":"https:\/\/api.w.org\/{rel}","templated":true}]}}