{"id":1183,"date":"2024-11-11T09:18:19","date_gmt":"2024-11-11T09:18:19","guid":{"rendered":"https:\/\/prisma-world.ch\/?page_id=1183"},"modified":"2025-01-13T10:04:10","modified_gmt":"2025-01-13T10:04:10","slug":"development","status":"publish","type":"page","link":"https:\/\/www.prisma-world.ch\/fr\/employer-branding\/development\/","title":{"rendered":"Development"},"content":{"rendered":"\n<h2 class=\"wp-block-heading\">Des collaborateurs comp\u00e9tents font la diff\u00e9rence!\u00a0<\/h2>\n\n\n\n<p><strong>D\u00e9couvrir et activer les capacit\u00e9s et les potentiels :&nbsp;<\/strong><\/p>\n\n\n\n<ul class=\"wp-block-list\">\n<li>parce que ce sont les personnes qui donnent vie \u00e0 la strat\u00e9gie de l&rsquo;entreprise&nbsp;<\/li>\n\n\n\n<li>parce que l&rsquo;engagement des collaborateurs permet d&rsquo;\u00ab aplanir \u00bb les probl\u00e8mes qui surgissent&nbsp;<\/li>\n\n\n\n<li>parce que la spirale comp\u00e9tence-succ\u00e8s-motivation d\u00e9bouche sur une performance \u00e9lev\u00e9e et une grande satisfaction&nbsp;<\/li>\n<\/ul>\n\n\n\n<h4 class=\"wp-block-heading\">Academy<\/h4>\n\n\n\n<p>Formation ax\u00e9e sur la pratique gr\u00e2ce \u00e0 un concept de formation sp\u00e9cifique \u00e0 l&rsquo;organisation&nbsp;<\/p>\n\n\n\n<h4 class=\"wp-block-heading\">Gestion des comp\u00e9tences&nbsp;<\/h4>\n\n\n\n<p>Efficacit\u00e9 cibl\u00e9e pour des collaborateurs polyvalents&nbsp;<\/p>\n\n\n\n<h4 class=\"wp-block-heading\">Diriger avec des objectifs&nbsp;<\/h4>\n\n\n\n<p>Plus d&rsquo;efficacit\u00e9 gr\u00e2ce au management professionnel par objectifs <em>(mbo)<\/em>&nbsp;<\/p>\n\n\n\n<h4 class=\"wp-block-heading\">Technologie de l&rsquo;espace ouvert (<em>Open Space Technology)<\/em>&nbsp;<\/h4>\n\n\n\n<p>Changement strat\u00e9gique en peu de temps&nbsp;<\/p>\n","protected":false},"excerpt":{"rendered":"<p>Des collaborateurs comp\u00e9tents font la diff\u00e9rence!\u00a0 D\u00e9couvrir et activer les capacit\u00e9s et les potentiels :&nbsp; Academy Formation ax\u00e9e sur la pratique gr\u00e2ce \u00e0 un concept de formation sp\u00e9cifique \u00e0 l&rsquo;organisation&nbsp; Gestion des comp\u00e9tences&nbsp; Efficacit\u00e9 cibl\u00e9e pour des collaborateurs polyvalents&nbsp; Diriger avec des objectifs&nbsp; Plus d&rsquo;efficacit\u00e9 gr\u00e2ce au management professionnel par objectifs (mbo)&nbsp; Technologie de l&rsquo;espace [&hellip;]<\/p>\n","protected":false},"author":1,"featured_media":1066,"parent":1058,"menu_order":4,"comment_status":"closed","ping_status":"closed","template":"","meta":{"_acf_changed":false,"footnotes":""},"class_list":["post-1183","page","type-page","status-publish","has-post-thumbnail","hentry"],"acf":[],"yoast_head":"<!-- This site is optimized with the Yoast SEO plugin v27.5 - https:\/\/yoast.com\/product\/yoast-seo-wordpress\/ -->\n<title>Development - Prisma World<\/title>\n<meta name=\"robots\" content=\"index, follow, max-snippet:-1, max-image-preview:large, max-video-preview:-1\" \/>\n<link rel=\"canonical\" href=\"https:\/\/www.prisma-world.ch\/fr\/employer-branding\/development\/\" \/>\n<meta property=\"og:locale\" content=\"fr_FR\" \/>\n<meta property=\"og:type\" content=\"article\" \/>\n<meta property=\"og:title\" content=\"Development - Prisma World\" \/>\n<meta property=\"og:description\" content=\"Des collaborateurs comp\u00e9tents font la diff\u00e9rence!\u00a0 D\u00e9couvrir et activer les capacit\u00e9s et les potentiels :&nbsp; Academy Formation ax\u00e9e sur la pratique gr\u00e2ce \u00e0 un concept de formation sp\u00e9cifique \u00e0 l&rsquo;organisation&nbsp; Gestion des comp\u00e9tences&nbsp; Efficacit\u00e9 cibl\u00e9e pour des collaborateurs polyvalents&nbsp; Diriger avec des objectifs&nbsp; Plus d&rsquo;efficacit\u00e9 gr\u00e2ce au management professionnel par objectifs (mbo)&nbsp; Technologie de l&rsquo;espace [&hellip;]\" \/>\n<meta property=\"og:url\" content=\"https:\/\/www.prisma-world.ch\/fr\/employer-branding\/development\/\" \/>\n<meta property=\"og:site_name\" content=\"Prisma World\" \/>\n<meta property=\"article:modified_time\" content=\"2025-01-13T10:04:10+00:00\" \/>\n<meta property=\"og:image\" content=\"https:\/\/www.prisma-world.ch\/wp-content\/uploads\/sites\/2\/2019\/10\/employer-branding.jpg\" \/>\n\t<meta property=\"og:image:width\" content=\"1199\" \/>\n\t<meta property=\"og:image:height\" content=\"300\" \/>\n\t<meta property=\"og:image:type\" content=\"image\/jpeg\" \/>\n<meta name=\"twitter:card\" content=\"summary_large_image\" \/>\n<meta name=\"twitter:label1\" content=\"Dur\u00e9e de lecture estim\u00e9e\" \/>\n\t<meta name=\"twitter:data1\" content=\"1 minute\" \/>\n<script type=\"application\/ld+json\" class=\"yoast-schema-graph\">{\"@context\":\"https:\\\/\\\/schema.org\",\"@graph\":[{\"@type\":\"WebPage\",\"@id\":\"https:\\\/\\\/www.prisma-world.ch\\\/fr\\\/employer-branding\\\/development\\\/\",\"url\":\"https:\\\/\\\/www.prisma-world.ch\\\/fr\\\/employer-branding\\\/development\\\/\",\"name\":\"Development - Prisma World\",\"isPartOf\":{\"@id\":\"https:\\\/\\\/www.prisma-world.ch\\\/fr\\\/#website\"},\"primaryImageOfPage\":{\"@id\":\"https:\\\/\\\/www.prisma-world.ch\\\/fr\\\/employer-branding\\\/development\\\/#primaryimage\"},\"image\":{\"@id\":\"https:\\\/\\\/www.prisma-world.ch\\\/fr\\\/employer-branding\\\/development\\\/#primaryimage\"},\"thumbnailUrl\":\"https:\\\/\\\/www.prisma-world.ch\\\/wp-content\\\/uploads\\\/sites\\\/2\\\/2019\\\/10\\\/employer-branding.jpg\",\"datePublished\":\"2024-11-11T09:18:19+00:00\",\"dateModified\":\"2025-01-13T10:04:10+00:00\",\"breadcrumb\":{\"@id\":\"https:\\\/\\\/www.prisma-world.ch\\\/fr\\\/employer-branding\\\/development\\\/#breadcrumb\"},\"inLanguage\":\"fr-FR\",\"potentialAction\":[{\"@type\":\"ReadAction\",\"target\":[\"https:\\\/\\\/www.prisma-world.ch\\\/fr\\\/employer-branding\\\/development\\\/\"]}]},{\"@type\":\"ImageObject\",\"inLanguage\":\"fr-FR\",\"@id\":\"https:\\\/\\\/www.prisma-world.ch\\\/fr\\\/employer-branding\\\/development\\\/#primaryimage\",\"url\":\"https:\\\/\\\/www.prisma-world.ch\\\/wp-content\\\/uploads\\\/sites\\\/2\\\/2019\\\/10\\\/employer-branding.jpg\",\"contentUrl\":\"https:\\\/\\\/www.prisma-world.ch\\\/wp-content\\\/uploads\\\/sites\\\/2\\\/2019\\\/10\\\/employer-branding.jpg\",\"width\":1199,\"height\":300},{\"@type\":\"BreadcrumbList\",\"@id\":\"https:\\\/\\\/www.prisma-world.ch\\\/fr\\\/employer-branding\\\/development\\\/#breadcrumb\",\"itemListElement\":[{\"@type\":\"ListItem\",\"position\":1,\"name\":\"Home\",\"item\":\"https:\\\/\\\/www.prisma-world.ch\\\/fr\\\/\"},{\"@type\":\"ListItem\",\"position\":2,\"name\":\"Image de marque de l\u2019employeur\u00a0\"}]},{\"@type\":\"WebSite\",\"@id\":\"https:\\\/\\\/www.prisma-world.ch\\\/fr\\\/#website\",\"url\":\"https:\\\/\\\/www.prisma-world.ch\\\/fr\\\/\",\"name\":\"Prisma World\",\"description\":\"More Success with People\",\"publisher\":{\"@id\":\"https:\\\/\\\/www.prisma-world.ch\\\/fr\\\/#organization\"},\"potentialAction\":[{\"@type\":\"SearchAction\",\"target\":{\"@type\":\"EntryPoint\",\"urlTemplate\":\"https:\\\/\\\/www.prisma-world.ch\\\/fr\\\/?s={search_term_string}\"},\"query-input\":{\"@type\":\"PropertyValueSpecification\",\"valueRequired\":true,\"valueName\":\"search_term_string\"}}],\"inLanguage\":\"fr-FR\"},{\"@type\":\"Organization\",\"@id\":\"https:\\\/\\\/www.prisma-world.ch\\\/fr\\\/#organization\",\"name\":\"Prisma World\",\"url\":\"https:\\\/\\\/www.prisma-world.ch\\\/fr\\\/\",\"logo\":{\"@type\":\"ImageObject\",\"inLanguage\":\"fr-FR\",\"@id\":\"https:\\\/\\\/www.prisma-world.ch\\\/fr\\\/#\\\/schema\\\/logo\\\/image\\\/\",\"url\":\"https:\\\/\\\/www.prisma-world.ch\\\/wp-content\\\/uploads\\\/sites\\\/2\\\/2026\\\/04\\\/PWO_20-Jahre_Kombi_RGB_alpha_DE_ohne-Rand_klein-1.png\",\"contentUrl\":\"https:\\\/\\\/www.prisma-world.ch\\\/wp-content\\\/uploads\\\/sites\\\/2\\\/2026\\\/04\\\/PWO_20-Jahre_Kombi_RGB_alpha_DE_ohne-Rand_klein-1.png\",\"width\":473,\"height\":189,\"caption\":\"Prisma World\"},\"image\":{\"@id\":\"https:\\\/\\\/www.prisma-world.ch\\\/fr\\\/#\\\/schema\\\/logo\\\/image\\\/\"}}]}<\/script>\n<!-- \/ Yoast SEO plugin. -->","yoast_head_json":{"title":"Development - Prisma World","robots":{"index":"index","follow":"follow","max-snippet":"max-snippet:-1","max-image-preview":"max-image-preview:large","max-video-preview":"max-video-preview:-1"},"canonical":"https:\/\/www.prisma-world.ch\/fr\/employer-branding\/development\/","og_locale":"fr_FR","og_type":"article","og_title":"Development - Prisma World","og_description":"Des collaborateurs comp\u00e9tents font la diff\u00e9rence!\u00a0 D\u00e9couvrir et activer les capacit\u00e9s et les potentiels :&nbsp; Academy Formation ax\u00e9e sur la pratique gr\u00e2ce \u00e0 un concept de formation sp\u00e9cifique \u00e0 l&rsquo;organisation&nbsp; Gestion des comp\u00e9tences&nbsp; Efficacit\u00e9 cibl\u00e9e pour des collaborateurs polyvalents&nbsp; Diriger avec des objectifs&nbsp; Plus d&rsquo;efficacit\u00e9 gr\u00e2ce au management professionnel par objectifs (mbo)&nbsp; Technologie de l&rsquo;espace [&hellip;]","og_url":"https:\/\/www.prisma-world.ch\/fr\/employer-branding\/development\/","og_site_name":"Prisma World","article_modified_time":"2025-01-13T10:04:10+00:00","og_image":[{"width":1199,"height":300,"url":"https:\/\/www.prisma-world.ch\/wp-content\/uploads\/sites\/2\/2019\/10\/employer-branding.jpg","type":"image\/jpeg"}],"twitter_card":"summary_large_image","twitter_misc":{"Dur\u00e9e de lecture estim\u00e9e":"1 minute"},"schema":{"@context":"https:\/\/schema.org","@graph":[{"@type":"WebPage","@id":"https:\/\/www.prisma-world.ch\/fr\/employer-branding\/development\/","url":"https:\/\/www.prisma-world.ch\/fr\/employer-branding\/development\/","name":"Development - Prisma World","isPartOf":{"@id":"https:\/\/www.prisma-world.ch\/fr\/#website"},"primaryImageOfPage":{"@id":"https:\/\/www.prisma-world.ch\/fr\/employer-branding\/development\/#primaryimage"},"image":{"@id":"https:\/\/www.prisma-world.ch\/fr\/employer-branding\/development\/#primaryimage"},"thumbnailUrl":"https:\/\/www.prisma-world.ch\/wp-content\/uploads\/sites\/2\/2019\/10\/employer-branding.jpg","datePublished":"2024-11-11T09:18:19+00:00","dateModified":"2025-01-13T10:04:10+00:00","breadcrumb":{"@id":"https:\/\/www.prisma-world.ch\/fr\/employer-branding\/development\/#breadcrumb"},"inLanguage":"fr-FR","potentialAction":[{"@type":"ReadAction","target":["https:\/\/www.prisma-world.ch\/fr\/employer-branding\/development\/"]}]},{"@type":"ImageObject","inLanguage":"fr-FR","@id":"https:\/\/www.prisma-world.ch\/fr\/employer-branding\/development\/#primaryimage","url":"https:\/\/www.prisma-world.ch\/wp-content\/uploads\/sites\/2\/2019\/10\/employer-branding.jpg","contentUrl":"https:\/\/www.prisma-world.ch\/wp-content\/uploads\/sites\/2\/2019\/10\/employer-branding.jpg","width":1199,"height":300},{"@type":"BreadcrumbList","@id":"https:\/\/www.prisma-world.ch\/fr\/employer-branding\/development\/#breadcrumb","itemListElement":[{"@type":"ListItem","position":1,"name":"Home","item":"https:\/\/www.prisma-world.ch\/fr\/"},{"@type":"ListItem","position":2,"name":"Image de marque de l\u2019employeur\u00a0"}]},{"@type":"WebSite","@id":"https:\/\/www.prisma-world.ch\/fr\/#website","url":"https:\/\/www.prisma-world.ch\/fr\/","name":"Prisma World","description":"More Success with People","publisher":{"@id":"https:\/\/www.prisma-world.ch\/fr\/#organization"},"potentialAction":[{"@type":"SearchAction","target":{"@type":"EntryPoint","urlTemplate":"https:\/\/www.prisma-world.ch\/fr\/?s={search_term_string}"},"query-input":{"@type":"PropertyValueSpecification","valueRequired":true,"valueName":"search_term_string"}}],"inLanguage":"fr-FR"},{"@type":"Organization","@id":"https:\/\/www.prisma-world.ch\/fr\/#organization","name":"Prisma World","url":"https:\/\/www.prisma-world.ch\/fr\/","logo":{"@type":"ImageObject","inLanguage":"fr-FR","@id":"https:\/\/www.prisma-world.ch\/fr\/#\/schema\/logo\/image\/","url":"https:\/\/www.prisma-world.ch\/wp-content\/uploads\/sites\/2\/2026\/04\/PWO_20-Jahre_Kombi_RGB_alpha_DE_ohne-Rand_klein-1.png","contentUrl":"https:\/\/www.prisma-world.ch\/wp-content\/uploads\/sites\/2\/2026\/04\/PWO_20-Jahre_Kombi_RGB_alpha_DE_ohne-Rand_klein-1.png","width":473,"height":189,"caption":"Prisma World"},"image":{"@id":"https:\/\/www.prisma-world.ch\/fr\/#\/schema\/logo\/image\/"}}]}},"_links":{"self":[{"href":"https:\/\/www.prisma-world.ch\/fr\/wp-json\/wp\/v2\/pages\/1183","targetHints":{"allow":["GET"]}}],"collection":[{"href":"https:\/\/www.prisma-world.ch\/fr\/wp-json\/wp\/v2\/pages"}],"about":[{"href":"https:\/\/www.prisma-world.ch\/fr\/wp-json\/wp\/v2\/types\/page"}],"author":[{"embeddable":true,"href":"https:\/\/www.prisma-world.ch\/fr\/wp-json\/wp\/v2\/users\/1"}],"replies":[{"embeddable":true,"href":"https:\/\/www.prisma-world.ch\/fr\/wp-json\/wp\/v2\/comments?post=1183"}],"version-history":[{"count":3,"href":"https:\/\/www.prisma-world.ch\/fr\/wp-json\/wp\/v2\/pages\/1183\/revisions"}],"predecessor-version":[{"id":1433,"href":"https:\/\/www.prisma-world.ch\/fr\/wp-json\/wp\/v2\/pages\/1183\/revisions\/1433"}],"up":[{"embeddable":true,"href":"https:\/\/www.prisma-world.ch\/fr\/wp-json\/wp\/v2\/pages\/1058"}],"wp:featuredmedia":[{"embeddable":true,"href":"https:\/\/www.prisma-world.ch\/fr\/wp-json\/wp\/v2\/media\/1066"}],"wp:attachment":[{"href":"https:\/\/www.prisma-world.ch\/fr\/wp-json\/wp\/v2\/media?parent=1183"}],"curies":[{"name":"wp","href":"https:\/\/api.w.org\/{rel}","templated":true}]}}