{"id":1167,"date":"2024-11-11T09:13:58","date_gmt":"2024-11-11T09:13:58","guid":{"rendered":"https:\/\/prisma-world.ch\/?page_id=1167"},"modified":"2024-11-21T09:53:29","modified_gmt":"2024-11-21T09:53:29","slug":"individual-assessment","status":"publish","type":"page","link":"https:\/\/www.prisma-world.ch\/fr\/assessments\/individual-assessment\/","title":{"rendered":"\u00c9valuation individuelle (assessment)\u00a0"},"content":{"rendered":"\n<h2 class=\"wp-block-heading\">Reconna\u00eetre avec pr\u00e9cision les meilleurs talents\u00a0<\/h2>\n\n\n\n<p>L\u2019\u00e9valuation individuel est utilis\u00e9e pour <em>assurer <\/em>les d\u00e9cisions de s\u00e9lection ou pour analyser le potentiel.&nbsp;<\/p>\n\n\n\n<p>Selon le niveau de direction et le profil d&rsquo;exigences du poste vis\u00e9, nous r\u00e9alisons des \u00e9valuations individuelles d&rsquo;une demi-journ\u00e9e \u00e0 deux jours.&nbsp;<\/p>\n\n\n\n<p>Le comportement des candidats est observ\u00e9 et \u00e9valu\u00e9 par au moins deux experts (principe des quatre yeux) dans diff\u00e9rentes situations en utilisant diff\u00e9rentes m\u00e9thodes et tests.&nbsp;<\/p>\n\n\n\n<p>Le rapport d&rsquo;\u00e9valuation \u00e9crit, d\u00e9crit la personnalit\u00e9 des candidats, la compare aux exigences du poste et \u00e9met une recommandation claire. Cela r\u00e9duit le risque d&rsquo;erreurs de casting co\u00fbteuses et permet aux collaborateurs de d\u00e9velopper pleinement leur potentiel.&nbsp;<\/p>\n\n\n\n<p>Contactez-nous sans engagement et nous vous communiquerons volontiers des informations d\u00e9taill\u00e9es sur les \u00e9valuations individuels.&nbsp;<\/p>\n\n\n<div class=\"wp-block-image\">\n<figure class=\"aligncenter size-large is-resized\"><img loading=\"lazy\" decoding=\"async\" width=\"1024\" height=\"327\" src=\"https:\/\/prisma-world.ch\/wp-content\/uploads\/sites\/2\/2019\/12\/Zertifizierungsstempel_3_SwissSafety_SwissAssessment-15-1024x327.jpg\" alt=\"\" class=\"wp-image-654\" style=\"width:344px;height:110px\" srcset=\"https:\/\/www.prisma-world.ch\/wp-content\/uploads\/sites\/2\/2019\/12\/Zertifizierungsstempel_3_SwissSafety_SwissAssessment-15-1024x327.jpg 1024w, https:\/\/www.prisma-world.ch\/wp-content\/uploads\/sites\/2\/2019\/12\/Zertifizierungsstempel_3_SwissSafety_SwissAssessment-15-516x165.jpg 516w, https:\/\/www.prisma-world.ch\/wp-content\/uploads\/sites\/2\/2019\/12\/Zertifizierungsstempel_3_SwissSafety_SwissAssessment-15-768x245.jpg 768w, https:\/\/www.prisma-world.ch\/wp-content\/uploads\/sites\/2\/2019\/12\/Zertifizierungsstempel_3_SwissSafety_SwissAssessment-15-1536x491.jpg 1536w, https:\/\/www.prisma-world.ch\/wp-content\/uploads\/sites\/2\/2019\/12\/Zertifizierungsstempel_3_SwissSafety_SwissAssessment-15-497x159.jpg 497w, https:\/\/www.prisma-world.ch\/wp-content\/uploads\/sites\/2\/2019\/12\/Zertifizierungsstempel_3_SwissSafety_SwissAssessment-15.jpg 1687w\" sizes=\"auto, (max-width: 1024px) 100vw, 1024px\" \/><\/figure>\n<\/div>","protected":false},"excerpt":{"rendered":"<p>Reconna\u00eetre avec pr\u00e9cision les meilleurs talents\u00a0 L\u2019\u00e9valuation individuel est utilis\u00e9e pour assurer les d\u00e9cisions de s\u00e9lection ou pour analyser le potentiel.&nbsp; Selon le niveau de direction et le profil d&rsquo;exigences du poste vis\u00e9, nous r\u00e9alisons des \u00e9valuations individuelles d&rsquo;une demi-journ\u00e9e \u00e0 deux jours.&nbsp; Le comportement des candidats est observ\u00e9 et \u00e9valu\u00e9 par au moins deux [&hellip;]<\/p>\n","protected":false},"author":1,"featured_media":1118,"parent":1085,"menu_order":2,"comment_status":"closed","ping_status":"closed","template":"","meta":{"_acf_changed":false,"footnotes":""},"class_list":["post-1167","page","type-page","status-publish","has-post-thumbnail","hentry"],"acf":[],"yoast_head":"<!-- This site is optimized with the Yoast SEO plugin v27.5 - https:\/\/yoast.com\/product\/yoast-seo-wordpress\/ -->\n<title>\u00c9valuation individuelle (assessment)\u00a0 - Prisma World<\/title>\n<meta name=\"robots\" content=\"index, follow, max-snippet:-1, max-image-preview:large, max-video-preview:-1\" \/>\n<link rel=\"canonical\" href=\"https:\/\/www.prisma-world.ch\/fr\/assessments\/individual-assessment\/\" \/>\n<meta property=\"og:locale\" content=\"fr_FR\" \/>\n<meta property=\"og:type\" content=\"article\" \/>\n<meta property=\"og:title\" content=\"\u00c9valuation individuelle (assessment)\u00a0 - Prisma World\" \/>\n<meta property=\"og:description\" content=\"Reconna\u00eetre avec pr\u00e9cision les meilleurs talents\u00a0 L\u2019\u00e9valuation individuel est utilis\u00e9e pour assurer les d\u00e9cisions de s\u00e9lection ou pour analyser le potentiel.&nbsp; Selon le niveau de direction et le profil d&rsquo;exigences du poste vis\u00e9, nous r\u00e9alisons des \u00e9valuations individuelles d&rsquo;une demi-journ\u00e9e \u00e0 deux jours.&nbsp; Le comportement des candidats est observ\u00e9 et \u00e9valu\u00e9 par au moins deux [&hellip;]\" \/>\n<meta property=\"og:url\" content=\"https:\/\/www.prisma-world.ch\/fr\/assessments\/individual-assessment\/\" \/>\n<meta property=\"og:site_name\" content=\"Prisma World\" \/>\n<meta property=\"article:modified_time\" content=\"2024-11-21T09:53:29+00:00\" \/>\n<meta property=\"og:image\" content=\"https:\/\/www.prisma-world.ch\/wp-content\/uploads\/sites\/2\/2019\/10\/e-assessment.jpg\" \/>\n\t<meta property=\"og:image:width\" content=\"1199\" \/>\n\t<meta property=\"og:image:height\" content=\"300\" \/>\n\t<meta property=\"og:image:type\" content=\"image\/jpeg\" \/>\n<meta name=\"twitter:card\" content=\"summary_large_image\" \/>\n<meta name=\"twitter:label1\" content=\"Dur\u00e9e de lecture estim\u00e9e\" \/>\n\t<meta name=\"twitter:data1\" content=\"1 minute\" \/>\n<script type=\"application\/ld+json\" class=\"yoast-schema-graph\">{\"@context\":\"https:\\\/\\\/schema.org\",\"@graph\":[{\"@type\":\"WebPage\",\"@id\":\"https:\\\/\\\/www.prisma-world.ch\\\/fr\\\/assessments\\\/individual-assessment\\\/\",\"url\":\"https:\\\/\\\/www.prisma-world.ch\\\/fr\\\/assessments\\\/individual-assessment\\\/\",\"name\":\"\u00c9valuation individuelle (assessment)\u00a0 - Prisma World\",\"isPartOf\":{\"@id\":\"https:\\\/\\\/www.prisma-world.ch\\\/fr\\\/#website\"},\"primaryImageOfPage\":{\"@id\":\"https:\\\/\\\/www.prisma-world.ch\\\/fr\\\/assessments\\\/individual-assessment\\\/#primaryimage\"},\"image\":{\"@id\":\"https:\\\/\\\/www.prisma-world.ch\\\/fr\\\/assessments\\\/individual-assessment\\\/#primaryimage\"},\"thumbnailUrl\":\"https:\\\/\\\/www.prisma-world.ch\\\/wp-content\\\/uploads\\\/sites\\\/2\\\/2019\\\/10\\\/e-assessment.jpg\",\"datePublished\":\"2024-11-11T09:13:58+00:00\",\"dateModified\":\"2024-11-21T09:53:29+00:00\",\"breadcrumb\":{\"@id\":\"https:\\\/\\\/www.prisma-world.ch\\\/fr\\\/assessments\\\/individual-assessment\\\/#breadcrumb\"},\"inLanguage\":\"fr-FR\",\"potentialAction\":[{\"@type\":\"ReadAction\",\"target\":[\"https:\\\/\\\/www.prisma-world.ch\\\/fr\\\/assessments\\\/individual-assessment\\\/\"]}]},{\"@type\":\"ImageObject\",\"inLanguage\":\"fr-FR\",\"@id\":\"https:\\\/\\\/www.prisma-world.ch\\\/fr\\\/assessments\\\/individual-assessment\\\/#primaryimage\",\"url\":\"https:\\\/\\\/www.prisma-world.ch\\\/wp-content\\\/uploads\\\/sites\\\/2\\\/2019\\\/10\\\/e-assessment.jpg\",\"contentUrl\":\"https:\\\/\\\/www.prisma-world.ch\\\/wp-content\\\/uploads\\\/sites\\\/2\\\/2019\\\/10\\\/e-assessment.jpg\",\"width\":1199,\"height\":300},{\"@type\":\"BreadcrumbList\",\"@id\":\"https:\\\/\\\/www.prisma-world.ch\\\/fr\\\/assessments\\\/individual-assessment\\\/#breadcrumb\",\"itemListElement\":[{\"@type\":\"ListItem\",\"position\":1,\"name\":\"Home\",\"item\":\"https:\\\/\\\/www.prisma-world.ch\\\/fr\\\/\"},{\"@type\":\"ListItem\",\"position\":2,\"name\":\"\u00c9valuations\u00a0\"}]},{\"@type\":\"WebSite\",\"@id\":\"https:\\\/\\\/www.prisma-world.ch\\\/fr\\\/#website\",\"url\":\"https:\\\/\\\/www.prisma-world.ch\\\/fr\\\/\",\"name\":\"Prisma World\",\"description\":\"More Success with People\",\"publisher\":{\"@id\":\"https:\\\/\\\/www.prisma-world.ch\\\/fr\\\/#organization\"},\"potentialAction\":[{\"@type\":\"SearchAction\",\"target\":{\"@type\":\"EntryPoint\",\"urlTemplate\":\"https:\\\/\\\/www.prisma-world.ch\\\/fr\\\/?s={search_term_string}\"},\"query-input\":{\"@type\":\"PropertyValueSpecification\",\"valueRequired\":true,\"valueName\":\"search_term_string\"}}],\"inLanguage\":\"fr-FR\"},{\"@type\":\"Organization\",\"@id\":\"https:\\\/\\\/www.prisma-world.ch\\\/fr\\\/#organization\",\"name\":\"Prisma World\",\"url\":\"https:\\\/\\\/www.prisma-world.ch\\\/fr\\\/\",\"logo\":{\"@type\":\"ImageObject\",\"inLanguage\":\"fr-FR\",\"@id\":\"https:\\\/\\\/www.prisma-world.ch\\\/fr\\\/#\\\/schema\\\/logo\\\/image\\\/\",\"url\":\"https:\\\/\\\/www.prisma-world.ch\\\/wp-content\\\/uploads\\\/sites\\\/2\\\/2026\\\/04\\\/PWO_20-Jahre_Kombi_RGB_alpha_DE_ohne-Rand_klein-1.png\",\"contentUrl\":\"https:\\\/\\\/www.prisma-world.ch\\\/wp-content\\\/uploads\\\/sites\\\/2\\\/2026\\\/04\\\/PWO_20-Jahre_Kombi_RGB_alpha_DE_ohne-Rand_klein-1.png\",\"width\":473,\"height\":189,\"caption\":\"Prisma World\"},\"image\":{\"@id\":\"https:\\\/\\\/www.prisma-world.ch\\\/fr\\\/#\\\/schema\\\/logo\\\/image\\\/\"}}]}<\/script>\n<!-- \/ Yoast SEO plugin. -->","yoast_head_json":{"title":"\u00c9valuation individuelle (assessment)\u00a0 - Prisma World","robots":{"index":"index","follow":"follow","max-snippet":"max-snippet:-1","max-image-preview":"max-image-preview:large","max-video-preview":"max-video-preview:-1"},"canonical":"https:\/\/www.prisma-world.ch\/fr\/assessments\/individual-assessment\/","og_locale":"fr_FR","og_type":"article","og_title":"\u00c9valuation individuelle (assessment)\u00a0 - Prisma World","og_description":"Reconna\u00eetre avec pr\u00e9cision les meilleurs talents\u00a0 L\u2019\u00e9valuation individuel est utilis\u00e9e pour assurer les d\u00e9cisions de s\u00e9lection ou pour analyser le potentiel.&nbsp; Selon le niveau de direction et le profil d&rsquo;exigences du poste vis\u00e9, nous r\u00e9alisons des \u00e9valuations individuelles d&rsquo;une demi-journ\u00e9e \u00e0 deux jours.&nbsp; Le comportement des candidats est observ\u00e9 et \u00e9valu\u00e9 par au moins deux [&hellip;]","og_url":"https:\/\/www.prisma-world.ch\/fr\/assessments\/individual-assessment\/","og_site_name":"Prisma World","article_modified_time":"2024-11-21T09:53:29+00:00","og_image":[{"width":1199,"height":300,"url":"https:\/\/www.prisma-world.ch\/wp-content\/uploads\/sites\/2\/2019\/10\/e-assessment.jpg","type":"image\/jpeg"}],"twitter_card":"summary_large_image","twitter_misc":{"Dur\u00e9e de lecture estim\u00e9e":"1 minute"},"schema":{"@context":"https:\/\/schema.org","@graph":[{"@type":"WebPage","@id":"https:\/\/www.prisma-world.ch\/fr\/assessments\/individual-assessment\/","url":"https:\/\/www.prisma-world.ch\/fr\/assessments\/individual-assessment\/","name":"\u00c9valuation individuelle (assessment)\u00a0 - Prisma World","isPartOf":{"@id":"https:\/\/www.prisma-world.ch\/fr\/#website"},"primaryImageOfPage":{"@id":"https:\/\/www.prisma-world.ch\/fr\/assessments\/individual-assessment\/#primaryimage"},"image":{"@id":"https:\/\/www.prisma-world.ch\/fr\/assessments\/individual-assessment\/#primaryimage"},"thumbnailUrl":"https:\/\/www.prisma-world.ch\/wp-content\/uploads\/sites\/2\/2019\/10\/e-assessment.jpg","datePublished":"2024-11-11T09:13:58+00:00","dateModified":"2024-11-21T09:53:29+00:00","breadcrumb":{"@id":"https:\/\/www.prisma-world.ch\/fr\/assessments\/individual-assessment\/#breadcrumb"},"inLanguage":"fr-FR","potentialAction":[{"@type":"ReadAction","target":["https:\/\/www.prisma-world.ch\/fr\/assessments\/individual-assessment\/"]}]},{"@type":"ImageObject","inLanguage":"fr-FR","@id":"https:\/\/www.prisma-world.ch\/fr\/assessments\/individual-assessment\/#primaryimage","url":"https:\/\/www.prisma-world.ch\/wp-content\/uploads\/sites\/2\/2019\/10\/e-assessment.jpg","contentUrl":"https:\/\/www.prisma-world.ch\/wp-content\/uploads\/sites\/2\/2019\/10\/e-assessment.jpg","width":1199,"height":300},{"@type":"BreadcrumbList","@id":"https:\/\/www.prisma-world.ch\/fr\/assessments\/individual-assessment\/#breadcrumb","itemListElement":[{"@type":"ListItem","position":1,"name":"Home","item":"https:\/\/www.prisma-world.ch\/fr\/"},{"@type":"ListItem","position":2,"name":"\u00c9valuations\u00a0"}]},{"@type":"WebSite","@id":"https:\/\/www.prisma-world.ch\/fr\/#website","url":"https:\/\/www.prisma-world.ch\/fr\/","name":"Prisma World","description":"More Success with People","publisher":{"@id":"https:\/\/www.prisma-world.ch\/fr\/#organization"},"potentialAction":[{"@type":"SearchAction","target":{"@type":"EntryPoint","urlTemplate":"https:\/\/www.prisma-world.ch\/fr\/?s={search_term_string}"},"query-input":{"@type":"PropertyValueSpecification","valueRequired":true,"valueName":"search_term_string"}}],"inLanguage":"fr-FR"},{"@type":"Organization","@id":"https:\/\/www.prisma-world.ch\/fr\/#organization","name":"Prisma World","url":"https:\/\/www.prisma-world.ch\/fr\/","logo":{"@type":"ImageObject","inLanguage":"fr-FR","@id":"https:\/\/www.prisma-world.ch\/fr\/#\/schema\/logo\/image\/","url":"https:\/\/www.prisma-world.ch\/wp-content\/uploads\/sites\/2\/2026\/04\/PWO_20-Jahre_Kombi_RGB_alpha_DE_ohne-Rand_klein-1.png","contentUrl":"https:\/\/www.prisma-world.ch\/wp-content\/uploads\/sites\/2\/2026\/04\/PWO_20-Jahre_Kombi_RGB_alpha_DE_ohne-Rand_klein-1.png","width":473,"height":189,"caption":"Prisma World"},"image":{"@id":"https:\/\/www.prisma-world.ch\/fr\/#\/schema\/logo\/image\/"}}]}},"_links":{"self":[{"href":"https:\/\/www.prisma-world.ch\/fr\/wp-json\/wp\/v2\/pages\/1167","targetHints":{"allow":["GET"]}}],"collection":[{"href":"https:\/\/www.prisma-world.ch\/fr\/wp-json\/wp\/v2\/pages"}],"about":[{"href":"https:\/\/www.prisma-world.ch\/fr\/wp-json\/wp\/v2\/types\/page"}],"author":[{"embeddable":true,"href":"https:\/\/www.prisma-world.ch\/fr\/wp-json\/wp\/v2\/users\/1"}],"replies":[{"embeddable":true,"href":"https:\/\/www.prisma-world.ch\/fr\/wp-json\/wp\/v2\/comments?post=1167"}],"version-history":[{"count":3,"href":"https:\/\/www.prisma-world.ch\/fr\/wp-json\/wp\/v2\/pages\/1167\/revisions"}],"predecessor-version":[{"id":1338,"href":"https:\/\/www.prisma-world.ch\/fr\/wp-json\/wp\/v2\/pages\/1167\/revisions\/1338"}],"up":[{"embeddable":true,"href":"https:\/\/www.prisma-world.ch\/fr\/wp-json\/wp\/v2\/pages\/1085"}],"wp:featuredmedia":[{"embeddable":true,"href":"https:\/\/www.prisma-world.ch\/fr\/wp-json\/wp\/v2\/media\/1118"}],"wp:attachment":[{"href":"https:\/\/www.prisma-world.ch\/fr\/wp-json\/wp\/v2\/media?parent=1167"}],"curies":[{"name":"wp","href":"https:\/\/api.w.org\/{rel}","templated":true}]}}