{"id":1145,"date":"2024-11-11T09:12:28","date_gmt":"2024-11-11T09:12:28","guid":{"rendered":"https:\/\/prisma-world.ch\/?page_id=1145"},"modified":"2024-11-21T10:00:49","modified_gmt":"2024-11-21T10:00:49","slug":"tailor-made-assessment-centre","status":"publish","type":"page","link":"https:\/\/www.prisma-world.ch\/fr\/assessments\/tailor-made-assessment-centre\/","title":{"rendered":"Tailor Made Assessment Centre"},"content":{"rendered":"\n<h2 class=\"wp-block-heading\">Sur mesure pour vos besoins et vos objectifs\u00a0<\/h2>\n\n\n\n<p>Le Taylor Made Assessment Center est une proc\u00e9dure de groupe. Il est utilis\u00e9 pour l&rsquo;\u00e9valuation des aptitudes et soutient les d\u00e9cisions lors de la s\u00e9lection du personnel et de l&rsquo;\u00e9valuation du potentiel \u00e0 tous les niveaux, des jeunes talents aux cadres moyens.&nbsp;<\/p>\n\n\n\n<p>Les centres d&rsquo;\u00e9valuation Taylor Made sont adapt\u00e9s \u00e0 votre situation individuelle, \u00e0 vos questions et \u00e0 vos attentes, ce qui explique que la dur\u00e9e de l&rsquo;\u00e9valuation et le nombre de participants et d&rsquo;observateurs varient. Souvent, 6 \u00e0 12 personnes sont observ\u00e9es par 2 \u00e0 5 assesseurs pendant 1 \u00e0 3 jours.&nbsp;<\/p>\n\n\n\n<p>Ces assessment centers se composent de diff\u00e9rentes t\u00e2ches adapt\u00e9es aux objectifs, telles que des entretiens de direction, des discussions de groupe coop\u00e9ratives et comp\u00e9titives, des pr\u00e9sentations, des tests analytiques, une \u00e9tude de cas, etc.&nbsp;<\/p>\n\n\n\n<p>Le rapport \u00e9crit et les entretiens de feed-back servent d&rsquo;aide \u00e0 la d\u00e9cision et offrent ainsi la possibilit\u00e9 de conforter les d\u00e9cisions en mati\u00e8re de personnel et de promotion, m\u00eame pour des groupes plus grands, et d&rsquo;exploiter au mieux les potentiels de l&rsquo;entreprise.&nbsp;<\/p>\n\n\n\n<p>Contactez-nous sans engagement et nous vous donnerons volontiers des informations d\u00e9taill\u00e9es sur l&rsquo;Assessment Center&nbsp;<\/p>\n\n\n<div class=\"wp-block-image\">\n<figure class=\"aligncenter size-large is-resized\"><img loading=\"lazy\" decoding=\"async\" width=\"1024\" height=\"327\" src=\"https:\/\/prisma-world.ch\/wp-content\/uploads\/sites\/2\/2019\/12\/Zertifizierungsstempel_3_SwissSafety_SwissAssessment-12-1024x327.jpg\" alt=\"\" class=\"wp-image-643\" style=\"width:344px;height:110px\" srcset=\"https:\/\/www.prisma-world.ch\/wp-content\/uploads\/sites\/2\/2019\/12\/Zertifizierungsstempel_3_SwissSafety_SwissAssessment-12-1024x327.jpg 1024w, https:\/\/www.prisma-world.ch\/wp-content\/uploads\/sites\/2\/2019\/12\/Zertifizierungsstempel_3_SwissSafety_SwissAssessment-12-516x165.jpg 516w, https:\/\/www.prisma-world.ch\/wp-content\/uploads\/sites\/2\/2019\/12\/Zertifizierungsstempel_3_SwissSafety_SwissAssessment-12-768x245.jpg 768w, https:\/\/www.prisma-world.ch\/wp-content\/uploads\/sites\/2\/2019\/12\/Zertifizierungsstempel_3_SwissSafety_SwissAssessment-12-1536x491.jpg 1536w, https:\/\/www.prisma-world.ch\/wp-content\/uploads\/sites\/2\/2019\/12\/Zertifizierungsstempel_3_SwissSafety_SwissAssessment-12-497x159.jpg 497w, https:\/\/www.prisma-world.ch\/wp-content\/uploads\/sites\/2\/2019\/12\/Zertifizierungsstempel_3_SwissSafety_SwissAssessment-12.jpg 1687w\" sizes=\"auto, (max-width: 1024px) 100vw, 1024px\" \/><\/figure>\n<\/div>","protected":false},"excerpt":{"rendered":"<p>Sur mesure pour vos besoins et vos objectifs\u00a0 Le Taylor Made Assessment Center est une proc\u00e9dure de groupe. Il est utilis\u00e9 pour l&rsquo;\u00e9valuation des aptitudes et soutient les d\u00e9cisions lors de la s\u00e9lection du personnel et de l&rsquo;\u00e9valuation du potentiel \u00e0 tous les niveaux, des jeunes talents aux cadres moyens.&nbsp; Les centres d&rsquo;\u00e9valuation Taylor Made [&hellip;]<\/p>\n","protected":false},"author":1,"featured_media":1118,"parent":1085,"menu_order":5,"comment_status":"closed","ping_status":"closed","template":"","meta":{"_acf_changed":false,"footnotes":""},"class_list":["post-1145","page","type-page","status-publish","has-post-thumbnail","hentry"],"acf":[],"yoast_head":"<!-- This site is optimized with the Yoast SEO plugin v27.5 - https:\/\/yoast.com\/product\/yoast-seo-wordpress\/ -->\n<title>Tailor Made Assessment Centre - Prisma World<\/title>\n<meta name=\"robots\" content=\"index, follow, max-snippet:-1, max-image-preview:large, max-video-preview:-1\" \/>\n<link rel=\"canonical\" href=\"https:\/\/www.prisma-world.ch\/fr\/assessments\/tailor-made-assessment-centre\/\" \/>\n<meta property=\"og:locale\" content=\"fr_FR\" \/>\n<meta property=\"og:type\" content=\"article\" \/>\n<meta property=\"og:title\" content=\"Tailor Made Assessment Centre - Prisma World\" \/>\n<meta property=\"og:description\" content=\"Sur mesure pour vos besoins et vos objectifs\u00a0 Le Taylor Made Assessment Center est une proc\u00e9dure de groupe. Il est utilis\u00e9 pour l&rsquo;\u00e9valuation des aptitudes et soutient les d\u00e9cisions lors de la s\u00e9lection du personnel et de l&rsquo;\u00e9valuation du potentiel \u00e0 tous les niveaux, des jeunes talents aux cadres moyens.&nbsp; Les centres d&rsquo;\u00e9valuation Taylor Made [&hellip;]\" \/>\n<meta property=\"og:url\" content=\"https:\/\/www.prisma-world.ch\/fr\/assessments\/tailor-made-assessment-centre\/\" \/>\n<meta property=\"og:site_name\" content=\"Prisma World\" \/>\n<meta property=\"article:modified_time\" content=\"2024-11-21T10:00:49+00:00\" \/>\n<meta property=\"og:image\" content=\"https:\/\/www.prisma-world.ch\/wp-content\/uploads\/sites\/2\/2019\/10\/e-assessment.jpg\" \/>\n\t<meta property=\"og:image:width\" content=\"1199\" \/>\n\t<meta property=\"og:image:height\" content=\"300\" \/>\n\t<meta property=\"og:image:type\" content=\"image\/jpeg\" \/>\n<meta name=\"twitter:card\" content=\"summary_large_image\" \/>\n<meta name=\"twitter:label1\" content=\"Dur\u00e9e de lecture estim\u00e9e\" \/>\n\t<meta name=\"twitter:data1\" content=\"2 minutes\" \/>\n<script type=\"application\/ld+json\" class=\"yoast-schema-graph\">{\"@context\":\"https:\\\/\\\/schema.org\",\"@graph\":[{\"@type\":\"WebPage\",\"@id\":\"https:\\\/\\\/www.prisma-world.ch\\\/fr\\\/assessments\\\/tailor-made-assessment-centre\\\/\",\"url\":\"https:\\\/\\\/www.prisma-world.ch\\\/fr\\\/assessments\\\/tailor-made-assessment-centre\\\/\",\"name\":\"Tailor Made Assessment Centre - Prisma World\",\"isPartOf\":{\"@id\":\"https:\\\/\\\/www.prisma-world.ch\\\/fr\\\/#website\"},\"primaryImageOfPage\":{\"@id\":\"https:\\\/\\\/www.prisma-world.ch\\\/fr\\\/assessments\\\/tailor-made-assessment-centre\\\/#primaryimage\"},\"image\":{\"@id\":\"https:\\\/\\\/www.prisma-world.ch\\\/fr\\\/assessments\\\/tailor-made-assessment-centre\\\/#primaryimage\"},\"thumbnailUrl\":\"https:\\\/\\\/www.prisma-world.ch\\\/wp-content\\\/uploads\\\/sites\\\/2\\\/2019\\\/10\\\/e-assessment.jpg\",\"datePublished\":\"2024-11-11T09:12:28+00:00\",\"dateModified\":\"2024-11-21T10:00:49+00:00\",\"breadcrumb\":{\"@id\":\"https:\\\/\\\/www.prisma-world.ch\\\/fr\\\/assessments\\\/tailor-made-assessment-centre\\\/#breadcrumb\"},\"inLanguage\":\"fr-FR\",\"potentialAction\":[{\"@type\":\"ReadAction\",\"target\":[\"https:\\\/\\\/www.prisma-world.ch\\\/fr\\\/assessments\\\/tailor-made-assessment-centre\\\/\"]}]},{\"@type\":\"ImageObject\",\"inLanguage\":\"fr-FR\",\"@id\":\"https:\\\/\\\/www.prisma-world.ch\\\/fr\\\/assessments\\\/tailor-made-assessment-centre\\\/#primaryimage\",\"url\":\"https:\\\/\\\/www.prisma-world.ch\\\/wp-content\\\/uploads\\\/sites\\\/2\\\/2019\\\/10\\\/e-assessment.jpg\",\"contentUrl\":\"https:\\\/\\\/www.prisma-world.ch\\\/wp-content\\\/uploads\\\/sites\\\/2\\\/2019\\\/10\\\/e-assessment.jpg\",\"width\":1199,\"height\":300},{\"@type\":\"BreadcrumbList\",\"@id\":\"https:\\\/\\\/www.prisma-world.ch\\\/fr\\\/assessments\\\/tailor-made-assessment-centre\\\/#breadcrumb\",\"itemListElement\":[{\"@type\":\"ListItem\",\"position\":1,\"name\":\"Home\",\"item\":\"https:\\\/\\\/www.prisma-world.ch\\\/fr\\\/\"},{\"@type\":\"ListItem\",\"position\":2,\"name\":\"\u00c9valuations\u00a0\"}]},{\"@type\":\"WebSite\",\"@id\":\"https:\\\/\\\/www.prisma-world.ch\\\/fr\\\/#website\",\"url\":\"https:\\\/\\\/www.prisma-world.ch\\\/fr\\\/\",\"name\":\"Prisma World\",\"description\":\"More Success with People\",\"publisher\":{\"@id\":\"https:\\\/\\\/www.prisma-world.ch\\\/fr\\\/#organization\"},\"potentialAction\":[{\"@type\":\"SearchAction\",\"target\":{\"@type\":\"EntryPoint\",\"urlTemplate\":\"https:\\\/\\\/www.prisma-world.ch\\\/fr\\\/?s={search_term_string}\"},\"query-input\":{\"@type\":\"PropertyValueSpecification\",\"valueRequired\":true,\"valueName\":\"search_term_string\"}}],\"inLanguage\":\"fr-FR\"},{\"@type\":\"Organization\",\"@id\":\"https:\\\/\\\/www.prisma-world.ch\\\/fr\\\/#organization\",\"name\":\"Prisma World\",\"url\":\"https:\\\/\\\/www.prisma-world.ch\\\/fr\\\/\",\"logo\":{\"@type\":\"ImageObject\",\"inLanguage\":\"fr-FR\",\"@id\":\"https:\\\/\\\/www.prisma-world.ch\\\/fr\\\/#\\\/schema\\\/logo\\\/image\\\/\",\"url\":\"https:\\\/\\\/www.prisma-world.ch\\\/wp-content\\\/uploads\\\/sites\\\/2\\\/2026\\\/04\\\/PWO_20-Jahre_Kombi_RGB_alpha_DE_ohne-Rand_klein-1.png\",\"contentUrl\":\"https:\\\/\\\/www.prisma-world.ch\\\/wp-content\\\/uploads\\\/sites\\\/2\\\/2026\\\/04\\\/PWO_20-Jahre_Kombi_RGB_alpha_DE_ohne-Rand_klein-1.png\",\"width\":473,\"height\":189,\"caption\":\"Prisma World\"},\"image\":{\"@id\":\"https:\\\/\\\/www.prisma-world.ch\\\/fr\\\/#\\\/schema\\\/logo\\\/image\\\/\"}}]}<\/script>\n<!-- \/ Yoast SEO plugin. -->","yoast_head_json":{"title":"Tailor Made Assessment Centre - Prisma World","robots":{"index":"index","follow":"follow","max-snippet":"max-snippet:-1","max-image-preview":"max-image-preview:large","max-video-preview":"max-video-preview:-1"},"canonical":"https:\/\/www.prisma-world.ch\/fr\/assessments\/tailor-made-assessment-centre\/","og_locale":"fr_FR","og_type":"article","og_title":"Tailor Made Assessment Centre - Prisma World","og_description":"Sur mesure pour vos besoins et vos objectifs\u00a0 Le Taylor Made Assessment Center est une proc\u00e9dure de groupe. Il est utilis\u00e9 pour l&rsquo;\u00e9valuation des aptitudes et soutient les d\u00e9cisions lors de la s\u00e9lection du personnel et de l&rsquo;\u00e9valuation du potentiel \u00e0 tous les niveaux, des jeunes talents aux cadres moyens.&nbsp; Les centres d&rsquo;\u00e9valuation Taylor Made [&hellip;]","og_url":"https:\/\/www.prisma-world.ch\/fr\/assessments\/tailor-made-assessment-centre\/","og_site_name":"Prisma World","article_modified_time":"2024-11-21T10:00:49+00:00","og_image":[{"width":1199,"height":300,"url":"https:\/\/www.prisma-world.ch\/wp-content\/uploads\/sites\/2\/2019\/10\/e-assessment.jpg","type":"image\/jpeg"}],"twitter_card":"summary_large_image","twitter_misc":{"Dur\u00e9e de lecture estim\u00e9e":"2 minutes"},"schema":{"@context":"https:\/\/schema.org","@graph":[{"@type":"WebPage","@id":"https:\/\/www.prisma-world.ch\/fr\/assessments\/tailor-made-assessment-centre\/","url":"https:\/\/www.prisma-world.ch\/fr\/assessments\/tailor-made-assessment-centre\/","name":"Tailor Made Assessment Centre - Prisma World","isPartOf":{"@id":"https:\/\/www.prisma-world.ch\/fr\/#website"},"primaryImageOfPage":{"@id":"https:\/\/www.prisma-world.ch\/fr\/assessments\/tailor-made-assessment-centre\/#primaryimage"},"image":{"@id":"https:\/\/www.prisma-world.ch\/fr\/assessments\/tailor-made-assessment-centre\/#primaryimage"},"thumbnailUrl":"https:\/\/www.prisma-world.ch\/wp-content\/uploads\/sites\/2\/2019\/10\/e-assessment.jpg","datePublished":"2024-11-11T09:12:28+00:00","dateModified":"2024-11-21T10:00:49+00:00","breadcrumb":{"@id":"https:\/\/www.prisma-world.ch\/fr\/assessments\/tailor-made-assessment-centre\/#breadcrumb"},"inLanguage":"fr-FR","potentialAction":[{"@type":"ReadAction","target":["https:\/\/www.prisma-world.ch\/fr\/assessments\/tailor-made-assessment-centre\/"]}]},{"@type":"ImageObject","inLanguage":"fr-FR","@id":"https:\/\/www.prisma-world.ch\/fr\/assessments\/tailor-made-assessment-centre\/#primaryimage","url":"https:\/\/www.prisma-world.ch\/wp-content\/uploads\/sites\/2\/2019\/10\/e-assessment.jpg","contentUrl":"https:\/\/www.prisma-world.ch\/wp-content\/uploads\/sites\/2\/2019\/10\/e-assessment.jpg","width":1199,"height":300},{"@type":"BreadcrumbList","@id":"https:\/\/www.prisma-world.ch\/fr\/assessments\/tailor-made-assessment-centre\/#breadcrumb","itemListElement":[{"@type":"ListItem","position":1,"name":"Home","item":"https:\/\/www.prisma-world.ch\/fr\/"},{"@type":"ListItem","position":2,"name":"\u00c9valuations\u00a0"}]},{"@type":"WebSite","@id":"https:\/\/www.prisma-world.ch\/fr\/#website","url":"https:\/\/www.prisma-world.ch\/fr\/","name":"Prisma World","description":"More Success with People","publisher":{"@id":"https:\/\/www.prisma-world.ch\/fr\/#organization"},"potentialAction":[{"@type":"SearchAction","target":{"@type":"EntryPoint","urlTemplate":"https:\/\/www.prisma-world.ch\/fr\/?s={search_term_string}"},"query-input":{"@type":"PropertyValueSpecification","valueRequired":true,"valueName":"search_term_string"}}],"inLanguage":"fr-FR"},{"@type":"Organization","@id":"https:\/\/www.prisma-world.ch\/fr\/#organization","name":"Prisma World","url":"https:\/\/www.prisma-world.ch\/fr\/","logo":{"@type":"ImageObject","inLanguage":"fr-FR","@id":"https:\/\/www.prisma-world.ch\/fr\/#\/schema\/logo\/image\/","url":"https:\/\/www.prisma-world.ch\/wp-content\/uploads\/sites\/2\/2026\/04\/PWO_20-Jahre_Kombi_RGB_alpha_DE_ohne-Rand_klein-1.png","contentUrl":"https:\/\/www.prisma-world.ch\/wp-content\/uploads\/sites\/2\/2026\/04\/PWO_20-Jahre_Kombi_RGB_alpha_DE_ohne-Rand_klein-1.png","width":473,"height":189,"caption":"Prisma World"},"image":{"@id":"https:\/\/www.prisma-world.ch\/fr\/#\/schema\/logo\/image\/"}}]}},"_links":{"self":[{"href":"https:\/\/www.prisma-world.ch\/fr\/wp-json\/wp\/v2\/pages\/1145","targetHints":{"allow":["GET"]}}],"collection":[{"href":"https:\/\/www.prisma-world.ch\/fr\/wp-json\/wp\/v2\/pages"}],"about":[{"href":"https:\/\/www.prisma-world.ch\/fr\/wp-json\/wp\/v2\/types\/page"}],"author":[{"embeddable":true,"href":"https:\/\/www.prisma-world.ch\/fr\/wp-json\/wp\/v2\/users\/1"}],"replies":[{"embeddable":true,"href":"https:\/\/www.prisma-world.ch\/fr\/wp-json\/wp\/v2\/comments?post=1145"}],"version-history":[{"count":3,"href":"https:\/\/www.prisma-world.ch\/fr\/wp-json\/wp\/v2\/pages\/1145\/revisions"}],"predecessor-version":[{"id":1334,"href":"https:\/\/www.prisma-world.ch\/fr\/wp-json\/wp\/v2\/pages\/1145\/revisions\/1334"}],"up":[{"embeddable":true,"href":"https:\/\/www.prisma-world.ch\/fr\/wp-json\/wp\/v2\/pages\/1085"}],"wp:featuredmedia":[{"embeddable":true,"href":"https:\/\/www.prisma-world.ch\/fr\/wp-json\/wp\/v2\/media\/1118"}],"wp:attachment":[{"href":"https:\/\/www.prisma-world.ch\/fr\/wp-json\/wp\/v2\/media?parent=1145"}],"curies":[{"name":"wp","href":"https:\/\/api.w.org\/{rel}","templated":true}]}}