{"id":1127,"date":"2024-11-11T09:11:17","date_gmt":"2024-11-11T09:11:17","guid":{"rendered":"https:\/\/prisma-world.ch\/?page_id=1127"},"modified":"2024-11-21T10:00:43","modified_gmt":"2024-11-21T10:00:43","slug":"safety","status":"publish","type":"page","link":"https:\/\/www.prisma-world.ch\/fr\/assessments\/safety\/","title":{"rendered":"S\u00e9curit\u00e9"},"content":{"rendered":"\n<h2 class=\"wp-block-heading\">La s\u00e9curit\u00e9 est la base pour la confiance\u00a0<\/h2>\n\n\n\n<p>Nous accordons une grande importance \u00e0 la s\u00e9curit\u00e9 et \u00e0 la discr\u00e9tion.\u00a0<\/p>\n\n\n\n<p>Cela implique d&rsquo;une part une protection moderne des donn\u00e9es et une s\u00e9curit\u00e9 des donn\u00e9es de premier ordre. De plus, Prisma World s&rsquo;est fait certifier selon la norme ISO 27001 (norme mondiale pour la gestion de la s\u00e9curit\u00e9 de l&rsquo;information) afin de garantir la plus grande s\u00e9curit\u00e9 possible tant aux clients qu&rsquo;aux candidats\u00a0<\/p>\n\n\n<div class=\"wp-block-image\">\n<figure class=\"aligncenter size-large is-resized\"><img loading=\"lazy\" decoding=\"async\" width=\"1024\" height=\"327\" src=\"https:\/\/prisma-world.ch\/wp-content\/uploads\/sites\/2\/2019\/12\/Zertifizierungsstempel_3_SwissSafety_SwissAssessment-10-1024x327.jpg\" alt=\"\" class=\"wp-image-635\" style=\"width:344px;height:110px\" srcset=\"https:\/\/www.prisma-world.ch\/wp-content\/uploads\/sites\/2\/2019\/12\/Zertifizierungsstempel_3_SwissSafety_SwissAssessment-10-1024x327.jpg 1024w, https:\/\/www.prisma-world.ch\/wp-content\/uploads\/sites\/2\/2019\/12\/Zertifizierungsstempel_3_SwissSafety_SwissAssessment-10-516x165.jpg 516w, https:\/\/www.prisma-world.ch\/wp-content\/uploads\/sites\/2\/2019\/12\/Zertifizierungsstempel_3_SwissSafety_SwissAssessment-10-768x245.jpg 768w, https:\/\/www.prisma-world.ch\/wp-content\/uploads\/sites\/2\/2019\/12\/Zertifizierungsstempel_3_SwissSafety_SwissAssessment-10-1536x491.jpg 1536w, https:\/\/www.prisma-world.ch\/wp-content\/uploads\/sites\/2\/2019\/12\/Zertifizierungsstempel_3_SwissSafety_SwissAssessment-10-497x159.jpg 497w, https:\/\/www.prisma-world.ch\/wp-content\/uploads\/sites\/2\/2019\/12\/Zertifizierungsstempel_3_SwissSafety_SwissAssessment-10.jpg 1687w\" sizes=\"auto, (max-width: 1024px) 100vw, 1024px\" \/><\/figure>\n<\/div>","protected":false},"excerpt":{"rendered":"<p>La s\u00e9curit\u00e9 est la base pour la confiance\u00a0 Nous accordons une grande importance \u00e0 la s\u00e9curit\u00e9 et \u00e0 la discr\u00e9tion.\u00a0 Cela implique d&rsquo;une part une protection moderne des donn\u00e9es et une s\u00e9curit\u00e9 des donn\u00e9es de premier ordre. De plus, Prisma World s&rsquo;est fait certifier selon la norme ISO 27001 (norme mondiale pour la gestion de [&hellip;]<\/p>\n","protected":false},"author":1,"featured_media":1118,"parent":1085,"menu_order":7,"comment_status":"closed","ping_status":"closed","template":"","meta":{"_acf_changed":false,"footnotes":""},"class_list":["post-1127","page","type-page","status-publish","has-post-thumbnail","hentry"],"acf":[],"yoast_head":"<!-- This site is optimized with the Yoast SEO plugin v27.5 - https:\/\/yoast.com\/product\/yoast-seo-wordpress\/ -->\n<title>S\u00e9curit\u00e9 - Prisma World<\/title>\n<meta name=\"robots\" content=\"index, follow, max-snippet:-1, max-image-preview:large, max-video-preview:-1\" \/>\n<link rel=\"canonical\" href=\"https:\/\/www.prisma-world.ch\/fr\/assessments\/safety\/\" \/>\n<meta property=\"og:locale\" content=\"fr_FR\" \/>\n<meta property=\"og:type\" content=\"article\" \/>\n<meta property=\"og:title\" content=\"S\u00e9curit\u00e9 - Prisma World\" \/>\n<meta property=\"og:description\" content=\"La s\u00e9curit\u00e9 est la base pour la confiance\u00a0 Nous accordons une grande importance \u00e0 la s\u00e9curit\u00e9 et \u00e0 la discr\u00e9tion.\u00a0 Cela implique d&rsquo;une part une protection moderne des donn\u00e9es et une s\u00e9curit\u00e9 des donn\u00e9es de premier ordre. De plus, Prisma World s&rsquo;est fait certifier selon la norme ISO 27001 (norme mondiale pour la gestion de [&hellip;]\" \/>\n<meta property=\"og:url\" content=\"https:\/\/www.prisma-world.ch\/fr\/assessments\/safety\/\" \/>\n<meta property=\"og:site_name\" content=\"Prisma World\" \/>\n<meta property=\"article:modified_time\" content=\"2024-11-21T10:00:43+00:00\" \/>\n<meta property=\"og:image\" content=\"https:\/\/www.prisma-world.ch\/wp-content\/uploads\/sites\/2\/2019\/10\/e-assessment.jpg\" \/>\n\t<meta property=\"og:image:width\" content=\"1199\" \/>\n\t<meta property=\"og:image:height\" content=\"300\" \/>\n\t<meta property=\"og:image:type\" content=\"image\/jpeg\" \/>\n<meta name=\"twitter:card\" content=\"summary_large_image\" \/>\n<meta name=\"twitter:label1\" content=\"Dur\u00e9e de lecture estim\u00e9e\" \/>\n\t<meta name=\"twitter:data1\" content=\"1 minute\" \/>\n<script type=\"application\/ld+json\" class=\"yoast-schema-graph\">{\"@context\":\"https:\\\/\\\/schema.org\",\"@graph\":[{\"@type\":\"WebPage\",\"@id\":\"https:\\\/\\\/www.prisma-world.ch\\\/fr\\\/assessments\\\/safety\\\/\",\"url\":\"https:\\\/\\\/www.prisma-world.ch\\\/fr\\\/assessments\\\/safety\\\/\",\"name\":\"S\u00e9curit\u00e9 - Prisma World\",\"isPartOf\":{\"@id\":\"https:\\\/\\\/www.prisma-world.ch\\\/fr\\\/#website\"},\"primaryImageOfPage\":{\"@id\":\"https:\\\/\\\/www.prisma-world.ch\\\/fr\\\/assessments\\\/safety\\\/#primaryimage\"},\"image\":{\"@id\":\"https:\\\/\\\/www.prisma-world.ch\\\/fr\\\/assessments\\\/safety\\\/#primaryimage\"},\"thumbnailUrl\":\"https:\\\/\\\/www.prisma-world.ch\\\/wp-content\\\/uploads\\\/sites\\\/2\\\/2019\\\/10\\\/e-assessment.jpg\",\"datePublished\":\"2024-11-11T09:11:17+00:00\",\"dateModified\":\"2024-11-21T10:00:43+00:00\",\"breadcrumb\":{\"@id\":\"https:\\\/\\\/www.prisma-world.ch\\\/fr\\\/assessments\\\/safety\\\/#breadcrumb\"},\"inLanguage\":\"fr-FR\",\"potentialAction\":[{\"@type\":\"ReadAction\",\"target\":[\"https:\\\/\\\/www.prisma-world.ch\\\/fr\\\/assessments\\\/safety\\\/\"]}]},{\"@type\":\"ImageObject\",\"inLanguage\":\"fr-FR\",\"@id\":\"https:\\\/\\\/www.prisma-world.ch\\\/fr\\\/assessments\\\/safety\\\/#primaryimage\",\"url\":\"https:\\\/\\\/www.prisma-world.ch\\\/wp-content\\\/uploads\\\/sites\\\/2\\\/2019\\\/10\\\/e-assessment.jpg\",\"contentUrl\":\"https:\\\/\\\/www.prisma-world.ch\\\/wp-content\\\/uploads\\\/sites\\\/2\\\/2019\\\/10\\\/e-assessment.jpg\",\"width\":1199,\"height\":300},{\"@type\":\"BreadcrumbList\",\"@id\":\"https:\\\/\\\/www.prisma-world.ch\\\/fr\\\/assessments\\\/safety\\\/#breadcrumb\",\"itemListElement\":[{\"@type\":\"ListItem\",\"position\":1,\"name\":\"Home\",\"item\":\"https:\\\/\\\/www.prisma-world.ch\\\/fr\\\/\"},{\"@type\":\"ListItem\",\"position\":2,\"name\":\"\u00c9valuations\u00a0\"}]},{\"@type\":\"WebSite\",\"@id\":\"https:\\\/\\\/www.prisma-world.ch\\\/fr\\\/#website\",\"url\":\"https:\\\/\\\/www.prisma-world.ch\\\/fr\\\/\",\"name\":\"Prisma World\",\"description\":\"More Success with People\",\"publisher\":{\"@id\":\"https:\\\/\\\/www.prisma-world.ch\\\/fr\\\/#organization\"},\"potentialAction\":[{\"@type\":\"SearchAction\",\"target\":{\"@type\":\"EntryPoint\",\"urlTemplate\":\"https:\\\/\\\/www.prisma-world.ch\\\/fr\\\/?s={search_term_string}\"},\"query-input\":{\"@type\":\"PropertyValueSpecification\",\"valueRequired\":true,\"valueName\":\"search_term_string\"}}],\"inLanguage\":\"fr-FR\"},{\"@type\":\"Organization\",\"@id\":\"https:\\\/\\\/www.prisma-world.ch\\\/fr\\\/#organization\",\"name\":\"Prisma World\",\"url\":\"https:\\\/\\\/www.prisma-world.ch\\\/fr\\\/\",\"logo\":{\"@type\":\"ImageObject\",\"inLanguage\":\"fr-FR\",\"@id\":\"https:\\\/\\\/www.prisma-world.ch\\\/fr\\\/#\\\/schema\\\/logo\\\/image\\\/\",\"url\":\"https:\\\/\\\/www.prisma-world.ch\\\/wp-content\\\/uploads\\\/sites\\\/2\\\/2026\\\/04\\\/PWO_20-Jahre_Kombi_RGB_alpha_DE_ohne-Rand_klein-1.png\",\"contentUrl\":\"https:\\\/\\\/www.prisma-world.ch\\\/wp-content\\\/uploads\\\/sites\\\/2\\\/2026\\\/04\\\/PWO_20-Jahre_Kombi_RGB_alpha_DE_ohne-Rand_klein-1.png\",\"width\":473,\"height\":189,\"caption\":\"Prisma World\"},\"image\":{\"@id\":\"https:\\\/\\\/www.prisma-world.ch\\\/fr\\\/#\\\/schema\\\/logo\\\/image\\\/\"}}]}<\/script>\n<!-- \/ Yoast SEO plugin. -->","yoast_head_json":{"title":"S\u00e9curit\u00e9 - Prisma World","robots":{"index":"index","follow":"follow","max-snippet":"max-snippet:-1","max-image-preview":"max-image-preview:large","max-video-preview":"max-video-preview:-1"},"canonical":"https:\/\/www.prisma-world.ch\/fr\/assessments\/safety\/","og_locale":"fr_FR","og_type":"article","og_title":"S\u00e9curit\u00e9 - Prisma World","og_description":"La s\u00e9curit\u00e9 est la base pour la confiance\u00a0 Nous accordons une grande importance \u00e0 la s\u00e9curit\u00e9 et \u00e0 la discr\u00e9tion.\u00a0 Cela implique d&rsquo;une part une protection moderne des donn\u00e9es et une s\u00e9curit\u00e9 des donn\u00e9es de premier ordre. De plus, Prisma World s&rsquo;est fait certifier selon la norme ISO 27001 (norme mondiale pour la gestion de [&hellip;]","og_url":"https:\/\/www.prisma-world.ch\/fr\/assessments\/safety\/","og_site_name":"Prisma World","article_modified_time":"2024-11-21T10:00:43+00:00","og_image":[{"width":1199,"height":300,"url":"https:\/\/www.prisma-world.ch\/wp-content\/uploads\/sites\/2\/2019\/10\/e-assessment.jpg","type":"image\/jpeg"}],"twitter_card":"summary_large_image","twitter_misc":{"Dur\u00e9e de lecture estim\u00e9e":"1 minute"},"schema":{"@context":"https:\/\/schema.org","@graph":[{"@type":"WebPage","@id":"https:\/\/www.prisma-world.ch\/fr\/assessments\/safety\/","url":"https:\/\/www.prisma-world.ch\/fr\/assessments\/safety\/","name":"S\u00e9curit\u00e9 - Prisma World","isPartOf":{"@id":"https:\/\/www.prisma-world.ch\/fr\/#website"},"primaryImageOfPage":{"@id":"https:\/\/www.prisma-world.ch\/fr\/assessments\/safety\/#primaryimage"},"image":{"@id":"https:\/\/www.prisma-world.ch\/fr\/assessments\/safety\/#primaryimage"},"thumbnailUrl":"https:\/\/www.prisma-world.ch\/wp-content\/uploads\/sites\/2\/2019\/10\/e-assessment.jpg","datePublished":"2024-11-11T09:11:17+00:00","dateModified":"2024-11-21T10:00:43+00:00","breadcrumb":{"@id":"https:\/\/www.prisma-world.ch\/fr\/assessments\/safety\/#breadcrumb"},"inLanguage":"fr-FR","potentialAction":[{"@type":"ReadAction","target":["https:\/\/www.prisma-world.ch\/fr\/assessments\/safety\/"]}]},{"@type":"ImageObject","inLanguage":"fr-FR","@id":"https:\/\/www.prisma-world.ch\/fr\/assessments\/safety\/#primaryimage","url":"https:\/\/www.prisma-world.ch\/wp-content\/uploads\/sites\/2\/2019\/10\/e-assessment.jpg","contentUrl":"https:\/\/www.prisma-world.ch\/wp-content\/uploads\/sites\/2\/2019\/10\/e-assessment.jpg","width":1199,"height":300},{"@type":"BreadcrumbList","@id":"https:\/\/www.prisma-world.ch\/fr\/assessments\/safety\/#breadcrumb","itemListElement":[{"@type":"ListItem","position":1,"name":"Home","item":"https:\/\/www.prisma-world.ch\/fr\/"},{"@type":"ListItem","position":2,"name":"\u00c9valuations\u00a0"}]},{"@type":"WebSite","@id":"https:\/\/www.prisma-world.ch\/fr\/#website","url":"https:\/\/www.prisma-world.ch\/fr\/","name":"Prisma World","description":"More Success with People","publisher":{"@id":"https:\/\/www.prisma-world.ch\/fr\/#organization"},"potentialAction":[{"@type":"SearchAction","target":{"@type":"EntryPoint","urlTemplate":"https:\/\/www.prisma-world.ch\/fr\/?s={search_term_string}"},"query-input":{"@type":"PropertyValueSpecification","valueRequired":true,"valueName":"search_term_string"}}],"inLanguage":"fr-FR"},{"@type":"Organization","@id":"https:\/\/www.prisma-world.ch\/fr\/#organization","name":"Prisma World","url":"https:\/\/www.prisma-world.ch\/fr\/","logo":{"@type":"ImageObject","inLanguage":"fr-FR","@id":"https:\/\/www.prisma-world.ch\/fr\/#\/schema\/logo\/image\/","url":"https:\/\/www.prisma-world.ch\/wp-content\/uploads\/sites\/2\/2026\/04\/PWO_20-Jahre_Kombi_RGB_alpha_DE_ohne-Rand_klein-1.png","contentUrl":"https:\/\/www.prisma-world.ch\/wp-content\/uploads\/sites\/2\/2026\/04\/PWO_20-Jahre_Kombi_RGB_alpha_DE_ohne-Rand_klein-1.png","width":473,"height":189,"caption":"Prisma World"},"image":{"@id":"https:\/\/www.prisma-world.ch\/fr\/#\/schema\/logo\/image\/"}}]}},"_links":{"self":[{"href":"https:\/\/www.prisma-world.ch\/fr\/wp-json\/wp\/v2\/pages\/1127","targetHints":{"allow":["GET"]}}],"collection":[{"href":"https:\/\/www.prisma-world.ch\/fr\/wp-json\/wp\/v2\/pages"}],"about":[{"href":"https:\/\/www.prisma-world.ch\/fr\/wp-json\/wp\/v2\/types\/page"}],"author":[{"embeddable":true,"href":"https:\/\/www.prisma-world.ch\/fr\/wp-json\/wp\/v2\/users\/1"}],"replies":[{"embeddable":true,"href":"https:\/\/www.prisma-world.ch\/fr\/wp-json\/wp\/v2\/comments?post=1127"}],"version-history":[{"count":3,"href":"https:\/\/www.prisma-world.ch\/fr\/wp-json\/wp\/v2\/pages\/1127\/revisions"}],"predecessor-version":[{"id":1336,"href":"https:\/\/www.prisma-world.ch\/fr\/wp-json\/wp\/v2\/pages\/1127\/revisions\/1336"}],"up":[{"embeddable":true,"href":"https:\/\/www.prisma-world.ch\/fr\/wp-json\/wp\/v2\/pages\/1085"}],"wp:featuredmedia":[{"embeddable":true,"href":"https:\/\/www.prisma-world.ch\/fr\/wp-json\/wp\/v2\/media\/1118"}],"wp:attachment":[{"href":"https:\/\/www.prisma-world.ch\/fr\/wp-json\/wp\/v2\/media?parent=1127"}],"curies":[{"name":"wp","href":"https:\/\/api.w.org\/{rel}","templated":true}]}}