{"id":1114,"date":"2024-11-11T09:08:38","date_gmt":"2024-11-11T09:08:38","guid":{"rendered":"https:\/\/prisma-world.ch\/?page_id=1114"},"modified":"2025-01-24T04:07:39","modified_gmt":"2025-01-24T04:07:39","slug":"faq","status":"publish","type":"page","link":"https:\/\/www.prisma-world.ch\/fr\/assessments\/faq\/","title":{"rendered":"FAQ"},"content":{"rendered":"\n<h2 class=\"wp-block-heading\">FAQ\u2019s pour les candidats&nbsp;<\/h2>\n\n\n\n<ul class=\"wp-block-list\">\n<li>Dois-je me pr\u00e9parer \u00e0 l&rsquo;assessment?\u00a0\u00a0<br><em>Hormis les \u00e9ventuels devoirs de pr\u00e9paration, non. Soyez simplement vous-m\u00eame.\u00a0\u00a0\u00a0<\/em><\/li>\n\n\n\n<li>Quels sont les outils \u00e0 ma disposition pour ma t\u00e2che de pr\u00e9sentation?\u00a0\u00a0<br><em>Ordinateur, vid\u00e9oprojecteur, flipchart et tableaux d&rsquo;affichage.\u00a0\u00a0<\/em><\/li>\n\n\n\n<li>J&rsquo;ai un assessment qui dure toute la journ\u00e9e &#8211; <em>dois-je m&rsquo;occuper \/ est-ce qu\u2019il faut que je m\u2019occupe<\/em> du repas de midi?\u00a0\u00a0<br><em>Non, vous \u00eates invit\u00e9(e).\u00a0\u00a0<\/em><\/li>\n\n\n\n<li>Quelles informations sur l&rsquo;assessment vais-je recevoir et quelles informations l&rsquo;entreprise aupr\u00e8s de laquelle j&rsquo;ai postul\u00e9 va-t-elle recevoir?\u00a0\u00a0<br><em>Vous recevrez le m\u00eame rapport d&rsquo;\u00e9valuation que l&rsquo;entreprise.\u00a0\u00a0<\/em><\/li>\n\n\n\n<li>Ai-je droit \u00e0 un feedback sur l&rsquo;assessment?\u00a0\u00a0<br><em>En plus du rapport, vous avez droit \u00e0 un feedback t\u00e9l\u00e9phonique ou personnel.\u00a0\u00a0\u00a0<\/em><\/li>\n\n\n\n<li>Quand vais-je conna\u00eetre les r\u00e9sultats de l&rsquo;assessment?\u00a0\u00a0<br><em>Cela d\u00e9pend de ce qui a \u00e9t\u00e9 convenu avec le client, en g\u00e9n\u00e9ral environ 1 \u00e0 2 semaines apr\u00e8s l&rsquo;assessment.\u00a0\u00a0<\/em><\/li>\n\n\n\n<li>Quelle est la tenue souhait\u00e9e pour l&rsquo;assessment?\u00a0\u00a0<br><em>Habillez-vous comme pour un entretien d&#8217;embauche normal &#8211; business et confortable.\u00a0\u00a0<\/em><\/li>\n<\/ul>\n\n\n\n<h2 class=\"wp-block-heading\">Questions fr\u00e9quentes pour les entreprises&nbsp;<\/h2>\n\n\n\n<ul class=\"wp-block-list\">\n<li>Dans quelles langues peuvent les \u00e9valuations \u00eatre effectu\u00e9es par Prisma World?<br><em>En allemand, anglais, fran\u00e7ais et italien.<\/em><\/li>\n\n\n\n<li>Combien de temps faut-il attendre pour recevoir le rapport d\u2019assessment ?<br><em>Apr\u00e8s accord, en g\u00e9n\u00e9ral au plus tard apr\u00e8s 48 heures.<\/em><\/li>\n\n\n\n<li>Est-il possible de participer (partiellement) \u00e0 l\u2019assessment ?<br><em>Oui, cela peut \u00eatre discut\u00e9 lors de la clarification du mandat.<\/em><\/li>\n\n\n\n<li>Nous avons notre propre mod\u00e8le de comp\u00e9tences \u2013 est-il possible d\u2019adapter le rapport \u00e0 ce mod\u00e8le de comp\u00e9tences ?<br><em>Il est tout \u00e0 fait possible de mettre en place une structure de rapport correspondant \u00e0 votre mod\u00e8le de comp\u00e9tences.<\/em><\/li>\n\n\n\n<li>Nous avons des questions sp\u00e9cifiques concernant une personne, est-il possible d\u2019y r\u00e9pondre ?<br><em>Nous r\u00e9pondons \u00e0 toutes les questions qui nous sont pos\u00e9es au pr\u00e9alable de l\u2019\u00e9valuation.<\/em><\/li>\n<\/ul>\n","protected":false},"excerpt":{"rendered":"<p>FAQ\u2019s pour les candidats&nbsp; Questions fr\u00e9quentes pour les entreprises&nbsp;<\/p>\n","protected":false},"author":1,"featured_media":1118,"parent":1085,"menu_order":8,"comment_status":"closed","ping_status":"closed","template":"","meta":{"_acf_changed":false,"footnotes":""},"class_list":["post-1114","page","type-page","status-publish","has-post-thumbnail","hentry"],"acf":[],"yoast_head":"<!-- This site is optimized with the Yoast SEO plugin v27.5 - https:\/\/yoast.com\/product\/yoast-seo-wordpress\/ -->\n<title>FAQ - Prisma World<\/title>\n<meta name=\"robots\" content=\"index, follow, max-snippet:-1, max-image-preview:large, max-video-preview:-1\" \/>\n<link rel=\"canonical\" href=\"https:\/\/www.prisma-world.ch\/fr\/assessments\/faq\/\" \/>\n<meta property=\"og:locale\" content=\"fr_FR\" \/>\n<meta property=\"og:type\" content=\"article\" \/>\n<meta property=\"og:title\" content=\"FAQ - Prisma World\" \/>\n<meta property=\"og:description\" content=\"FAQ\u2019s pour les candidats&nbsp; Questions fr\u00e9quentes pour les entreprises&nbsp;\" \/>\n<meta property=\"og:url\" content=\"https:\/\/www.prisma-world.ch\/fr\/assessments\/faq\/\" \/>\n<meta property=\"og:site_name\" content=\"Prisma World\" \/>\n<meta property=\"article:modified_time\" content=\"2025-01-24T04:07:39+00:00\" \/>\n<meta property=\"og:image\" content=\"https:\/\/www.prisma-world.ch\/wp-content\/uploads\/sites\/2\/2019\/10\/e-assessment.jpg\" \/>\n\t<meta property=\"og:image:width\" content=\"1199\" \/>\n\t<meta property=\"og:image:height\" content=\"300\" \/>\n\t<meta property=\"og:image:type\" content=\"image\/jpeg\" \/>\n<meta name=\"twitter:card\" content=\"summary_large_image\" \/>\n<meta name=\"twitter:label1\" content=\"Dur\u00e9e de lecture estim\u00e9e\" \/>\n\t<meta name=\"twitter:data1\" content=\"2 minutes\" \/>\n<script type=\"application\/ld+json\" class=\"yoast-schema-graph\">{\"@context\":\"https:\\\/\\\/schema.org\",\"@graph\":[{\"@type\":\"WebPage\",\"@id\":\"https:\\\/\\\/www.prisma-world.ch\\\/fr\\\/assessments\\\/faq\\\/\",\"url\":\"https:\\\/\\\/www.prisma-world.ch\\\/fr\\\/assessments\\\/faq\\\/\",\"name\":\"FAQ - Prisma World\",\"isPartOf\":{\"@id\":\"https:\\\/\\\/www.prisma-world.ch\\\/fr\\\/#website\"},\"primaryImageOfPage\":{\"@id\":\"https:\\\/\\\/www.prisma-world.ch\\\/fr\\\/assessments\\\/faq\\\/#primaryimage\"},\"image\":{\"@id\":\"https:\\\/\\\/www.prisma-world.ch\\\/fr\\\/assessments\\\/faq\\\/#primaryimage\"},\"thumbnailUrl\":\"https:\\\/\\\/www.prisma-world.ch\\\/wp-content\\\/uploads\\\/sites\\\/2\\\/2019\\\/10\\\/e-assessment.jpg\",\"datePublished\":\"2024-11-11T09:08:38+00:00\",\"dateModified\":\"2025-01-24T04:07:39+00:00\",\"breadcrumb\":{\"@id\":\"https:\\\/\\\/www.prisma-world.ch\\\/fr\\\/assessments\\\/faq\\\/#breadcrumb\"},\"inLanguage\":\"fr-FR\",\"potentialAction\":[{\"@type\":\"ReadAction\",\"target\":[\"https:\\\/\\\/www.prisma-world.ch\\\/fr\\\/assessments\\\/faq\\\/\"]}]},{\"@type\":\"ImageObject\",\"inLanguage\":\"fr-FR\",\"@id\":\"https:\\\/\\\/www.prisma-world.ch\\\/fr\\\/assessments\\\/faq\\\/#primaryimage\",\"url\":\"https:\\\/\\\/www.prisma-world.ch\\\/wp-content\\\/uploads\\\/sites\\\/2\\\/2019\\\/10\\\/e-assessment.jpg\",\"contentUrl\":\"https:\\\/\\\/www.prisma-world.ch\\\/wp-content\\\/uploads\\\/sites\\\/2\\\/2019\\\/10\\\/e-assessment.jpg\",\"width\":1199,\"height\":300},{\"@type\":\"BreadcrumbList\",\"@id\":\"https:\\\/\\\/www.prisma-world.ch\\\/fr\\\/assessments\\\/faq\\\/#breadcrumb\",\"itemListElement\":[{\"@type\":\"ListItem\",\"position\":1,\"name\":\"Home\",\"item\":\"https:\\\/\\\/www.prisma-world.ch\\\/fr\\\/\"},{\"@type\":\"ListItem\",\"position\":2,\"name\":\"\u00c9valuations\u00a0\"}]},{\"@type\":\"WebSite\",\"@id\":\"https:\\\/\\\/www.prisma-world.ch\\\/fr\\\/#website\",\"url\":\"https:\\\/\\\/www.prisma-world.ch\\\/fr\\\/\",\"name\":\"Prisma World\",\"description\":\"More Success with People\",\"publisher\":{\"@id\":\"https:\\\/\\\/www.prisma-world.ch\\\/fr\\\/#organization\"},\"potentialAction\":[{\"@type\":\"SearchAction\",\"target\":{\"@type\":\"EntryPoint\",\"urlTemplate\":\"https:\\\/\\\/www.prisma-world.ch\\\/fr\\\/?s={search_term_string}\"},\"query-input\":{\"@type\":\"PropertyValueSpecification\",\"valueRequired\":true,\"valueName\":\"search_term_string\"}}],\"inLanguage\":\"fr-FR\"},{\"@type\":\"Organization\",\"@id\":\"https:\\\/\\\/www.prisma-world.ch\\\/fr\\\/#organization\",\"name\":\"Prisma World\",\"url\":\"https:\\\/\\\/www.prisma-world.ch\\\/fr\\\/\",\"logo\":{\"@type\":\"ImageObject\",\"inLanguage\":\"fr-FR\",\"@id\":\"https:\\\/\\\/www.prisma-world.ch\\\/fr\\\/#\\\/schema\\\/logo\\\/image\\\/\",\"url\":\"https:\\\/\\\/www.prisma-world.ch\\\/wp-content\\\/uploads\\\/sites\\\/2\\\/2026\\\/04\\\/PWO_20-Jahre_Kombi_RGB_alpha_DE_ohne-Rand_klein-1.png\",\"contentUrl\":\"https:\\\/\\\/www.prisma-world.ch\\\/wp-content\\\/uploads\\\/sites\\\/2\\\/2026\\\/04\\\/PWO_20-Jahre_Kombi_RGB_alpha_DE_ohne-Rand_klein-1.png\",\"width\":473,\"height\":189,\"caption\":\"Prisma World\"},\"image\":{\"@id\":\"https:\\\/\\\/www.prisma-world.ch\\\/fr\\\/#\\\/schema\\\/logo\\\/image\\\/\"}}]}<\/script>\n<!-- \/ Yoast SEO plugin. -->","yoast_head_json":{"title":"FAQ - Prisma World","robots":{"index":"index","follow":"follow","max-snippet":"max-snippet:-1","max-image-preview":"max-image-preview:large","max-video-preview":"max-video-preview:-1"},"canonical":"https:\/\/www.prisma-world.ch\/fr\/assessments\/faq\/","og_locale":"fr_FR","og_type":"article","og_title":"FAQ - Prisma World","og_description":"FAQ\u2019s pour les candidats&nbsp; Questions fr\u00e9quentes pour les entreprises&nbsp;","og_url":"https:\/\/www.prisma-world.ch\/fr\/assessments\/faq\/","og_site_name":"Prisma World","article_modified_time":"2025-01-24T04:07:39+00:00","og_image":[{"width":1199,"height":300,"url":"https:\/\/www.prisma-world.ch\/wp-content\/uploads\/sites\/2\/2019\/10\/e-assessment.jpg","type":"image\/jpeg"}],"twitter_card":"summary_large_image","twitter_misc":{"Dur\u00e9e de lecture estim\u00e9e":"2 minutes"},"schema":{"@context":"https:\/\/schema.org","@graph":[{"@type":"WebPage","@id":"https:\/\/www.prisma-world.ch\/fr\/assessments\/faq\/","url":"https:\/\/www.prisma-world.ch\/fr\/assessments\/faq\/","name":"FAQ - Prisma World","isPartOf":{"@id":"https:\/\/www.prisma-world.ch\/fr\/#website"},"primaryImageOfPage":{"@id":"https:\/\/www.prisma-world.ch\/fr\/assessments\/faq\/#primaryimage"},"image":{"@id":"https:\/\/www.prisma-world.ch\/fr\/assessments\/faq\/#primaryimage"},"thumbnailUrl":"https:\/\/www.prisma-world.ch\/wp-content\/uploads\/sites\/2\/2019\/10\/e-assessment.jpg","datePublished":"2024-11-11T09:08:38+00:00","dateModified":"2025-01-24T04:07:39+00:00","breadcrumb":{"@id":"https:\/\/www.prisma-world.ch\/fr\/assessments\/faq\/#breadcrumb"},"inLanguage":"fr-FR","potentialAction":[{"@type":"ReadAction","target":["https:\/\/www.prisma-world.ch\/fr\/assessments\/faq\/"]}]},{"@type":"ImageObject","inLanguage":"fr-FR","@id":"https:\/\/www.prisma-world.ch\/fr\/assessments\/faq\/#primaryimage","url":"https:\/\/www.prisma-world.ch\/wp-content\/uploads\/sites\/2\/2019\/10\/e-assessment.jpg","contentUrl":"https:\/\/www.prisma-world.ch\/wp-content\/uploads\/sites\/2\/2019\/10\/e-assessment.jpg","width":1199,"height":300},{"@type":"BreadcrumbList","@id":"https:\/\/www.prisma-world.ch\/fr\/assessments\/faq\/#breadcrumb","itemListElement":[{"@type":"ListItem","position":1,"name":"Home","item":"https:\/\/www.prisma-world.ch\/fr\/"},{"@type":"ListItem","position":2,"name":"\u00c9valuations\u00a0"}]},{"@type":"WebSite","@id":"https:\/\/www.prisma-world.ch\/fr\/#website","url":"https:\/\/www.prisma-world.ch\/fr\/","name":"Prisma World","description":"More Success with People","publisher":{"@id":"https:\/\/www.prisma-world.ch\/fr\/#organization"},"potentialAction":[{"@type":"SearchAction","target":{"@type":"EntryPoint","urlTemplate":"https:\/\/www.prisma-world.ch\/fr\/?s={search_term_string}"},"query-input":{"@type":"PropertyValueSpecification","valueRequired":true,"valueName":"search_term_string"}}],"inLanguage":"fr-FR"},{"@type":"Organization","@id":"https:\/\/www.prisma-world.ch\/fr\/#organization","name":"Prisma World","url":"https:\/\/www.prisma-world.ch\/fr\/","logo":{"@type":"ImageObject","inLanguage":"fr-FR","@id":"https:\/\/www.prisma-world.ch\/fr\/#\/schema\/logo\/image\/","url":"https:\/\/www.prisma-world.ch\/wp-content\/uploads\/sites\/2\/2026\/04\/PWO_20-Jahre_Kombi_RGB_alpha_DE_ohne-Rand_klein-1.png","contentUrl":"https:\/\/www.prisma-world.ch\/wp-content\/uploads\/sites\/2\/2026\/04\/PWO_20-Jahre_Kombi_RGB_alpha_DE_ohne-Rand_klein-1.png","width":473,"height":189,"caption":"Prisma World"},"image":{"@id":"https:\/\/www.prisma-world.ch\/fr\/#\/schema\/logo\/image\/"}}]}},"_links":{"self":[{"href":"https:\/\/www.prisma-world.ch\/fr\/wp-json\/wp\/v2\/pages\/1114","targetHints":{"allow":["GET"]}}],"collection":[{"href":"https:\/\/www.prisma-world.ch\/fr\/wp-json\/wp\/v2\/pages"}],"about":[{"href":"https:\/\/www.prisma-world.ch\/fr\/wp-json\/wp\/v2\/types\/page"}],"author":[{"embeddable":true,"href":"https:\/\/www.prisma-world.ch\/fr\/wp-json\/wp\/v2\/users\/1"}],"replies":[{"embeddable":true,"href":"https:\/\/www.prisma-world.ch\/fr\/wp-json\/wp\/v2\/comments?post=1114"}],"version-history":[{"count":6,"href":"https:\/\/www.prisma-world.ch\/fr\/wp-json\/wp\/v2\/pages\/1114\/revisions"}],"predecessor-version":[{"id":1483,"href":"https:\/\/www.prisma-world.ch\/fr\/wp-json\/wp\/v2\/pages\/1114\/revisions\/1483"}],"up":[{"embeddable":true,"href":"https:\/\/www.prisma-world.ch\/fr\/wp-json\/wp\/v2\/pages\/1085"}],"wp:featuredmedia":[{"embeddable":true,"href":"https:\/\/www.prisma-world.ch\/fr\/wp-json\/wp\/v2\/media\/1118"}],"wp:attachment":[{"href":"https:\/\/www.prisma-world.ch\/fr\/wp-json\/wp\/v2\/media?parent=1114"}],"curies":[{"name":"wp","href":"https:\/\/api.w.org\/{rel}","templated":true}]}}