{"id":1102,"date":"2024-11-11T09:05:14","date_gmt":"2024-11-11T09:05:14","guid":{"rendered":"https:\/\/prisma-world.ch\/?page_id=1102"},"modified":"2025-01-13T09:58:56","modified_gmt":"2025-01-13T09:58:56","slug":"selection-recruiting-onboarding-triad","status":"publish","type":"page","link":"https:\/\/www.prisma-world.ch\/fr\/hr-tools\/selection-recruiting-onboarding-triad\/","title":{"rendered":"S\u00e9lection \/ Recrutement \/ Onboarding (\u00ab triptyque \u00bb)\u00a0"},"content":{"rendered":"\n<p>Embaucher la bonne personne est d\u00e9cisif pour le succ\u00e8s de votre entreprise. Les erreurs de d\u00e9cision co\u00fbtent cher : opportunit\u00e9s manqu\u00e9es, co\u00fbts de fluctuation et de mauvais recrutement. Les outils de Prisma World vous aident dans votre s\u00e9lection.&nbsp;<\/p>\n\n\n\n<h2 class=\"wp-block-heading\"><strong>Caract\u00e9ristiques<\/strong>&nbsp;<\/h2>\n\n\n\n<ul class=\"wp-block-list\">\n<li><strong>Profil de personnalit\u00e9\/de base :&nbsp;<\/strong><br>Analyse claire et concise de la personnalit\u00e9&nbsp;<\/li>\n\n\n\n<li><strong>Profil d&rsquo;exigences\/de r\u00e9ussite :&nbsp;<\/strong><br>Profil d&rsquo;exigences pr\u00e9cis du poste, hard factors et soft factors&nbsp;<\/li>\n\n\n\n<li><strong>Matching (multiple) :&nbsp;<\/strong><br>Comparaison automatique du profil de base et du profil de r\u00e9ussite (comparaison de la situation r\u00e9elle et de la situation souhait\u00e9e)&nbsp;<\/li>\n\n\n\n<li><strong>Guides d&rsquo;entretien :&nbsp;<\/strong><br>Guides sp\u00e9cifiques adapt\u00e9s aux exigences de l&rsquo;entreprise ou du poste.&nbsp;<\/li>\n\n\n\n<li><strong>Profils d&rsquo;\u00e9quipe :&nbsp;<\/strong><br>Analyser l&rsquo;ad\u00e9quation de l&rsquo;\u00e9quipe dans son ensemble, compl\u00e9ter les qualit\u00e9s et les comp\u00e9tences manquantes.&nbsp;<\/li>\n<\/ul>\n\n\n\n<h2 class=\"wp-block-heading\"><strong>Caract\u00e9ristiques suppl\u00e9mentaires<\/strong>&nbsp;<\/h2>\n\n\n\n<ul class=\"wp-block-list\">\n<li><strong>Cockpit \/ HR Analytics :&nbsp;<\/strong><br>\u00c9valuations, analyses, contr\u00f4le des processus&nbsp;<\/li>\n\n\n\n<li><strong>Structure organisationnelle :&nbsp;<\/strong><br>Obtenir une vue d&rsquo;ensemble, Org.-View et Tree-View, exportation vers MS Visio&nbsp;<\/li>\n\n\n\n<li><strong>Description de poste :&nbsp;<\/strong><br>Compl\u00e8te, reli\u00e9e et facile \u00e0 cr\u00e9er&nbsp;<\/li>\n<\/ul>\n\n\n\n<h4 class=\"wp-block-heading\"><br>\u00bb\u00a0<a href=\"https:\/\/solution.prisma-world.com\/\" target=\"_blank\" rel=\"noreferrer noopener\">Votre identifiant<\/a><\/h4>\n","protected":false},"excerpt":{"rendered":"<p>Embaucher la bonne personne est d\u00e9cisif pour le succ\u00e8s de votre entreprise. Les erreurs de d\u00e9cision co\u00fbtent cher : opportunit\u00e9s manqu\u00e9es, co\u00fbts de fluctuation et de mauvais recrutement. Les outils de Prisma World vous aident dans votre s\u00e9lection.&nbsp; Caract\u00e9ristiques&nbsp; Caract\u00e9ristiques suppl\u00e9mentaires&nbsp; \u00bb\u00a0Votre identifiant<\/p>\n","protected":false},"author":1,"featured_media":1072,"parent":1071,"menu_order":1,"comment_status":"closed","ping_status":"closed","template":"","meta":{"_acf_changed":false,"footnotes":""},"class_list":["post-1102","page","type-page","status-publish","has-post-thumbnail","hentry"],"acf":[],"yoast_head":"<!-- This site is optimized with the Yoast SEO plugin v27.5 - https:\/\/yoast.com\/product\/yoast-seo-wordpress\/ -->\n<title>S\u00e9lection \/ Recrutement \/ Onboarding (\u00ab triptyque \u00bb)\u00a0 - Prisma World<\/title>\n<meta name=\"robots\" content=\"index, follow, max-snippet:-1, max-image-preview:large, max-video-preview:-1\" \/>\n<link rel=\"canonical\" href=\"https:\/\/www.prisma-world.ch\/fr\/hr-tools\/selection-recruiting-onboarding-triad\/\" \/>\n<meta property=\"og:locale\" content=\"fr_FR\" \/>\n<meta property=\"og:type\" content=\"article\" \/>\n<meta property=\"og:title\" content=\"S\u00e9lection \/ Recrutement \/ Onboarding (\u00ab triptyque \u00bb)\u00a0 - Prisma World\" \/>\n<meta property=\"og:description\" content=\"Embaucher la bonne personne est d\u00e9cisif pour le succ\u00e8s de votre entreprise. Les erreurs de d\u00e9cision co\u00fbtent cher : opportunit\u00e9s manqu\u00e9es, co\u00fbts de fluctuation et de mauvais recrutement. Les outils de Prisma World vous aident dans votre s\u00e9lection.&nbsp; Caract\u00e9ristiques&nbsp; Caract\u00e9ristiques suppl\u00e9mentaires&nbsp; \u00bb\u00a0Votre identifiant\" \/>\n<meta property=\"og:url\" content=\"https:\/\/www.prisma-world.ch\/fr\/hr-tools\/selection-recruiting-onboarding-triad\/\" \/>\n<meta property=\"og:site_name\" content=\"Prisma World\" \/>\n<meta property=\"article:modified_time\" content=\"2025-01-13T09:58:56+00:00\" \/>\n<meta property=\"og:image\" content=\"https:\/\/www.prisma-world.ch\/wp-content\/uploads\/sites\/2\/2024\/11\/hr-tools.jpg\" \/>\n\t<meta property=\"og:image:width\" content=\"1199\" \/>\n\t<meta property=\"og:image:height\" content=\"300\" \/>\n\t<meta property=\"og:image:type\" content=\"image\/jpeg\" \/>\n<meta name=\"twitter:card\" content=\"summary_large_image\" \/>\n<meta name=\"twitter:label1\" content=\"Dur\u00e9e de lecture estim\u00e9e\" \/>\n\t<meta name=\"twitter:data1\" content=\"1 minute\" \/>\n<script type=\"application\/ld+json\" class=\"yoast-schema-graph\">{\"@context\":\"https:\\\/\\\/schema.org\",\"@graph\":[{\"@type\":\"WebPage\",\"@id\":\"https:\\\/\\\/www.prisma-world.ch\\\/fr\\\/hr-tools\\\/selection-recruiting-onboarding-triad\\\/\",\"url\":\"https:\\\/\\\/www.prisma-world.ch\\\/fr\\\/hr-tools\\\/selection-recruiting-onboarding-triad\\\/\",\"name\":\"S\u00e9lection \\\/ Recrutement \\\/ Onboarding (\u00ab triptyque \u00bb)\u00a0 - Prisma World\",\"isPartOf\":{\"@id\":\"https:\\\/\\\/www.prisma-world.ch\\\/fr\\\/#website\"},\"primaryImageOfPage\":{\"@id\":\"https:\\\/\\\/www.prisma-world.ch\\\/fr\\\/hr-tools\\\/selection-recruiting-onboarding-triad\\\/#primaryimage\"},\"image\":{\"@id\":\"https:\\\/\\\/www.prisma-world.ch\\\/fr\\\/hr-tools\\\/selection-recruiting-onboarding-triad\\\/#primaryimage\"},\"thumbnailUrl\":\"https:\\\/\\\/www.prisma-world.ch\\\/wp-content\\\/uploads\\\/sites\\\/2\\\/2024\\\/11\\\/hr-tools.jpg\",\"datePublished\":\"2024-11-11T09:05:14+00:00\",\"dateModified\":\"2025-01-13T09:58:56+00:00\",\"breadcrumb\":{\"@id\":\"https:\\\/\\\/www.prisma-world.ch\\\/fr\\\/hr-tools\\\/selection-recruiting-onboarding-triad\\\/#breadcrumb\"},\"inLanguage\":\"fr-FR\",\"potentialAction\":[{\"@type\":\"ReadAction\",\"target\":[\"https:\\\/\\\/www.prisma-world.ch\\\/fr\\\/hr-tools\\\/selection-recruiting-onboarding-triad\\\/\"]}]},{\"@type\":\"ImageObject\",\"inLanguage\":\"fr-FR\",\"@id\":\"https:\\\/\\\/www.prisma-world.ch\\\/fr\\\/hr-tools\\\/selection-recruiting-onboarding-triad\\\/#primaryimage\",\"url\":\"https:\\\/\\\/www.prisma-world.ch\\\/wp-content\\\/uploads\\\/sites\\\/2\\\/2024\\\/11\\\/hr-tools.jpg\",\"contentUrl\":\"https:\\\/\\\/www.prisma-world.ch\\\/wp-content\\\/uploads\\\/sites\\\/2\\\/2024\\\/11\\\/hr-tools.jpg\",\"width\":1199,\"height\":300},{\"@type\":\"BreadcrumbList\",\"@id\":\"https:\\\/\\\/www.prisma-world.ch\\\/fr\\\/hr-tools\\\/selection-recruiting-onboarding-triad\\\/#breadcrumb\",\"itemListElement\":[{\"@type\":\"ListItem\",\"position\":1,\"name\":\"Home\",\"item\":\"https:\\\/\\\/www.prisma-world.ch\\\/fr\\\/\"},{\"@type\":\"ListItem\",\"position\":2,\"name\":\"Outils RH\u00a0\"}]},{\"@type\":\"WebSite\",\"@id\":\"https:\\\/\\\/www.prisma-world.ch\\\/fr\\\/#website\",\"url\":\"https:\\\/\\\/www.prisma-world.ch\\\/fr\\\/\",\"name\":\"Prisma World\",\"description\":\"More Success with People\",\"publisher\":{\"@id\":\"https:\\\/\\\/www.prisma-world.ch\\\/fr\\\/#organization\"},\"potentialAction\":[{\"@type\":\"SearchAction\",\"target\":{\"@type\":\"EntryPoint\",\"urlTemplate\":\"https:\\\/\\\/www.prisma-world.ch\\\/fr\\\/?s={search_term_string}\"},\"query-input\":{\"@type\":\"PropertyValueSpecification\",\"valueRequired\":true,\"valueName\":\"search_term_string\"}}],\"inLanguage\":\"fr-FR\"},{\"@type\":\"Organization\",\"@id\":\"https:\\\/\\\/www.prisma-world.ch\\\/fr\\\/#organization\",\"name\":\"Prisma World\",\"url\":\"https:\\\/\\\/www.prisma-world.ch\\\/fr\\\/\",\"logo\":{\"@type\":\"ImageObject\",\"inLanguage\":\"fr-FR\",\"@id\":\"https:\\\/\\\/www.prisma-world.ch\\\/fr\\\/#\\\/schema\\\/logo\\\/image\\\/\",\"url\":\"https:\\\/\\\/www.prisma-world.ch\\\/wp-content\\\/uploads\\\/sites\\\/2\\\/2026\\\/04\\\/PWO_20-Jahre_Kombi_RGB_alpha_DE_ohne-Rand_klein-1.png\",\"contentUrl\":\"https:\\\/\\\/www.prisma-world.ch\\\/wp-content\\\/uploads\\\/sites\\\/2\\\/2026\\\/04\\\/PWO_20-Jahre_Kombi_RGB_alpha_DE_ohne-Rand_klein-1.png\",\"width\":473,\"height\":189,\"caption\":\"Prisma World\"},\"image\":{\"@id\":\"https:\\\/\\\/www.prisma-world.ch\\\/fr\\\/#\\\/schema\\\/logo\\\/image\\\/\"}}]}<\/script>\n<!-- \/ Yoast SEO plugin. -->","yoast_head_json":{"title":"S\u00e9lection \/ Recrutement \/ Onboarding (\u00ab triptyque \u00bb)\u00a0 - Prisma World","robots":{"index":"index","follow":"follow","max-snippet":"max-snippet:-1","max-image-preview":"max-image-preview:large","max-video-preview":"max-video-preview:-1"},"canonical":"https:\/\/www.prisma-world.ch\/fr\/hr-tools\/selection-recruiting-onboarding-triad\/","og_locale":"fr_FR","og_type":"article","og_title":"S\u00e9lection \/ Recrutement \/ Onboarding (\u00ab triptyque \u00bb)\u00a0 - Prisma World","og_description":"Embaucher la bonne personne est d\u00e9cisif pour le succ\u00e8s de votre entreprise. Les erreurs de d\u00e9cision co\u00fbtent cher : opportunit\u00e9s manqu\u00e9es, co\u00fbts de fluctuation et de mauvais recrutement. Les outils de Prisma World vous aident dans votre s\u00e9lection.&nbsp; Caract\u00e9ristiques&nbsp; Caract\u00e9ristiques suppl\u00e9mentaires&nbsp; \u00bb\u00a0Votre identifiant","og_url":"https:\/\/www.prisma-world.ch\/fr\/hr-tools\/selection-recruiting-onboarding-triad\/","og_site_name":"Prisma World","article_modified_time":"2025-01-13T09:58:56+00:00","og_image":[{"width":1199,"height":300,"url":"https:\/\/www.prisma-world.ch\/wp-content\/uploads\/sites\/2\/2024\/11\/hr-tools.jpg","type":"image\/jpeg"}],"twitter_card":"summary_large_image","twitter_misc":{"Dur\u00e9e de lecture estim\u00e9e":"1 minute"},"schema":{"@context":"https:\/\/schema.org","@graph":[{"@type":"WebPage","@id":"https:\/\/www.prisma-world.ch\/fr\/hr-tools\/selection-recruiting-onboarding-triad\/","url":"https:\/\/www.prisma-world.ch\/fr\/hr-tools\/selection-recruiting-onboarding-triad\/","name":"S\u00e9lection \/ Recrutement \/ Onboarding (\u00ab triptyque \u00bb)\u00a0 - Prisma World","isPartOf":{"@id":"https:\/\/www.prisma-world.ch\/fr\/#website"},"primaryImageOfPage":{"@id":"https:\/\/www.prisma-world.ch\/fr\/hr-tools\/selection-recruiting-onboarding-triad\/#primaryimage"},"image":{"@id":"https:\/\/www.prisma-world.ch\/fr\/hr-tools\/selection-recruiting-onboarding-triad\/#primaryimage"},"thumbnailUrl":"https:\/\/www.prisma-world.ch\/wp-content\/uploads\/sites\/2\/2024\/11\/hr-tools.jpg","datePublished":"2024-11-11T09:05:14+00:00","dateModified":"2025-01-13T09:58:56+00:00","breadcrumb":{"@id":"https:\/\/www.prisma-world.ch\/fr\/hr-tools\/selection-recruiting-onboarding-triad\/#breadcrumb"},"inLanguage":"fr-FR","potentialAction":[{"@type":"ReadAction","target":["https:\/\/www.prisma-world.ch\/fr\/hr-tools\/selection-recruiting-onboarding-triad\/"]}]},{"@type":"ImageObject","inLanguage":"fr-FR","@id":"https:\/\/www.prisma-world.ch\/fr\/hr-tools\/selection-recruiting-onboarding-triad\/#primaryimage","url":"https:\/\/www.prisma-world.ch\/wp-content\/uploads\/sites\/2\/2024\/11\/hr-tools.jpg","contentUrl":"https:\/\/www.prisma-world.ch\/wp-content\/uploads\/sites\/2\/2024\/11\/hr-tools.jpg","width":1199,"height":300},{"@type":"BreadcrumbList","@id":"https:\/\/www.prisma-world.ch\/fr\/hr-tools\/selection-recruiting-onboarding-triad\/#breadcrumb","itemListElement":[{"@type":"ListItem","position":1,"name":"Home","item":"https:\/\/www.prisma-world.ch\/fr\/"},{"@type":"ListItem","position":2,"name":"Outils RH\u00a0"}]},{"@type":"WebSite","@id":"https:\/\/www.prisma-world.ch\/fr\/#website","url":"https:\/\/www.prisma-world.ch\/fr\/","name":"Prisma World","description":"More Success with People","publisher":{"@id":"https:\/\/www.prisma-world.ch\/fr\/#organization"},"potentialAction":[{"@type":"SearchAction","target":{"@type":"EntryPoint","urlTemplate":"https:\/\/www.prisma-world.ch\/fr\/?s={search_term_string}"},"query-input":{"@type":"PropertyValueSpecification","valueRequired":true,"valueName":"search_term_string"}}],"inLanguage":"fr-FR"},{"@type":"Organization","@id":"https:\/\/www.prisma-world.ch\/fr\/#organization","name":"Prisma World","url":"https:\/\/www.prisma-world.ch\/fr\/","logo":{"@type":"ImageObject","inLanguage":"fr-FR","@id":"https:\/\/www.prisma-world.ch\/fr\/#\/schema\/logo\/image\/","url":"https:\/\/www.prisma-world.ch\/wp-content\/uploads\/sites\/2\/2026\/04\/PWO_20-Jahre_Kombi_RGB_alpha_DE_ohne-Rand_klein-1.png","contentUrl":"https:\/\/www.prisma-world.ch\/wp-content\/uploads\/sites\/2\/2026\/04\/PWO_20-Jahre_Kombi_RGB_alpha_DE_ohne-Rand_klein-1.png","width":473,"height":189,"caption":"Prisma World"},"image":{"@id":"https:\/\/www.prisma-world.ch\/fr\/#\/schema\/logo\/image\/"}}]}},"_links":{"self":[{"href":"https:\/\/www.prisma-world.ch\/fr\/wp-json\/wp\/v2\/pages\/1102","targetHints":{"allow":["GET"]}}],"collection":[{"href":"https:\/\/www.prisma-world.ch\/fr\/wp-json\/wp\/v2\/pages"}],"about":[{"href":"https:\/\/www.prisma-world.ch\/fr\/wp-json\/wp\/v2\/types\/page"}],"author":[{"embeddable":true,"href":"https:\/\/www.prisma-world.ch\/fr\/wp-json\/wp\/v2\/users\/1"}],"replies":[{"embeddable":true,"href":"https:\/\/www.prisma-world.ch\/fr\/wp-json\/wp\/v2\/comments?post=1102"}],"version-history":[{"count":3,"href":"https:\/\/www.prisma-world.ch\/fr\/wp-json\/wp\/v2\/pages\/1102\/revisions"}],"predecessor-version":[{"id":1429,"href":"https:\/\/www.prisma-world.ch\/fr\/wp-json\/wp\/v2\/pages\/1102\/revisions\/1429"}],"up":[{"embeddable":true,"href":"https:\/\/www.prisma-world.ch\/fr\/wp-json\/wp\/v2\/pages\/1071"}],"wp:featuredmedia":[{"embeddable":true,"href":"https:\/\/www.prisma-world.ch\/fr\/wp-json\/wp\/v2\/media\/1072"}],"wp:attachment":[{"href":"https:\/\/www.prisma-world.ch\/fr\/wp-json\/wp\/v2\/media?parent=1102"}],"curies":[{"name":"wp","href":"https:\/\/api.w.org\/{rel}","templated":true}]}}