{"id":1100,"date":"2024-11-11T09:00:35","date_gmt":"2024-11-11T09:00:35","guid":{"rendered":"https:\/\/prisma-world.ch\/?page_id=1100"},"modified":"2025-01-13T10:02:46","modified_gmt":"2025-01-13T10:02:46","slug":"training-development","status":"publish","type":"page","link":"https:\/\/www.prisma-world.ch\/fr\/hr-tools\/training-development\/","title":{"rendered":"Training &amp; Development"},"content":{"rendered":"\n<p>L&rsquo;\u00e9panouissement des talents est essentiel pour un Human Capital Management r\u00e9ussi. D&rsquo;une part, c&rsquo;est une n\u00e9cessit\u00e9 pour l&rsquo;entreprise afin d&rsquo;assurer son succ\u00e8s futur et, d&rsquo;autre part, c&rsquo;est un aspect important&nbsp; du Retention Management.&nbsp;<\/p>\n\n\n\n<h2 class=\"wp-block-heading\">Caracterisitqu\u00e9s&nbsp;<\/h2>\n\n\n\n<ul class=\"wp-block-list\">\n<li><strong>Gestion des comp\u00e9tences et des aptitudes:<\/strong><br>rendre visibles les comp\u00e9tences strat\u00e9giquement importantes, identifier les manques de comp\u00e9tences et combler les \u00e9carts.&nbsp;<\/li>\n\n\n\n<li><strong>Management de l&rsquo;\u00e9ducation et de la formation:<\/strong><br>planification efficace, gestion des mesures de d\u00e9veloppement \/ gestion des cours et inscription (Employee Self Service)<\/li>\n\n\n\n<li><strong>Management Summary sur la personne (CV):<\/strong><br>Rendre l&rsquo;exp\u00e9rience, les connaissances et les comp\u00e9tences transparentes (Employee Self Service)<\/li>\n\n\n\n<li><strong>360\u00b0 Feedback \/ Sondages:<\/strong><br>obtenir un feedback diff\u00e9renci\u00e9, r\u00e9aliser et \u00e9valuer efficacement des sondages aupr\u00e8s des collaborateurs et des clients<\/li>\n<\/ul>\n\n\n\n<h2 class=\"wp-block-heading\">Caract\u00e9ristiques&nbsp; suppl\u00e9mentaires&nbsp;<\/h2>\n\n\n\n<ul class=\"wp-block-list\">\n<li><strong>Cockpit \/ HR Analytics:<\/strong>&nbsp;\u00c9valuations, analyses, contr\u00f4le des processus<\/li>\n\n\n\n<li><strong>Structure de l&rsquo;organisation:&nbsp;&nbsp;<\/strong>Obtenir une vue d&rsquo;ensemble, Org.-View et Tree-View, exportation vers MS Visio&nbsp;<\/li>\n\n\n\n<li><strong>Description du poste:&nbsp;<\/strong>Compl\u00e8te, li\u00e9e et facile \u00e0 cr\u00e9er&nbsp;<\/li>\n<\/ul>\n\n\n\n<h4 class=\"wp-block-heading\"><br>\u00bb\u00a0<a href=\"https:\/\/solution.prisma-world.com\/\" target=\"_blank\" rel=\"noreferrer noopener\">Votre identifiant<\/a><\/h4>\n","protected":false},"excerpt":{"rendered":"<p>L&rsquo;\u00e9panouissement des talents est essentiel pour un Human Capital Management r\u00e9ussi. D&rsquo;une part, c&rsquo;est une n\u00e9cessit\u00e9 pour l&rsquo;entreprise afin d&rsquo;assurer son succ\u00e8s futur et, d&rsquo;autre part, c&rsquo;est un aspect important&nbsp; du Retention Management.&nbsp; Caracterisitqu\u00e9s&nbsp; Caract\u00e9ristiques&nbsp; suppl\u00e9mentaires&nbsp; \u00bb\u00a0Votre identifiant<\/p>\n","protected":false},"author":1,"featured_media":1072,"parent":1071,"menu_order":3,"comment_status":"closed","ping_status":"closed","template":"","meta":{"_acf_changed":false,"footnotes":""},"class_list":["post-1100","page","type-page","status-publish","has-post-thumbnail","hentry"],"acf":[],"yoast_head":"<!-- This site is optimized with the Yoast SEO plugin v27.5 - https:\/\/yoast.com\/product\/yoast-seo-wordpress\/ -->\n<title>Training &amp; Development - Prisma World<\/title>\n<meta name=\"robots\" content=\"index, follow, max-snippet:-1, max-image-preview:large, max-video-preview:-1\" \/>\n<link rel=\"canonical\" href=\"https:\/\/www.prisma-world.ch\/fr\/hr-tools\/training-development\/\" \/>\n<meta property=\"og:locale\" content=\"fr_FR\" \/>\n<meta property=\"og:type\" content=\"article\" \/>\n<meta property=\"og:title\" content=\"Training &amp; Development - Prisma World\" \/>\n<meta property=\"og:description\" content=\"L&rsquo;\u00e9panouissement des talents est essentiel pour un Human Capital Management r\u00e9ussi. D&rsquo;une part, c&rsquo;est une n\u00e9cessit\u00e9 pour l&rsquo;entreprise afin d&rsquo;assurer son succ\u00e8s futur et, d&rsquo;autre part, c&rsquo;est un aspect important&nbsp; du Retention Management.&nbsp; Caracterisitqu\u00e9s&nbsp; Caract\u00e9ristiques&nbsp; suppl\u00e9mentaires&nbsp; \u00bb\u00a0Votre identifiant\" \/>\n<meta property=\"og:url\" content=\"https:\/\/www.prisma-world.ch\/fr\/hr-tools\/training-development\/\" \/>\n<meta property=\"og:site_name\" content=\"Prisma World\" \/>\n<meta property=\"article:modified_time\" content=\"2025-01-13T10:02:46+00:00\" \/>\n<meta property=\"og:image\" content=\"https:\/\/www.prisma-world.ch\/wp-content\/uploads\/sites\/2\/2024\/11\/hr-tools.jpg\" \/>\n\t<meta property=\"og:image:width\" content=\"1199\" \/>\n\t<meta property=\"og:image:height\" content=\"300\" \/>\n\t<meta property=\"og:image:type\" content=\"image\/jpeg\" \/>\n<meta name=\"twitter:card\" content=\"summary_large_image\" \/>\n<meta name=\"twitter:label1\" content=\"Dur\u00e9e de lecture estim\u00e9e\" \/>\n\t<meta name=\"twitter:data1\" content=\"1 minute\" \/>\n<script type=\"application\/ld+json\" class=\"yoast-schema-graph\">{\"@context\":\"https:\\\/\\\/schema.org\",\"@graph\":[{\"@type\":\"WebPage\",\"@id\":\"https:\\\/\\\/www.prisma-world.ch\\\/fr\\\/hr-tools\\\/training-development\\\/\",\"url\":\"https:\\\/\\\/www.prisma-world.ch\\\/fr\\\/hr-tools\\\/training-development\\\/\",\"name\":\"Training &amp; Development - Prisma World\",\"isPartOf\":{\"@id\":\"https:\\\/\\\/www.prisma-world.ch\\\/fr\\\/#website\"},\"primaryImageOfPage\":{\"@id\":\"https:\\\/\\\/www.prisma-world.ch\\\/fr\\\/hr-tools\\\/training-development\\\/#primaryimage\"},\"image\":{\"@id\":\"https:\\\/\\\/www.prisma-world.ch\\\/fr\\\/hr-tools\\\/training-development\\\/#primaryimage\"},\"thumbnailUrl\":\"https:\\\/\\\/www.prisma-world.ch\\\/wp-content\\\/uploads\\\/sites\\\/2\\\/2024\\\/11\\\/hr-tools.jpg\",\"datePublished\":\"2024-11-11T09:00:35+00:00\",\"dateModified\":\"2025-01-13T10:02:46+00:00\",\"breadcrumb\":{\"@id\":\"https:\\\/\\\/www.prisma-world.ch\\\/fr\\\/hr-tools\\\/training-development\\\/#breadcrumb\"},\"inLanguage\":\"fr-FR\",\"potentialAction\":[{\"@type\":\"ReadAction\",\"target\":[\"https:\\\/\\\/www.prisma-world.ch\\\/fr\\\/hr-tools\\\/training-development\\\/\"]}]},{\"@type\":\"ImageObject\",\"inLanguage\":\"fr-FR\",\"@id\":\"https:\\\/\\\/www.prisma-world.ch\\\/fr\\\/hr-tools\\\/training-development\\\/#primaryimage\",\"url\":\"https:\\\/\\\/www.prisma-world.ch\\\/wp-content\\\/uploads\\\/sites\\\/2\\\/2024\\\/11\\\/hr-tools.jpg\",\"contentUrl\":\"https:\\\/\\\/www.prisma-world.ch\\\/wp-content\\\/uploads\\\/sites\\\/2\\\/2024\\\/11\\\/hr-tools.jpg\",\"width\":1199,\"height\":300},{\"@type\":\"BreadcrumbList\",\"@id\":\"https:\\\/\\\/www.prisma-world.ch\\\/fr\\\/hr-tools\\\/training-development\\\/#breadcrumb\",\"itemListElement\":[{\"@type\":\"ListItem\",\"position\":1,\"name\":\"Home\",\"item\":\"https:\\\/\\\/www.prisma-world.ch\\\/fr\\\/\"},{\"@type\":\"ListItem\",\"position\":2,\"name\":\"Outils RH\u00a0\"}]},{\"@type\":\"WebSite\",\"@id\":\"https:\\\/\\\/www.prisma-world.ch\\\/fr\\\/#website\",\"url\":\"https:\\\/\\\/www.prisma-world.ch\\\/fr\\\/\",\"name\":\"Prisma World\",\"description\":\"More Success with People\",\"publisher\":{\"@id\":\"https:\\\/\\\/www.prisma-world.ch\\\/fr\\\/#organization\"},\"potentialAction\":[{\"@type\":\"SearchAction\",\"target\":{\"@type\":\"EntryPoint\",\"urlTemplate\":\"https:\\\/\\\/www.prisma-world.ch\\\/fr\\\/?s={search_term_string}\"},\"query-input\":{\"@type\":\"PropertyValueSpecification\",\"valueRequired\":true,\"valueName\":\"search_term_string\"}}],\"inLanguage\":\"fr-FR\"},{\"@type\":\"Organization\",\"@id\":\"https:\\\/\\\/www.prisma-world.ch\\\/fr\\\/#organization\",\"name\":\"Prisma World\",\"url\":\"https:\\\/\\\/www.prisma-world.ch\\\/fr\\\/\",\"logo\":{\"@type\":\"ImageObject\",\"inLanguage\":\"fr-FR\",\"@id\":\"https:\\\/\\\/www.prisma-world.ch\\\/fr\\\/#\\\/schema\\\/logo\\\/image\\\/\",\"url\":\"https:\\\/\\\/www.prisma-world.ch\\\/wp-content\\\/uploads\\\/sites\\\/2\\\/2026\\\/04\\\/PWO_20-Jahre_Kombi_RGB_alpha_DE_ohne-Rand_klein-1.png\",\"contentUrl\":\"https:\\\/\\\/www.prisma-world.ch\\\/wp-content\\\/uploads\\\/sites\\\/2\\\/2026\\\/04\\\/PWO_20-Jahre_Kombi_RGB_alpha_DE_ohne-Rand_klein-1.png\",\"width\":473,\"height\":189,\"caption\":\"Prisma World\"},\"image\":{\"@id\":\"https:\\\/\\\/www.prisma-world.ch\\\/fr\\\/#\\\/schema\\\/logo\\\/image\\\/\"}}]}<\/script>\n<!-- \/ Yoast SEO plugin. -->","yoast_head_json":{"title":"Training &amp; Development - Prisma World","robots":{"index":"index","follow":"follow","max-snippet":"max-snippet:-1","max-image-preview":"max-image-preview:large","max-video-preview":"max-video-preview:-1"},"canonical":"https:\/\/www.prisma-world.ch\/fr\/hr-tools\/training-development\/","og_locale":"fr_FR","og_type":"article","og_title":"Training &amp; Development - Prisma World","og_description":"L&rsquo;\u00e9panouissement des talents est essentiel pour un Human Capital Management r\u00e9ussi. D&rsquo;une part, c&rsquo;est une n\u00e9cessit\u00e9 pour l&rsquo;entreprise afin d&rsquo;assurer son succ\u00e8s futur et, d&rsquo;autre part, c&rsquo;est un aspect important&nbsp; du Retention Management.&nbsp; Caracterisitqu\u00e9s&nbsp; Caract\u00e9ristiques&nbsp; suppl\u00e9mentaires&nbsp; \u00bb\u00a0Votre identifiant","og_url":"https:\/\/www.prisma-world.ch\/fr\/hr-tools\/training-development\/","og_site_name":"Prisma World","article_modified_time":"2025-01-13T10:02:46+00:00","og_image":[{"width":1199,"height":300,"url":"https:\/\/www.prisma-world.ch\/wp-content\/uploads\/sites\/2\/2024\/11\/hr-tools.jpg","type":"image\/jpeg"}],"twitter_card":"summary_large_image","twitter_misc":{"Dur\u00e9e de lecture estim\u00e9e":"1 minute"},"schema":{"@context":"https:\/\/schema.org","@graph":[{"@type":"WebPage","@id":"https:\/\/www.prisma-world.ch\/fr\/hr-tools\/training-development\/","url":"https:\/\/www.prisma-world.ch\/fr\/hr-tools\/training-development\/","name":"Training &amp; Development - Prisma World","isPartOf":{"@id":"https:\/\/www.prisma-world.ch\/fr\/#website"},"primaryImageOfPage":{"@id":"https:\/\/www.prisma-world.ch\/fr\/hr-tools\/training-development\/#primaryimage"},"image":{"@id":"https:\/\/www.prisma-world.ch\/fr\/hr-tools\/training-development\/#primaryimage"},"thumbnailUrl":"https:\/\/www.prisma-world.ch\/wp-content\/uploads\/sites\/2\/2024\/11\/hr-tools.jpg","datePublished":"2024-11-11T09:00:35+00:00","dateModified":"2025-01-13T10:02:46+00:00","breadcrumb":{"@id":"https:\/\/www.prisma-world.ch\/fr\/hr-tools\/training-development\/#breadcrumb"},"inLanguage":"fr-FR","potentialAction":[{"@type":"ReadAction","target":["https:\/\/www.prisma-world.ch\/fr\/hr-tools\/training-development\/"]}]},{"@type":"ImageObject","inLanguage":"fr-FR","@id":"https:\/\/www.prisma-world.ch\/fr\/hr-tools\/training-development\/#primaryimage","url":"https:\/\/www.prisma-world.ch\/wp-content\/uploads\/sites\/2\/2024\/11\/hr-tools.jpg","contentUrl":"https:\/\/www.prisma-world.ch\/wp-content\/uploads\/sites\/2\/2024\/11\/hr-tools.jpg","width":1199,"height":300},{"@type":"BreadcrumbList","@id":"https:\/\/www.prisma-world.ch\/fr\/hr-tools\/training-development\/#breadcrumb","itemListElement":[{"@type":"ListItem","position":1,"name":"Home","item":"https:\/\/www.prisma-world.ch\/fr\/"},{"@type":"ListItem","position":2,"name":"Outils RH\u00a0"}]},{"@type":"WebSite","@id":"https:\/\/www.prisma-world.ch\/fr\/#website","url":"https:\/\/www.prisma-world.ch\/fr\/","name":"Prisma World","description":"More Success with People","publisher":{"@id":"https:\/\/www.prisma-world.ch\/fr\/#organization"},"potentialAction":[{"@type":"SearchAction","target":{"@type":"EntryPoint","urlTemplate":"https:\/\/www.prisma-world.ch\/fr\/?s={search_term_string}"},"query-input":{"@type":"PropertyValueSpecification","valueRequired":true,"valueName":"search_term_string"}}],"inLanguage":"fr-FR"},{"@type":"Organization","@id":"https:\/\/www.prisma-world.ch\/fr\/#organization","name":"Prisma World","url":"https:\/\/www.prisma-world.ch\/fr\/","logo":{"@type":"ImageObject","inLanguage":"fr-FR","@id":"https:\/\/www.prisma-world.ch\/fr\/#\/schema\/logo\/image\/","url":"https:\/\/www.prisma-world.ch\/wp-content\/uploads\/sites\/2\/2026\/04\/PWO_20-Jahre_Kombi_RGB_alpha_DE_ohne-Rand_klein-1.png","contentUrl":"https:\/\/www.prisma-world.ch\/wp-content\/uploads\/sites\/2\/2026\/04\/PWO_20-Jahre_Kombi_RGB_alpha_DE_ohne-Rand_klein-1.png","width":473,"height":189,"caption":"Prisma World"},"image":{"@id":"https:\/\/www.prisma-world.ch\/fr\/#\/schema\/logo\/image\/"}}]}},"_links":{"self":[{"href":"https:\/\/www.prisma-world.ch\/fr\/wp-json\/wp\/v2\/pages\/1100","targetHints":{"allow":["GET"]}}],"collection":[{"href":"https:\/\/www.prisma-world.ch\/fr\/wp-json\/wp\/v2\/pages"}],"about":[{"href":"https:\/\/www.prisma-world.ch\/fr\/wp-json\/wp\/v2\/types\/page"}],"author":[{"embeddable":true,"href":"https:\/\/www.prisma-world.ch\/fr\/wp-json\/wp\/v2\/users\/1"}],"replies":[{"embeddable":true,"href":"https:\/\/www.prisma-world.ch\/fr\/wp-json\/wp\/v2\/comments?post=1100"}],"version-history":[{"count":3,"href":"https:\/\/www.prisma-world.ch\/fr\/wp-json\/wp\/v2\/pages\/1100\/revisions"}],"predecessor-version":[{"id":1431,"href":"https:\/\/www.prisma-world.ch\/fr\/wp-json\/wp\/v2\/pages\/1100\/revisions\/1431"}],"up":[{"embeddable":true,"href":"https:\/\/www.prisma-world.ch\/fr\/wp-json\/wp\/v2\/pages\/1071"}],"wp:featuredmedia":[{"embeddable":true,"href":"https:\/\/www.prisma-world.ch\/fr\/wp-json\/wp\/v2\/media\/1072"}],"wp:attachment":[{"href":"https:\/\/www.prisma-world.ch\/fr\/wp-json\/wp\/v2\/media?parent=1100"}],"curies":[{"name":"wp","href":"https:\/\/api.w.org\/{rel}","templated":true}]}}