{"id":1085,"date":"2024-11-11T08:34:16","date_gmt":"2024-11-11T08:34:16","guid":{"rendered":"https:\/\/prisma-world.ch\/?page_id=1085"},"modified":"2025-01-24T05:33:54","modified_gmt":"2025-01-24T05:33:54","slug":"assessments","status":"publish","type":"page","link":"https:\/\/www.prisma-world.ch\/fr\/assessments\/","title":{"rendered":"\u00c9valuations\u00a0"},"content":{"rendered":"\n<h2 class=\"wp-block-heading\">Des d\u00e9cisions valid\u00e9es augmentent la s\u00e9curit\u00e9\u00a0<\/h2>\n\n\n\n<p>Prenez vos d\u00e9cisions de s\u00e9lection et de promotion sur la base de donn\u00e9es et d&rsquo;affirmations fiables, pertinentes et valid\u00e9es de nos assessments.&nbsp;<\/p>\n\n\n\n<h2 class=\"wp-block-heading\">Les raisons d&rsquo;une \u00e9valuation Prisma-World\u00a0<\/h2>\n\n\n\n<ul class=\"wp-block-list\">\n<li><strong>Exigences saisies avec pr\u00e9cision&nbsp;<br><\/strong>Analyse diff\u00e9renci\u00e9e de la situation pour d\u00e9finir les caract\u00e9ristiques de personnalit\u00e9 pertinentes pour la r\u00e9ussite avec le profil de r\u00e9ussite Prisma-World&nbsp;<\/li>\n\n\n\n<li><strong>Adapt\u00e9 \u00e0 vos besoins<br><\/strong>De la d\u00e9finition du type d&rsquo;assessment, de la formulation des questions \u00e0 la forme de la discussion des r\u00e9sultats, en passant par votre \u00e9ventuel r\u00f4le d&rsquo;observateur pendant l&rsquo;assessment &#8211; nous nous mettons d&rsquo;accord avec vous.&nbsp;<\/li>\n\n\n\n<li><strong>Des prises de position claires&nbsp;<br><\/strong>d&rsquo;une grande pertinence dans un langage clair comme base pour vos d\u00e9cisions pertinentes en mati\u00e8re de personnel&nbsp;<\/li>\n\n\n\n<li><strong>Des experts qualifi\u00e9s et exp\u00e9riment\u00e9s<\/strong><br>&nbsp;nos assesseurs sont des psychologues\/\u00e9conomistes d&rsquo;entreprise form\u00e9s, dot\u00e9s d&rsquo;une riche exp\u00e9rience en mati\u00e8re d&rsquo;assessment, et donc les bons sparring-partners pour les d\u00e9cisions importantes.&nbsp;<\/li>\n\n\n\n<li><strong>Une grande validit\u00e9 <br><\/strong>que nous mesurons chaque ann\u00e9e gr\u00e2ce \u00e0 nos revues de service et de qualit\u00e9&nbsp;<\/li>\n\n\n\n<li><strong>Scientifiquement fond\u00e9<br><\/strong>sur la base de notre propre activit\u00e9 de recherche, d&rsquo;une exp\u00e9rience \u00e9valu\u00e9e avec pr\u00e9cision sur plusieurs ann\u00e9es et d&rsquo;une collaboration scientifique avec l&rsquo;Universit\u00e9 de Berne (\u00e9tudes de validit\u00e9 r\u00e9guli\u00e8res).&nbsp;<\/li>\n\n\n\n<li><strong>Rapidement disponible, flexible et fiable<br><\/strong>Gr\u00e2ce \u00e0 un grand pool d&rsquo;assesseurs, \u00e0 une proc\u00e9dure uniforme et \u00e0 des processus standardis\u00e9s, vous recevez les rapports au plus tard dans les 48 heures.&nbsp;<\/li>\n\n\n\n<li><strong>Aucune charge administrative<br><\/strong>&nbsp;Nous organisons les assessments et vous ne devez vous occuper de rien.&nbsp;<\/li>\n\n\n\n<li><strong>Multilinguisme&nbsp;<br><\/strong>D, E, F, I<\/li>\n<\/ul>\n\n\n<div class=\"wp-block-image\">\n<figure class=\"aligncenter size-large is-resized\"><img loading=\"lazy\" decoding=\"async\" width=\"1024\" height=\"327\" src=\"https:\/\/prisma-world.ch\/wp-content\/uploads\/sites\/2\/2019\/12\/Zertifizierungsstempel_3_SwissSafety_SwissAssessment-9-1024x327.jpg\" alt=\"\" class=\"wp-image-632\" style=\"width:344px;height:110px\" srcset=\"https:\/\/www.prisma-world.ch\/wp-content\/uploads\/sites\/2\/2019\/12\/Zertifizierungsstempel_3_SwissSafety_SwissAssessment-9-1024x327.jpg 1024w, https:\/\/www.prisma-world.ch\/wp-content\/uploads\/sites\/2\/2019\/12\/Zertifizierungsstempel_3_SwissSafety_SwissAssessment-9-516x165.jpg 516w, https:\/\/www.prisma-world.ch\/wp-content\/uploads\/sites\/2\/2019\/12\/Zertifizierungsstempel_3_SwissSafety_SwissAssessment-9-768x245.jpg 768w, https:\/\/www.prisma-world.ch\/wp-content\/uploads\/sites\/2\/2019\/12\/Zertifizierungsstempel_3_SwissSafety_SwissAssessment-9-1536x491.jpg 1536w, https:\/\/www.prisma-world.ch\/wp-content\/uploads\/sites\/2\/2019\/12\/Zertifizierungsstempel_3_SwissSafety_SwissAssessment-9-497x159.jpg 497w, https:\/\/www.prisma-world.ch\/wp-content\/uploads\/sites\/2\/2019\/12\/Zertifizierungsstempel_3_SwissSafety_SwissAssessment-9.jpg 1687w\" sizes=\"auto, (max-width: 1024px) 100vw, 1024px\" \/><\/figure>\n<\/div>","protected":false},"excerpt":{"rendered":"<p>Des d\u00e9cisions valid\u00e9es augmentent la s\u00e9curit\u00e9\u00a0 Prenez vos d\u00e9cisions de s\u00e9lection et de promotion sur la base de donn\u00e9es et d&rsquo;affirmations fiables, pertinentes et valid\u00e9es de nos assessments.&nbsp; Les raisons d&rsquo;une \u00e9valuation Prisma-World\u00a0<\/p>\n","protected":false},"author":1,"featured_media":1056,"parent":0,"menu_order":6,"comment_status":"closed","ping_status":"closed","template":"","meta":{"_acf_changed":false,"footnotes":""},"class_list":["post-1085","page","type-page","status-publish","has-post-thumbnail","hentry"],"acf":[],"yoast_head":"<!-- This site is optimized with the Yoast SEO plugin v27.5 - https:\/\/yoast.com\/product\/yoast-seo-wordpress\/ -->\n<title>\u00c9valuations\u00a0 - Prisma World<\/title>\n<meta name=\"robots\" content=\"index, follow, max-snippet:-1, max-image-preview:large, max-video-preview:-1\" \/>\n<link rel=\"canonical\" href=\"https:\/\/www.prisma-world.ch\/fr\/assessments\/\" \/>\n<meta property=\"og:locale\" content=\"fr_FR\" \/>\n<meta property=\"og:type\" content=\"article\" \/>\n<meta property=\"og:title\" content=\"\u00c9valuations\u00a0 - Prisma World\" \/>\n<meta property=\"og:description\" content=\"Des d\u00e9cisions valid\u00e9es augmentent la s\u00e9curit\u00e9\u00a0 Prenez vos d\u00e9cisions de s\u00e9lection et de promotion sur la base de donn\u00e9es et d&rsquo;affirmations fiables, pertinentes et valid\u00e9es de nos assessments.&nbsp; Les raisons d&rsquo;une \u00e9valuation Prisma-World\u00a0\" \/>\n<meta property=\"og:url\" content=\"https:\/\/www.prisma-world.ch\/fr\/assessments\/\" \/>\n<meta property=\"og:site_name\" content=\"Prisma World\" \/>\n<meta property=\"article:modified_time\" content=\"2025-01-24T05:33:54+00:00\" \/>\n<meta property=\"og:image\" content=\"https:\/\/www.prisma-world.ch\/wp-content\/uploads\/sites\/2\/2019\/10\/banner-prisma-1.jpg\" \/>\n\t<meta property=\"og:image:width\" content=\"1920\" \/>\n\t<meta property=\"og:image:height\" content=\"540\" \/>\n\t<meta property=\"og:image:type\" content=\"image\/jpeg\" \/>\n<meta name=\"twitter:card\" content=\"summary_large_image\" \/>\n<meta name=\"twitter:label1\" content=\"Dur\u00e9e de lecture estim\u00e9e\" \/>\n\t<meta name=\"twitter:data1\" content=\"2 minutes\" \/>\n<script type=\"application\/ld+json\" class=\"yoast-schema-graph\">{\"@context\":\"https:\\\/\\\/schema.org\",\"@graph\":[{\"@type\":\"WebPage\",\"@id\":\"https:\\\/\\\/www.prisma-world.ch\\\/fr\\\/assessments\\\/\",\"url\":\"https:\\\/\\\/www.prisma-world.ch\\\/fr\\\/assessments\\\/\",\"name\":\"\u00c9valuations\u00a0 - Prisma World\",\"isPartOf\":{\"@id\":\"https:\\\/\\\/www.prisma-world.ch\\\/fr\\\/#website\"},\"primaryImageOfPage\":{\"@id\":\"https:\\\/\\\/www.prisma-world.ch\\\/fr\\\/assessments\\\/#primaryimage\"},\"image\":{\"@id\":\"https:\\\/\\\/www.prisma-world.ch\\\/fr\\\/assessments\\\/#primaryimage\"},\"thumbnailUrl\":\"https:\\\/\\\/www.prisma-world.ch\\\/wp-content\\\/uploads\\\/sites\\\/2\\\/2019\\\/10\\\/banner-prisma-1.jpg\",\"datePublished\":\"2024-11-11T08:34:16+00:00\",\"dateModified\":\"2025-01-24T05:33:54+00:00\",\"inLanguage\":\"fr-FR\",\"potentialAction\":[{\"@type\":\"ReadAction\",\"target\":[\"https:\\\/\\\/www.prisma-world.ch\\\/fr\\\/assessments\\\/\"]}]},{\"@type\":\"ImageObject\",\"inLanguage\":\"fr-FR\",\"@id\":\"https:\\\/\\\/www.prisma-world.ch\\\/fr\\\/assessments\\\/#primaryimage\",\"url\":\"https:\\\/\\\/www.prisma-world.ch\\\/wp-content\\\/uploads\\\/sites\\\/2\\\/2019\\\/10\\\/banner-prisma-1.jpg\",\"contentUrl\":\"https:\\\/\\\/www.prisma-world.ch\\\/wp-content\\\/uploads\\\/sites\\\/2\\\/2019\\\/10\\\/banner-prisma-1.jpg\",\"width\":1920,\"height\":540},{\"@type\":\"WebSite\",\"@id\":\"https:\\\/\\\/www.prisma-world.ch\\\/fr\\\/#website\",\"url\":\"https:\\\/\\\/www.prisma-world.ch\\\/fr\\\/\",\"name\":\"Prisma World\",\"description\":\"More Success with People\",\"publisher\":{\"@id\":\"https:\\\/\\\/www.prisma-world.ch\\\/fr\\\/#organization\"},\"potentialAction\":[{\"@type\":\"SearchAction\",\"target\":{\"@type\":\"EntryPoint\",\"urlTemplate\":\"https:\\\/\\\/www.prisma-world.ch\\\/fr\\\/?s={search_term_string}\"},\"query-input\":{\"@type\":\"PropertyValueSpecification\",\"valueRequired\":true,\"valueName\":\"search_term_string\"}}],\"inLanguage\":\"fr-FR\"},{\"@type\":\"Organization\",\"@id\":\"https:\\\/\\\/www.prisma-world.ch\\\/fr\\\/#organization\",\"name\":\"Prisma World\",\"url\":\"https:\\\/\\\/www.prisma-world.ch\\\/fr\\\/\",\"logo\":{\"@type\":\"ImageObject\",\"inLanguage\":\"fr-FR\",\"@id\":\"https:\\\/\\\/www.prisma-world.ch\\\/fr\\\/#\\\/schema\\\/logo\\\/image\\\/\",\"url\":\"https:\\\/\\\/www.prisma-world.ch\\\/wp-content\\\/uploads\\\/sites\\\/2\\\/2026\\\/04\\\/PWO_20-Jahre_Kombi_RGB_alpha_DE_ohne-Rand_klein-1.png\",\"contentUrl\":\"https:\\\/\\\/www.prisma-world.ch\\\/wp-content\\\/uploads\\\/sites\\\/2\\\/2026\\\/04\\\/PWO_20-Jahre_Kombi_RGB_alpha_DE_ohne-Rand_klein-1.png\",\"width\":473,\"height\":189,\"caption\":\"Prisma World\"},\"image\":{\"@id\":\"https:\\\/\\\/www.prisma-world.ch\\\/fr\\\/#\\\/schema\\\/logo\\\/image\\\/\"}}]}<\/script>\n<!-- \/ Yoast SEO plugin. -->","yoast_head_json":{"title":"\u00c9valuations\u00a0 - Prisma World","robots":{"index":"index","follow":"follow","max-snippet":"max-snippet:-1","max-image-preview":"max-image-preview:large","max-video-preview":"max-video-preview:-1"},"canonical":"https:\/\/www.prisma-world.ch\/fr\/assessments\/","og_locale":"fr_FR","og_type":"article","og_title":"\u00c9valuations\u00a0 - Prisma World","og_description":"Des d\u00e9cisions valid\u00e9es augmentent la s\u00e9curit\u00e9\u00a0 Prenez vos d\u00e9cisions de s\u00e9lection et de promotion sur la base de donn\u00e9es et d&rsquo;affirmations fiables, pertinentes et valid\u00e9es de nos assessments.&nbsp; Les raisons d&rsquo;une \u00e9valuation Prisma-World\u00a0","og_url":"https:\/\/www.prisma-world.ch\/fr\/assessments\/","og_site_name":"Prisma World","article_modified_time":"2025-01-24T05:33:54+00:00","og_image":[{"width":1920,"height":540,"url":"https:\/\/www.prisma-world.ch\/wp-content\/uploads\/sites\/2\/2019\/10\/banner-prisma-1.jpg","type":"image\/jpeg"}],"twitter_card":"summary_large_image","twitter_misc":{"Dur\u00e9e de lecture estim\u00e9e":"2 minutes"},"schema":{"@context":"https:\/\/schema.org","@graph":[{"@type":"WebPage","@id":"https:\/\/www.prisma-world.ch\/fr\/assessments\/","url":"https:\/\/www.prisma-world.ch\/fr\/assessments\/","name":"\u00c9valuations\u00a0 - Prisma World","isPartOf":{"@id":"https:\/\/www.prisma-world.ch\/fr\/#website"},"primaryImageOfPage":{"@id":"https:\/\/www.prisma-world.ch\/fr\/assessments\/#primaryimage"},"image":{"@id":"https:\/\/www.prisma-world.ch\/fr\/assessments\/#primaryimage"},"thumbnailUrl":"https:\/\/www.prisma-world.ch\/wp-content\/uploads\/sites\/2\/2019\/10\/banner-prisma-1.jpg","datePublished":"2024-11-11T08:34:16+00:00","dateModified":"2025-01-24T05:33:54+00:00","inLanguage":"fr-FR","potentialAction":[{"@type":"ReadAction","target":["https:\/\/www.prisma-world.ch\/fr\/assessments\/"]}]},{"@type":"ImageObject","inLanguage":"fr-FR","@id":"https:\/\/www.prisma-world.ch\/fr\/assessments\/#primaryimage","url":"https:\/\/www.prisma-world.ch\/wp-content\/uploads\/sites\/2\/2019\/10\/banner-prisma-1.jpg","contentUrl":"https:\/\/www.prisma-world.ch\/wp-content\/uploads\/sites\/2\/2019\/10\/banner-prisma-1.jpg","width":1920,"height":540},{"@type":"WebSite","@id":"https:\/\/www.prisma-world.ch\/fr\/#website","url":"https:\/\/www.prisma-world.ch\/fr\/","name":"Prisma World","description":"More Success with People","publisher":{"@id":"https:\/\/www.prisma-world.ch\/fr\/#organization"},"potentialAction":[{"@type":"SearchAction","target":{"@type":"EntryPoint","urlTemplate":"https:\/\/www.prisma-world.ch\/fr\/?s={search_term_string}"},"query-input":{"@type":"PropertyValueSpecification","valueRequired":true,"valueName":"search_term_string"}}],"inLanguage":"fr-FR"},{"@type":"Organization","@id":"https:\/\/www.prisma-world.ch\/fr\/#organization","name":"Prisma World","url":"https:\/\/www.prisma-world.ch\/fr\/","logo":{"@type":"ImageObject","inLanguage":"fr-FR","@id":"https:\/\/www.prisma-world.ch\/fr\/#\/schema\/logo\/image\/","url":"https:\/\/www.prisma-world.ch\/wp-content\/uploads\/sites\/2\/2026\/04\/PWO_20-Jahre_Kombi_RGB_alpha_DE_ohne-Rand_klein-1.png","contentUrl":"https:\/\/www.prisma-world.ch\/wp-content\/uploads\/sites\/2\/2026\/04\/PWO_20-Jahre_Kombi_RGB_alpha_DE_ohne-Rand_klein-1.png","width":473,"height":189,"caption":"Prisma World"},"image":{"@id":"https:\/\/www.prisma-world.ch\/fr\/#\/schema\/logo\/image\/"}}]}},"_links":{"self":[{"href":"https:\/\/www.prisma-world.ch\/fr\/wp-json\/wp\/v2\/pages\/1085","targetHints":{"allow":["GET"]}}],"collection":[{"href":"https:\/\/www.prisma-world.ch\/fr\/wp-json\/wp\/v2\/pages"}],"about":[{"href":"https:\/\/www.prisma-world.ch\/fr\/wp-json\/wp\/v2\/types\/page"}],"author":[{"embeddable":true,"href":"https:\/\/www.prisma-world.ch\/fr\/wp-json\/wp\/v2\/users\/1"}],"replies":[{"embeddable":true,"href":"https:\/\/www.prisma-world.ch\/fr\/wp-json\/wp\/v2\/comments?post=1085"}],"version-history":[{"count":7,"href":"https:\/\/www.prisma-world.ch\/fr\/wp-json\/wp\/v2\/pages\/1085\/revisions"}],"predecessor-version":[{"id":1486,"href":"https:\/\/www.prisma-world.ch\/fr\/wp-json\/wp\/v2\/pages\/1085\/revisions\/1486"}],"wp:featuredmedia":[{"embeddable":true,"href":"https:\/\/www.prisma-world.ch\/fr\/wp-json\/wp\/v2\/media\/1056"}],"wp:attachment":[{"href":"https:\/\/www.prisma-world.ch\/fr\/wp-json\/wp\/v2\/media?parent=1085"}],"curies":[{"name":"wp","href":"https:\/\/api.w.org\/{rel}","templated":true}]}}