{"id":1071,"date":"2024-11-11T08:26:31","date_gmt":"2024-11-11T08:26:31","guid":{"rendered":"https:\/\/prisma-world.ch\/?page_id=1071"},"modified":"2025-01-24T05:33:55","modified_gmt":"2025-01-24T05:33:55","slug":"hr-tools","status":"publish","type":"page","link":"https:\/\/www.prisma-world.ch\/fr\/hr-tools\/","title":{"rendered":"Outils RH\u00a0"},"content":{"rendered":"\n<p>La Prisma World-Solution vous aide \u00e0 identifier, \u00e0 utiliser et \u00e0 d\u00e9velopper votre capital humain. La Prisma World-Solution int\u00e9gr\u00e9e est simple, abordable, bas\u00e9e sur le web et peut \u00eatre adapt\u00e9e sur demande \u00e0 vos besoins sp\u00e9cifiques.\u00a0<\/p>\n\n\n\n<h4 class=\"wp-block-heading\">Int\u00e9gr\u00e9\u00a0<\/h4>\n\n\n\n<p>Tous les modules Prisma sont coordonn\u00e9s et reli\u00e9s entre eux &#8211; pas de solutions isol\u00e9es !\u00a0<\/p>\n\n\n\n<h4 class=\"wp-block-heading\">Simple<\/h4>\n\n\n\n<p>La solution est attrayante et facile \u00e0 utiliser. Elle est productive chez vous en l&rsquo;espace de quelques jours &#8211; pas de projets informatiques qui durent des mois !\u00a0<\/p>\n\n\n\n<h4 class=\"wp-block-heading\">Abordable\u00a0<\/h4>\n\n\n\n<p>Vous payez au mois ou \u00e0 l&rsquo;ann\u00e9e. Les mises \u00e0 jour sont incluses, pas de frais d&rsquo;installation, pas de frais informatiques pour vous. Utilisation illimit\u00e9e.\u00a0<\/p>\n\n\n\n<h4 class=\"wp-block-heading\">Bas\u00e9 sur le web\u00a0<\/h4>\n\n\n\n<p>La Prisma-World Solution est disponible pour vous 7\u00d724 h globalement. Pas d&rsquo;installation, pas de maintenance. Vous n&rsquo;avez besoin que d&rsquo;un PC et d&rsquo;Internet.\u00a0<\/p>\n\n\n\n<h4 class=\"wp-block-heading\">S\u00fbr\u00a0<\/h4>\n\n\n\n<p>L&rsquo;h\u00e9bergement des donn\u00e9es en Suisse et les processus et la s\u00e9curit\u00e9 de l&rsquo;information certifi\u00e9s garantissent les plus grands standards de s\u00e9curit\u00e9 possibles.\u00a0<\/p>\n\n\n\n<h4 class=\"wp-block-heading\">Besoins sp\u00e9ciaux\u00a0<\/h4>\n\n\n\n<p>Vous avez des besoins sp\u00e9ciaux ? Votre flux de travail suit-il une logique particuli\u00e8re ? Notre mod\u00e8le de r\u00e9f\u00e9rence est rapidement adapt\u00e9 \u00e0 vos besoins.\u00a0<\/p>\n\n\n\n<h4 class=\"wp-block-heading\"><br>\u00bb&nbsp;<a href=\"https:\/\/solution.prisma-world.com\/\" target=\"_blank\" rel=\"noreferrer noopener\">Your&nbsp;Login<\/a><\/h4>\n","protected":false},"excerpt":{"rendered":"<p>La Prisma World-Solution vous aide \u00e0 identifier, \u00e0 utiliser et \u00e0 d\u00e9velopper votre capital humain. La Prisma World-Solution int\u00e9gr\u00e9e est simple, abordable, bas\u00e9e sur le web et peut \u00eatre adapt\u00e9e sur demande \u00e0 vos besoins sp\u00e9cifiques.\u00a0 Int\u00e9gr\u00e9\u00a0 Tous les modules Prisma sont coordonn\u00e9s et reli\u00e9s entre eux &#8211; pas de solutions isol\u00e9es !\u00a0 Simple La [&hellip;]<\/p>\n","protected":false},"author":1,"featured_media":1072,"parent":0,"menu_order":23,"comment_status":"closed","ping_status":"closed","template":"","meta":{"_acf_changed":false,"footnotes":""},"class_list":["post-1071","page","type-page","status-publish","has-post-thumbnail","hentry"],"acf":[],"yoast_head":"<!-- This site is optimized with the Yoast SEO plugin v27.5 - https:\/\/yoast.com\/product\/yoast-seo-wordpress\/ -->\n<title>Outils RH\u00a0 - Prisma World<\/title>\n<meta name=\"robots\" content=\"index, follow, max-snippet:-1, max-image-preview:large, max-video-preview:-1\" \/>\n<link rel=\"canonical\" href=\"https:\/\/www.prisma-world.ch\/fr\/hr-tools\/\" \/>\n<meta property=\"og:locale\" content=\"fr_FR\" \/>\n<meta property=\"og:type\" content=\"article\" \/>\n<meta property=\"og:title\" content=\"Outils RH\u00a0 - Prisma World\" \/>\n<meta property=\"og:description\" content=\"La Prisma World-Solution vous aide \u00e0 identifier, \u00e0 utiliser et \u00e0 d\u00e9velopper votre capital humain. La Prisma World-Solution int\u00e9gr\u00e9e est simple, abordable, bas\u00e9e sur le web et peut \u00eatre adapt\u00e9e sur demande \u00e0 vos besoins sp\u00e9cifiques.\u00a0 Int\u00e9gr\u00e9\u00a0 Tous les modules Prisma sont coordonn\u00e9s et reli\u00e9s entre eux &#8211; pas de solutions isol\u00e9es !\u00a0 Simple La [&hellip;]\" \/>\n<meta property=\"og:url\" content=\"https:\/\/www.prisma-world.ch\/fr\/hr-tools\/\" \/>\n<meta property=\"og:site_name\" content=\"Prisma World\" \/>\n<meta property=\"article:modified_time\" content=\"2025-01-24T05:33:55+00:00\" \/>\n<meta property=\"og:image\" content=\"https:\/\/www.prisma-world.ch\/wp-content\/uploads\/sites\/2\/2024\/11\/hr-tools.jpg\" \/>\n\t<meta property=\"og:image:width\" content=\"1199\" \/>\n\t<meta property=\"og:image:height\" content=\"300\" \/>\n\t<meta property=\"og:image:type\" content=\"image\/jpeg\" \/>\n<meta name=\"twitter:card\" content=\"summary_large_image\" \/>\n<meta name=\"twitter:label1\" content=\"Dur\u00e9e de lecture estim\u00e9e\" \/>\n\t<meta name=\"twitter:data1\" content=\"1 minute\" \/>\n<script type=\"application\/ld+json\" class=\"yoast-schema-graph\">{\"@context\":\"https:\\\/\\\/schema.org\",\"@graph\":[{\"@type\":\"WebPage\",\"@id\":\"https:\\\/\\\/www.prisma-world.ch\\\/fr\\\/hr-tools\\\/\",\"url\":\"https:\\\/\\\/www.prisma-world.ch\\\/fr\\\/hr-tools\\\/\",\"name\":\"Outils RH\u00a0 - Prisma World\",\"isPartOf\":{\"@id\":\"https:\\\/\\\/www.prisma-world.ch\\\/fr\\\/#website\"},\"primaryImageOfPage\":{\"@id\":\"https:\\\/\\\/www.prisma-world.ch\\\/fr\\\/hr-tools\\\/#primaryimage\"},\"image\":{\"@id\":\"https:\\\/\\\/www.prisma-world.ch\\\/fr\\\/hr-tools\\\/#primaryimage\"},\"thumbnailUrl\":\"https:\\\/\\\/www.prisma-world.ch\\\/wp-content\\\/uploads\\\/sites\\\/2\\\/2024\\\/11\\\/hr-tools.jpg\",\"datePublished\":\"2024-11-11T08:26:31+00:00\",\"dateModified\":\"2025-01-24T05:33:55+00:00\",\"inLanguage\":\"fr-FR\",\"potentialAction\":[{\"@type\":\"ReadAction\",\"target\":[\"https:\\\/\\\/www.prisma-world.ch\\\/fr\\\/hr-tools\\\/\"]}]},{\"@type\":\"ImageObject\",\"inLanguage\":\"fr-FR\",\"@id\":\"https:\\\/\\\/www.prisma-world.ch\\\/fr\\\/hr-tools\\\/#primaryimage\",\"url\":\"https:\\\/\\\/www.prisma-world.ch\\\/wp-content\\\/uploads\\\/sites\\\/2\\\/2024\\\/11\\\/hr-tools.jpg\",\"contentUrl\":\"https:\\\/\\\/www.prisma-world.ch\\\/wp-content\\\/uploads\\\/sites\\\/2\\\/2024\\\/11\\\/hr-tools.jpg\",\"width\":1199,\"height\":300},{\"@type\":\"WebSite\",\"@id\":\"https:\\\/\\\/www.prisma-world.ch\\\/fr\\\/#website\",\"url\":\"https:\\\/\\\/www.prisma-world.ch\\\/fr\\\/\",\"name\":\"Prisma World\",\"description\":\"More Success with People\",\"publisher\":{\"@id\":\"https:\\\/\\\/www.prisma-world.ch\\\/fr\\\/#organization\"},\"potentialAction\":[{\"@type\":\"SearchAction\",\"target\":{\"@type\":\"EntryPoint\",\"urlTemplate\":\"https:\\\/\\\/www.prisma-world.ch\\\/fr\\\/?s={search_term_string}\"},\"query-input\":{\"@type\":\"PropertyValueSpecification\",\"valueRequired\":true,\"valueName\":\"search_term_string\"}}],\"inLanguage\":\"fr-FR\"},{\"@type\":\"Organization\",\"@id\":\"https:\\\/\\\/www.prisma-world.ch\\\/fr\\\/#organization\",\"name\":\"Prisma World\",\"url\":\"https:\\\/\\\/www.prisma-world.ch\\\/fr\\\/\",\"logo\":{\"@type\":\"ImageObject\",\"inLanguage\":\"fr-FR\",\"@id\":\"https:\\\/\\\/www.prisma-world.ch\\\/fr\\\/#\\\/schema\\\/logo\\\/image\\\/\",\"url\":\"https:\\\/\\\/www.prisma-world.ch\\\/wp-content\\\/uploads\\\/sites\\\/2\\\/2026\\\/04\\\/PWO_20-Jahre_Kombi_RGB_alpha_DE_ohne-Rand_klein-1.png\",\"contentUrl\":\"https:\\\/\\\/www.prisma-world.ch\\\/wp-content\\\/uploads\\\/sites\\\/2\\\/2026\\\/04\\\/PWO_20-Jahre_Kombi_RGB_alpha_DE_ohne-Rand_klein-1.png\",\"width\":473,\"height\":189,\"caption\":\"Prisma World\"},\"image\":{\"@id\":\"https:\\\/\\\/www.prisma-world.ch\\\/fr\\\/#\\\/schema\\\/logo\\\/image\\\/\"}}]}<\/script>\n<!-- \/ Yoast SEO plugin. -->","yoast_head_json":{"title":"Outils RH\u00a0 - Prisma World","robots":{"index":"index","follow":"follow","max-snippet":"max-snippet:-1","max-image-preview":"max-image-preview:large","max-video-preview":"max-video-preview:-1"},"canonical":"https:\/\/www.prisma-world.ch\/fr\/hr-tools\/","og_locale":"fr_FR","og_type":"article","og_title":"Outils RH\u00a0 - Prisma World","og_description":"La Prisma World-Solution vous aide \u00e0 identifier, \u00e0 utiliser et \u00e0 d\u00e9velopper votre capital humain. La Prisma World-Solution int\u00e9gr\u00e9e est simple, abordable, bas\u00e9e sur le web et peut \u00eatre adapt\u00e9e sur demande \u00e0 vos besoins sp\u00e9cifiques.\u00a0 Int\u00e9gr\u00e9\u00a0 Tous les modules Prisma sont coordonn\u00e9s et reli\u00e9s entre eux &#8211; pas de solutions isol\u00e9es !\u00a0 Simple La [&hellip;]","og_url":"https:\/\/www.prisma-world.ch\/fr\/hr-tools\/","og_site_name":"Prisma World","article_modified_time":"2025-01-24T05:33:55+00:00","og_image":[{"width":1199,"height":300,"url":"https:\/\/www.prisma-world.ch\/wp-content\/uploads\/sites\/2\/2024\/11\/hr-tools.jpg","type":"image\/jpeg"}],"twitter_card":"summary_large_image","twitter_misc":{"Dur\u00e9e de lecture estim\u00e9e":"1 minute"},"schema":{"@context":"https:\/\/schema.org","@graph":[{"@type":"WebPage","@id":"https:\/\/www.prisma-world.ch\/fr\/hr-tools\/","url":"https:\/\/www.prisma-world.ch\/fr\/hr-tools\/","name":"Outils RH\u00a0 - Prisma World","isPartOf":{"@id":"https:\/\/www.prisma-world.ch\/fr\/#website"},"primaryImageOfPage":{"@id":"https:\/\/www.prisma-world.ch\/fr\/hr-tools\/#primaryimage"},"image":{"@id":"https:\/\/www.prisma-world.ch\/fr\/hr-tools\/#primaryimage"},"thumbnailUrl":"https:\/\/www.prisma-world.ch\/wp-content\/uploads\/sites\/2\/2024\/11\/hr-tools.jpg","datePublished":"2024-11-11T08:26:31+00:00","dateModified":"2025-01-24T05:33:55+00:00","inLanguage":"fr-FR","potentialAction":[{"@type":"ReadAction","target":["https:\/\/www.prisma-world.ch\/fr\/hr-tools\/"]}]},{"@type":"ImageObject","inLanguage":"fr-FR","@id":"https:\/\/www.prisma-world.ch\/fr\/hr-tools\/#primaryimage","url":"https:\/\/www.prisma-world.ch\/wp-content\/uploads\/sites\/2\/2024\/11\/hr-tools.jpg","contentUrl":"https:\/\/www.prisma-world.ch\/wp-content\/uploads\/sites\/2\/2024\/11\/hr-tools.jpg","width":1199,"height":300},{"@type":"WebSite","@id":"https:\/\/www.prisma-world.ch\/fr\/#website","url":"https:\/\/www.prisma-world.ch\/fr\/","name":"Prisma World","description":"More Success with People","publisher":{"@id":"https:\/\/www.prisma-world.ch\/fr\/#organization"},"potentialAction":[{"@type":"SearchAction","target":{"@type":"EntryPoint","urlTemplate":"https:\/\/www.prisma-world.ch\/fr\/?s={search_term_string}"},"query-input":{"@type":"PropertyValueSpecification","valueRequired":true,"valueName":"search_term_string"}}],"inLanguage":"fr-FR"},{"@type":"Organization","@id":"https:\/\/www.prisma-world.ch\/fr\/#organization","name":"Prisma World","url":"https:\/\/www.prisma-world.ch\/fr\/","logo":{"@type":"ImageObject","inLanguage":"fr-FR","@id":"https:\/\/www.prisma-world.ch\/fr\/#\/schema\/logo\/image\/","url":"https:\/\/www.prisma-world.ch\/wp-content\/uploads\/sites\/2\/2026\/04\/PWO_20-Jahre_Kombi_RGB_alpha_DE_ohne-Rand_klein-1.png","contentUrl":"https:\/\/www.prisma-world.ch\/wp-content\/uploads\/sites\/2\/2026\/04\/PWO_20-Jahre_Kombi_RGB_alpha_DE_ohne-Rand_klein-1.png","width":473,"height":189,"caption":"Prisma World"},"image":{"@id":"https:\/\/www.prisma-world.ch\/fr\/#\/schema\/logo\/image\/"}}]}},"_links":{"self":[{"href":"https:\/\/www.prisma-world.ch\/fr\/wp-json\/wp\/v2\/pages\/1071","targetHints":{"allow":["GET"]}}],"collection":[{"href":"https:\/\/www.prisma-world.ch\/fr\/wp-json\/wp\/v2\/pages"}],"about":[{"href":"https:\/\/www.prisma-world.ch\/fr\/wp-json\/wp\/v2\/types\/page"}],"author":[{"embeddable":true,"href":"https:\/\/www.prisma-world.ch\/fr\/wp-json\/wp\/v2\/users\/1"}],"replies":[{"embeddable":true,"href":"https:\/\/www.prisma-world.ch\/fr\/wp-json\/wp\/v2\/comments?post=1071"}],"version-history":[{"count":4,"href":"https:\/\/www.prisma-world.ch\/fr\/wp-json\/wp\/v2\/pages\/1071\/revisions"}],"predecessor-version":[{"id":1384,"href":"https:\/\/www.prisma-world.ch\/fr\/wp-json\/wp\/v2\/pages\/1071\/revisions\/1384"}],"wp:featuredmedia":[{"embeddable":true,"href":"https:\/\/www.prisma-world.ch\/fr\/wp-json\/wp\/v2\/media\/1072"}],"wp:attachment":[{"href":"https:\/\/www.prisma-world.ch\/fr\/wp-json\/wp\/v2\/media?parent=1071"}],"curies":[{"name":"wp","href":"https:\/\/api.w.org\/{rel}","templated":true}]}}