{"id":1058,"date":"2024-11-11T07:15:05","date_gmt":"2024-11-11T07:15:05","guid":{"rendered":"https:\/\/prisma-world.ch\/?page_id=1058"},"modified":"2025-01-24T05:33:55","modified_gmt":"2025-01-24T05:33:55","slug":"employer-branding","status":"publish","type":"page","link":"https:\/\/www.prisma-world.ch\/fr\/employer-branding\/","title":{"rendered":"Image de marque de l\u2019employeur\u00a0"},"content":{"rendered":"\n<p>Le consensus g\u00e9n\u00e9ral sur le fait que les collaborateurs constituent un facteur de r\u00e9ussite central pour l&rsquo;entreprise est de plus en plus compl\u00e9t\u00e9 par la reconnaissance du fait que l&rsquo;acquisition, le d\u00e9veloppement et la fid\u00e9lisation des bons collaborateurs en nombre suffisant constituent un d\u00e9fi d\u00e9cisif.\u00a0<\/p>\n\n\n\n<p><strong>Sur la base de la formule \u00ab Attirer + Engager + D\u00e9velopper + Reconna\u00eetre = Retenir ! \u00bb, nous avons d\u00e9velopp\u00e9 un concept concluant pour relever ce d\u00e9fi de mani\u00e8re efficace !\u00a0<\/strong><\/p>\n\n\n<div class=\"wp-block-image\">\n<figure class=\"aligncenter\"><a class=\"big\" href=\"https:\/\/prisma-world.ch-world\/wp-content\/uploads\/sites\/2\/2019\/11\/PWO_EmployerBranding_Grafik_EN_be4d07f8ea.jpg\"><img loading=\"lazy\" decoding=\"async\" width=\"808\" height=\"800\" src=\"https:\/\/prisma-world.ch-world\/wp-content\/uploads\/sites\/2\/2019\/11\/PWO_EmployerBranding_Grafik_EN_be4d07f8ea.jpg\" alt=\"\" class=\"wp-image-546\" srcset=\"https:\/\/www.prisma-world.ch\/wp-content\/uploads\/sites\/2\/2019\/11\/PWO_EmployerBranding_Grafik_EN_be4d07f8ea.jpg 808w, https:\/\/www.prisma-world.ch\/wp-content\/uploads\/sites\/2\/2019\/11\/PWO_EmployerBranding_Grafik_EN_be4d07f8ea-303x300.jpg 303w, https:\/\/www.prisma-world.ch\/wp-content\/uploads\/sites\/2\/2019\/11\/PWO_EmployerBranding_Grafik_EN_be4d07f8ea-768x760.jpg 768w, https:\/\/www.prisma-world.ch\/wp-content\/uploads\/sites\/2\/2019\/11\/PWO_EmployerBranding_Grafik_EN_be4d07f8ea-292x289.jpg 292w\" sizes=\"auto, (max-width: 808px) 100vw, 808px\" \/><\/a><\/figure>\n<\/div>\n\n\n<p class=\"has-text-align-center\"><strong>We successfully make this concept \u00ab\u00a0fly\u00a0\u00bb.<\/strong><\/p>\n\n\n\n<p><\/p>\n","protected":false},"excerpt":{"rendered":"<p>Le consensus g\u00e9n\u00e9ral sur le fait que les collaborateurs constituent un facteur de r\u00e9ussite central pour l&rsquo;entreprise est de plus en plus compl\u00e9t\u00e9 par la reconnaissance du fait que l&rsquo;acquisition, le d\u00e9veloppement et la fid\u00e9lisation des bons collaborateurs en nombre suffisant constituent un d\u00e9fi d\u00e9cisif.\u00a0 Sur la base de la formule \u00ab Attirer + Engager [&hellip;]<\/p>\n","protected":false},"author":1,"featured_media":1059,"parent":0,"menu_order":17,"comment_status":"closed","ping_status":"closed","template":"","meta":{"_acf_changed":false,"footnotes":""},"class_list":["post-1058","page","type-page","status-publish","has-post-thumbnail","hentry"],"acf":[],"yoast_head":"<!-- This site is optimized with the Yoast SEO plugin v27.4 - https:\/\/yoast.com\/product\/yoast-seo-wordpress\/ -->\n<title>Image de marque de l\u2019employeur\u00a0 - Prisma World<\/title>\n<meta name=\"robots\" content=\"index, follow, max-snippet:-1, max-image-preview:large, max-video-preview:-1\" \/>\n<link rel=\"canonical\" href=\"https:\/\/www.prisma-world.ch\/fr\/employer-branding\/\" \/>\n<meta property=\"og:locale\" content=\"fr_FR\" \/>\n<meta property=\"og:type\" content=\"article\" \/>\n<meta property=\"og:title\" content=\"Image de marque de l\u2019employeur\u00a0 - Prisma World\" \/>\n<meta property=\"og:description\" content=\"Le consensus g\u00e9n\u00e9ral sur le fait que les collaborateurs constituent un facteur de r\u00e9ussite central pour l&rsquo;entreprise est de plus en plus compl\u00e9t\u00e9 par la reconnaissance du fait que l&rsquo;acquisition, le d\u00e9veloppement et la fid\u00e9lisation des bons collaborateurs en nombre suffisant constituent un d\u00e9fi d\u00e9cisif.\u00a0 Sur la base de la formule \u00ab Attirer + Engager [&hellip;]\" \/>\n<meta property=\"og:url\" content=\"https:\/\/www.prisma-world.ch\/fr\/employer-branding\/\" \/>\n<meta property=\"og:site_name\" content=\"Prisma World\" \/>\n<meta property=\"article:modified_time\" content=\"2025-01-24T05:33:55+00:00\" \/>\n<meta property=\"og:image\" content=\"https:\/\/www.prisma-world.ch\/wp-content\/uploads\/sites\/2\/2024\/11\/employer-branding.jpg\" \/>\n\t<meta property=\"og:image:width\" content=\"1199\" \/>\n\t<meta property=\"og:image:height\" content=\"300\" \/>\n\t<meta property=\"og:image:type\" content=\"image\/jpeg\" \/>\n<meta name=\"twitter:card\" content=\"summary_large_image\" \/>\n<meta name=\"twitter:label1\" content=\"Dur\u00e9e de lecture estim\u00e9e\" \/>\n\t<meta name=\"twitter:data1\" content=\"1 minute\" \/>\n<script type=\"application\/ld+json\" class=\"yoast-schema-graph\">{\"@context\":\"https:\\\/\\\/schema.org\",\"@graph\":[{\"@type\":\"WebPage\",\"@id\":\"https:\\\/\\\/www.prisma-world.ch\\\/fr\\\/employer-branding\\\/\",\"url\":\"https:\\\/\\\/www.prisma-world.ch\\\/fr\\\/employer-branding\\\/\",\"name\":\"Image de marque de l\u2019employeur\u00a0 - Prisma World\",\"isPartOf\":{\"@id\":\"https:\\\/\\\/www.prisma-world.ch\\\/fr\\\/#website\"},\"primaryImageOfPage\":{\"@id\":\"https:\\\/\\\/www.prisma-world.ch\\\/fr\\\/employer-branding\\\/#primaryimage\"},\"image\":{\"@id\":\"https:\\\/\\\/www.prisma-world.ch\\\/fr\\\/employer-branding\\\/#primaryimage\"},\"thumbnailUrl\":\"https:\\\/\\\/www.prisma-world.ch\\\/wp-content\\\/uploads\\\/sites\\\/2\\\/2024\\\/11\\\/employer-branding.jpg\",\"datePublished\":\"2024-11-11T07:15:05+00:00\",\"dateModified\":\"2025-01-24T05:33:55+00:00\",\"inLanguage\":\"fr-FR\",\"potentialAction\":[{\"@type\":\"ReadAction\",\"target\":[\"https:\\\/\\\/www.prisma-world.ch\\\/fr\\\/employer-branding\\\/\"]}]},{\"@type\":\"ImageObject\",\"inLanguage\":\"fr-FR\",\"@id\":\"https:\\\/\\\/www.prisma-world.ch\\\/fr\\\/employer-branding\\\/#primaryimage\",\"url\":\"https:\\\/\\\/www.prisma-world.ch\\\/wp-content\\\/uploads\\\/sites\\\/2\\\/2024\\\/11\\\/employer-branding.jpg\",\"contentUrl\":\"https:\\\/\\\/www.prisma-world.ch\\\/wp-content\\\/uploads\\\/sites\\\/2\\\/2024\\\/11\\\/employer-branding.jpg\",\"width\":1199,\"height\":300},{\"@type\":\"WebSite\",\"@id\":\"https:\\\/\\\/www.prisma-world.ch\\\/fr\\\/#website\",\"url\":\"https:\\\/\\\/www.prisma-world.ch\\\/fr\\\/\",\"name\":\"Prisma World\",\"description\":\"More Success with People\",\"publisher\":{\"@id\":\"https:\\\/\\\/www.prisma-world.ch\\\/fr\\\/#organization\"},\"potentialAction\":[{\"@type\":\"SearchAction\",\"target\":{\"@type\":\"EntryPoint\",\"urlTemplate\":\"https:\\\/\\\/www.prisma-world.ch\\\/fr\\\/?s={search_term_string}\"},\"query-input\":{\"@type\":\"PropertyValueSpecification\",\"valueRequired\":true,\"valueName\":\"search_term_string\"}}],\"inLanguage\":\"fr-FR\"},{\"@type\":\"Organization\",\"@id\":\"https:\\\/\\\/www.prisma-world.ch\\\/fr\\\/#organization\",\"name\":\"Prisma World\",\"url\":\"https:\\\/\\\/www.prisma-world.ch\\\/fr\\\/\",\"logo\":{\"@type\":\"ImageObject\",\"inLanguage\":\"fr-FR\",\"@id\":\"https:\\\/\\\/www.prisma-world.ch\\\/fr\\\/#\\\/schema\\\/logo\\\/image\\\/\",\"url\":\"https:\\\/\\\/www.prisma-world.ch\\\/wp-content\\\/uploads\\\/sites\\\/2\\\/2026\\\/04\\\/PWO_20-Jahre_Kombi_RGB_alpha_DE_ohne-Rand_klein-1.png\",\"contentUrl\":\"https:\\\/\\\/www.prisma-world.ch\\\/wp-content\\\/uploads\\\/sites\\\/2\\\/2026\\\/04\\\/PWO_20-Jahre_Kombi_RGB_alpha_DE_ohne-Rand_klein-1.png\",\"width\":473,\"height\":189,\"caption\":\"Prisma World\"},\"image\":{\"@id\":\"https:\\\/\\\/www.prisma-world.ch\\\/fr\\\/#\\\/schema\\\/logo\\\/image\\\/\"}}]}<\/script>\n<!-- \/ Yoast SEO plugin. -->","yoast_head_json":{"title":"Image de marque de l\u2019employeur\u00a0 - Prisma World","robots":{"index":"index","follow":"follow","max-snippet":"max-snippet:-1","max-image-preview":"max-image-preview:large","max-video-preview":"max-video-preview:-1"},"canonical":"https:\/\/www.prisma-world.ch\/fr\/employer-branding\/","og_locale":"fr_FR","og_type":"article","og_title":"Image de marque de l\u2019employeur\u00a0 - Prisma World","og_description":"Le consensus g\u00e9n\u00e9ral sur le fait que les collaborateurs constituent un facteur de r\u00e9ussite central pour l&rsquo;entreprise est de plus en plus compl\u00e9t\u00e9 par la reconnaissance du fait que l&rsquo;acquisition, le d\u00e9veloppement et la fid\u00e9lisation des bons collaborateurs en nombre suffisant constituent un d\u00e9fi d\u00e9cisif.\u00a0 Sur la base de la formule \u00ab Attirer + Engager [&hellip;]","og_url":"https:\/\/www.prisma-world.ch\/fr\/employer-branding\/","og_site_name":"Prisma World","article_modified_time":"2025-01-24T05:33:55+00:00","og_image":[{"width":1199,"height":300,"url":"https:\/\/www.prisma-world.ch\/wp-content\/uploads\/sites\/2\/2024\/11\/employer-branding.jpg","type":"image\/jpeg"}],"twitter_card":"summary_large_image","twitter_misc":{"Dur\u00e9e de lecture estim\u00e9e":"1 minute"},"schema":{"@context":"https:\/\/schema.org","@graph":[{"@type":"WebPage","@id":"https:\/\/www.prisma-world.ch\/fr\/employer-branding\/","url":"https:\/\/www.prisma-world.ch\/fr\/employer-branding\/","name":"Image de marque de l\u2019employeur\u00a0 - Prisma World","isPartOf":{"@id":"https:\/\/www.prisma-world.ch\/fr\/#website"},"primaryImageOfPage":{"@id":"https:\/\/www.prisma-world.ch\/fr\/employer-branding\/#primaryimage"},"image":{"@id":"https:\/\/www.prisma-world.ch\/fr\/employer-branding\/#primaryimage"},"thumbnailUrl":"https:\/\/www.prisma-world.ch\/wp-content\/uploads\/sites\/2\/2024\/11\/employer-branding.jpg","datePublished":"2024-11-11T07:15:05+00:00","dateModified":"2025-01-24T05:33:55+00:00","inLanguage":"fr-FR","potentialAction":[{"@type":"ReadAction","target":["https:\/\/www.prisma-world.ch\/fr\/employer-branding\/"]}]},{"@type":"ImageObject","inLanguage":"fr-FR","@id":"https:\/\/www.prisma-world.ch\/fr\/employer-branding\/#primaryimage","url":"https:\/\/www.prisma-world.ch\/wp-content\/uploads\/sites\/2\/2024\/11\/employer-branding.jpg","contentUrl":"https:\/\/www.prisma-world.ch\/wp-content\/uploads\/sites\/2\/2024\/11\/employer-branding.jpg","width":1199,"height":300},{"@type":"WebSite","@id":"https:\/\/www.prisma-world.ch\/fr\/#website","url":"https:\/\/www.prisma-world.ch\/fr\/","name":"Prisma World","description":"More Success with People","publisher":{"@id":"https:\/\/www.prisma-world.ch\/fr\/#organization"},"potentialAction":[{"@type":"SearchAction","target":{"@type":"EntryPoint","urlTemplate":"https:\/\/www.prisma-world.ch\/fr\/?s={search_term_string}"},"query-input":{"@type":"PropertyValueSpecification","valueRequired":true,"valueName":"search_term_string"}}],"inLanguage":"fr-FR"},{"@type":"Organization","@id":"https:\/\/www.prisma-world.ch\/fr\/#organization","name":"Prisma World","url":"https:\/\/www.prisma-world.ch\/fr\/","logo":{"@type":"ImageObject","inLanguage":"fr-FR","@id":"https:\/\/www.prisma-world.ch\/fr\/#\/schema\/logo\/image\/","url":"https:\/\/www.prisma-world.ch\/wp-content\/uploads\/sites\/2\/2026\/04\/PWO_20-Jahre_Kombi_RGB_alpha_DE_ohne-Rand_klein-1.png","contentUrl":"https:\/\/www.prisma-world.ch\/wp-content\/uploads\/sites\/2\/2026\/04\/PWO_20-Jahre_Kombi_RGB_alpha_DE_ohne-Rand_klein-1.png","width":473,"height":189,"caption":"Prisma World"},"image":{"@id":"https:\/\/www.prisma-world.ch\/fr\/#\/schema\/logo\/image\/"}}]}},"_links":{"self":[{"href":"https:\/\/www.prisma-world.ch\/fr\/wp-json\/wp\/v2\/pages\/1058","targetHints":{"allow":["GET"]}}],"collection":[{"href":"https:\/\/www.prisma-world.ch\/fr\/wp-json\/wp\/v2\/pages"}],"about":[{"href":"https:\/\/www.prisma-world.ch\/fr\/wp-json\/wp\/v2\/types\/page"}],"author":[{"embeddable":true,"href":"https:\/\/www.prisma-world.ch\/fr\/wp-json\/wp\/v2\/users\/1"}],"replies":[{"embeddable":true,"href":"https:\/\/www.prisma-world.ch\/fr\/wp-json\/wp\/v2\/comments?post=1058"}],"version-history":[{"count":3,"href":"https:\/\/www.prisma-world.ch\/fr\/wp-json\/wp\/v2\/pages\/1058\/revisions"}],"predecessor-version":[{"id":1253,"href":"https:\/\/www.prisma-world.ch\/fr\/wp-json\/wp\/v2\/pages\/1058\/revisions\/1253"}],"wp:featuredmedia":[{"embeddable":true,"href":"https:\/\/www.prisma-world.ch\/fr\/wp-json\/wp\/v2\/media\/1059"}],"wp:attachment":[{"href":"https:\/\/www.prisma-world.ch\/fr\/wp-json\/wp\/v2\/media?parent=1058"}],"curies":[{"name":"wp","href":"https:\/\/api.w.org\/{rel}","templated":true}]}}